{"id":9746,"date":"2023-07-20T13:32:40","date_gmt":"2023-07-20T13:32:40","guid":{"rendered":"https:\/\/aismuhendislik.com\/?post_type=product&#038;p=9746"},"modified":"2025-05-23T12:22:44","modified_gmt":"2025-05-23T09:22:44","slug":"rulman-isiticilar","status":"publish","type":"product","link":"https:\/\/aismuhendislik.com\/tr\/urun\/rulman-isiticilar\/","title":{"rendered":"Rulman Is\u0131t\u0131c\u0131lar"},"content":{"rendered":"<p><strong>DCL-T;<\/strong><\/p>\n<table width=\"489\">\n<tbody>\n<tr>\n<td width=\"316\">Model<\/td>\n<td width=\"173\">DCL-T<\/td>\n<\/tr>\n<tr>\n<td>Max \u00c7\u0131k\u0131\u015f G\u00fcc\u00fc<\/td>\n<td>500-1000 W<\/td>\n<\/tr>\n<tr>\n<td>Giri\u015f Voltaj\u0131<\/td>\n<td>AC 220-240 V \/ 50 Hz \/ 60 Hz<\/td>\n<\/tr>\n<tr>\n<td>Elektrik Ak\u0131m\u0131<\/td>\n<td>2.3-4.5 A (Otomatik)<\/td>\n<\/tr>\n<tr>\n<td>\u00c7al\u0131\u015fma S\u0131cakl\u0131\u011f\u0131<\/td>\n<td>0-180\u00b0C<\/td>\n<\/tr>\n<tr>\n<td>Max Rulman D\u0131\u015f \u00c7ap\u0131<\/td>\n<td>260 mm<\/td>\n<\/tr>\n<tr>\n<td>Max Rulman \u0130\u00e7 \u00c7ap\u0131<\/td>\n<td>20-120 mm<\/td>\n<\/tr>\n<tr>\n<td>Max Rulman A\u011f\u0131rl\u0131k<\/td>\n<td>15 kg<\/td>\n<\/tr>\n<tr>\n<td>Demanyetizasyon<\/td>\n<td>Var<\/td>\n<\/tr>\n<tr>\n<td>Art\u0131k Magnatik<\/td>\n<td>2 A \/ C&#8217;den Az<\/td>\n<\/tr>\n<tr>\n<td>So\u011futma Sistemi<\/td>\n<td>G\u00fc\u00e7l\u00fc Hava So\u011futma<\/td>\n<\/tr>\n<tr>\n<td>D\u0131\u015f Kabuk Malzeme<\/td>\n<td>ABS Kompozit Malzeme<\/td>\n<\/tr>\n<tr>\n<td>Boyut \/ Net A\u011f\u0131rl\u0131k<\/td>\n<td>400\u00d7210\u00d7300 mm \/ 3 kg<\/td>\n<\/tr>\n<\/tbody>\n<\/table>\n<p>&nbsp;<\/p>\n<table width=\"711\">\n<tbody>\n<tr>\n<td width=\"316\">Model<\/td>\n<td width=\"127\">DX-2,0<\/td>\n<td width=\"165\">DX-3,6<\/td>\n<td width=\"103\">DX-5,0<\/td>\n<\/tr>\n<tr>\n<td>G\u00fc\u00e7<\/td>\n<td>2.0 kVA<\/td>\n<td>3.6 kVA<\/td>\n<td>5.0 kVA<\/td>\n<\/tr>\n<tr>\n<td>Gerilim<\/td>\n<td>220 V<\/td>\n<td>220 V<\/td>\n<td>380 V<\/td>\n<\/tr>\n<tr>\n<td>Elektrik Ak\u0131m\u0131<\/td>\n<td>9A<\/td>\n<td>16A<\/td>\n<td>13A<\/td>\n<\/tr>\n<tr>\n<td>Rulman \u0130\u00e7 \u00c7ap\u0131<\/td>\n<td>&gt; 15 mm<\/td>\n<td>&gt; 30 mm<\/td>\n<td>&gt; 30 mm<\/td>\n<\/tr>\n<tr>\n<td>Rulman Max D\u0131\u015f \u00c7ap\u0131<\/td>\n<td>400 mm<\/td>\n<td>500 mm<\/td>\n<td>500 mm<\/td>\n<\/tr>\n<tr>\n<td>Max Yatak Geni\u015fli\u011fi<\/td>\n<td>140 mm<\/td>\n<td>140 mm<\/td>\n<td>140 mm<\/td>\n<\/tr>\n<tr>\n<td>Rulman Maksimum A\u011f\u0131rl\u0131\u011f\u0131<\/td>\n<td>25 kg<\/td>\n<td>40 kg<\/td>\n<td>65 kg<\/td>\n<\/tr>\n<tr>\n<td>Otomatik Demanyetizasyon<\/td>\n<td>Var<\/td>\n<td>Var<\/td>\n<td>Var<\/td>\n<\/tr>\n<tr>\n<td>Is\u0131tma Boyunduru\u011fu Kesiti<\/td>\n<td width=\"127\">10\u00d710 mm<br \/>\n24\u00d724 mm<br \/>\n40\u00d740 mm<\/td>\n<td width=\"165\">20\u00d720 mm<br \/>\n30\u00d730 mm<br \/>\n40\u00d740 mm<br \/>\n60\u00d760 mm<\/td>\n<td width=\"103\">20\u00d720 mm<br \/>\n30\u00d730 mm<br \/>\n40\u00d740 mm<br \/>\n60\u00d760 mm<\/td>\n<\/tr>\n<\/tbody>\n<\/table>\n<div id=\"gtx-trans\" style=\"position: absolute; left: 623px; top: 807px;\">\n<div class=\"gtx-trans-icon\"><\/div>\n<\/div>\n","protected":false},"excerpt":{"rendered":"<p>\u0130nd\u00fcksiyonlu rulman \u0131s\u0131t\u0131c\u0131lar\u0131m\u0131z, rulmanlar\u0131n ve di\u011fer metal bile\u015fenlerin g\u00fcvenli, h\u0131zl\u0131 ve kontroll\u00fc bir \u015fekilde \u0131s\u0131t\u0131lmas\u0131n\u0131 sa\u011flar. Bu modern \u0131s\u0131tma y\u00f6ntemi, geleneksel tekniklere g\u00f6re bir\u00e7ok avantaj sunar.<\/p>\n<p><strong>Rulman Tip \u0130nd\u00fcksiyonlu Is\u0131t\u0131c\u0131n\u0131n Avantajlar\u0131:<\/strong><\/p>\n<p>Portatif: Ta\u015f\u0131nabilir ve hafiftir. Kolay bir kullan\u0131ma sahiptir.<br \/>\nEnerji Verimlili\u011fi: \u0130nd\u00fcksiyonlu \u0131s\u0131t\u0131c\u0131lar, enerji tasarrufu sa\u011flar ve \u00e7evre dostudur.<br \/>\nH\u0131z ve Kontrol: Rulmanlar\u0131 h\u0131zl\u0131 ve kontroll\u00fc bir \u015fekilde \u0131s\u0131tarak, montaj s\u00fcre\u00e7lerini h\u0131zland\u0131r\u0131r.<br \/>\nG\u00fcvenlik: A\u00e7\u0131k alev veya s\u0131cak ya\u011f kullan\u0131m\u0131n\u0131 ortadan kald\u0131rarak, operat\u00f6r g\u00fcvenli\u011fini art\u0131r\u0131r ve i\u015f kazalar\u0131n\u0131 azalt\u0131r.<br \/>\nTemizlik: Ya\u011f banyolar\u0131n\u0131n aksine, ind\u00fcksiyonlu \u0131s\u0131tma temiz bir s\u00fcre\u00e7tir ve rulmanlar\u0131n kirlenmesini \u00f6nler.<\/p>\n<p><strong>Geleneksel Y\u00f6ntemlerin Dezavantajlar\u0131:<\/strong><\/p>\n<p>-A\u00e7\u0131k Alev Kullan\u0131m\u0131: Rulmanlar\u0131 a\u00e7\u0131k alevle \u0131s\u0131tmak, kontrols\u00fcz ve etkisiz olmas\u0131n\u0131n yan\u0131 s\u0131ra, rulmanlara zarar verebilir ve g\u00fcvenlik riskleri olu\u015fturur.<br \/>\n-Ya\u011f Banyolar\u0131: Ya\u011f banyolar\u0131nda istenilen s\u0131cakl\u0131\u011fa ula\u015fmak zaman al\u0131r ve s\u0131cakl\u0131k kontrol\u00fc zordur. Ayr\u0131ca, kirli ya\u011f rulmanlar\u0131n kirlenmesine ve erken a\u015f\u0131nmas\u0131na neden olabilir. S\u0131cak ve kaygan rulmanlar, operat\u00f6rler i\u00e7in tehlike arz eder.<br \/>\n-F\u0131r\u0131nlar ve Is\u0131tma Plakalar\u0131: Bu y\u00f6ntemler k\u00fc\u00e7\u00fck rulmanlar i\u00e7in uygun olsa da, b\u00fcy\u00fck rulmanlar\u0131n \u0131s\u0131t\u0131lmas\u0131nda yetersiz kal\u0131r ve operat\u00f6rlerin yaralanma riskini art\u0131r\u0131r.<\/p>\n<p>\u0130nd\u00fcksiyonlu rulman \u0131s\u0131t\u0131c\u0131lar\u0131m\u0131z, ergonomik tasar\u0131m\u0131 ve kullan\u0131c\u0131 dostu aray\u00fcz\u00fc ile i\u015fletmenizin verimlili\u011fini art\u0131r\u0131rken, g\u00fcvenli ve temiz bir \u00e7al\u0131\u015fma ortam\u0131 sa\u011flar.<\/p>\n<p>https:\/\/www.youtube.com\/watch?v=oQ0NOeBzcYw&amp;ab_channel=AisM%C3%BChendislik<\/p>\n","protected":false},"featured_media":9747,"comment_status":"closed","ping_status":"closed","template":"","meta":[],"product_brand":[],"product_cat":[72],"product_tag":[],"class_list":{"0":"post-9746","1":"product","2":"type-product","3":"status-publish","4":"has-post-thumbnail","6":"product_cat-induksiyon-isitma-sistemleri","8":"first","9":"instock","10":"shipping-taxable","11":"product-type-simple"},"_links":{"self":[{"href":"https:\/\/aismuhendislik.com\/tr\/wp-json\/wp\/v2\/product\/9746","targetHints":{"allow":["GET"]}}],"collection":[{"href":"https:\/\/aismuhendislik.com\/tr\/wp-json\/wp\/v2\/product"}],"about":[{"href":"https:\/\/aismuhendislik.com\/tr\/wp-json\/wp\/v2\/types\/product"}],"replies":[{"embeddable":true,"href":"https:\/\/aismuhendislik.com\/tr\/wp-json\/wp\/v2\/comments?post=9746"}],"wp:featuredmedia":[{"embeddable":true,"href":"https:\/\/aismuhendislik.com\/tr\/wp-json\/wp\/v2\/media\/9747"}],"wp:attachment":[{"href":"https:\/\/aismuhendislik.com\/tr\/wp-json\/wp\/v2\/media?parent=9746"}],"wp:term":[{"taxonomy":"product_brand","embeddable":true,"href":"https:\/\/aismuhendislik.com\/tr\/wp-json\/wp\/v2\/product_brand?post=9746"},{"taxonomy":"product_cat","embeddable":true,"href":"https:\/\/aismuhendislik.com\/tr\/wp-json\/wp\/v2\/product_cat?post=9746"},{"taxonomy":"product_tag","embeddable":true,"href":"https:\/\/aismuhendislik.com\/tr\/wp-json\/wp\/v2\/product_tag?post=9746"}],"curies":[{"name":"wp","href":"https:\/\/api.w.org\/{rel}","templated":true}]}}