{"id":9741,"date":"2023-07-20T13:10:23","date_gmt":"2023-07-20T13:10:23","guid":{"rendered":"https:\/\/aismuhendislik.com\/?post_type=product&#038;p=9741"},"modified":"2025-05-23T12:23:01","modified_gmt":"2025-05-23T09:23:01","slug":"el-tipi-induksiyon-isiticilar","status":"publish","type":"product","link":"https:\/\/aismuhendislik.com\/tr\/urun\/el-tipi-induksiyon-isiticilar\/","title":{"rendered":"El Tipi \u0130nd\u00fcksiyon Is\u0131t\u0131c\u0131lar"},"content":{"rendered":"<p><strong>A\u0130S-1000;<\/strong><\/p>\n<table width=\"338\">\n<tbody>\n<tr>\n<td width=\"173\">Model<\/td>\n<td width=\"165\">AIS-1000<\/td>\n<\/tr>\n<tr>\n<td>Maksimum G\u00fc\u00e7 \u00c7\u0131k\u0131\u015f<\/td>\n<td>1000 W<\/td>\n<\/tr>\n<tr>\n<td>Giri\u015f Gerilimi<\/td>\n<td>AC 230 V Tek Faz 50\/60 Hz<\/td>\n<\/tr>\n<tr>\n<td>Maksimum Giri\u015f Ak\u0131m\u0131<\/td>\n<td>5.5 Amp<\/td>\n<\/tr>\n<tr>\n<td>Giri\u015f Voltaj\u0131<\/td>\n<td>12 V<\/td>\n<\/tr>\n<tr>\n<td>\u00c7\u0131k\u0131\u015f Ak\u0131m\u0131<\/td>\n<td>60 A<\/td>\n<\/tr>\n<tr>\n<td>Net A\u011f\u0131rl\u0131k<\/td>\n<td>3.87 kg<\/td>\n<\/tr>\n<tr>\n<td>Br\u00fct A\u011f\u0131rl\u0131k<\/td>\n<td>4.9 kg<\/td>\n<\/tr>\n<tr>\n<td>\u00c7\u0131k\u0131\u015f Kablosu Uzunlu\u011fu<\/td>\n<td>1.8 m<\/td>\n<\/tr>\n<tr>\n<td>\u00c7al\u0131\u015fma S\u00fcresi<\/td>\n<td>En fazla 2 dk<\/td>\n<\/tr>\n<\/tbody>\n<\/table>\n<p><strong>A\u0130S-2000;<\/strong><\/p>\n<table width=\"338\">\n<tbody>\n<tr>\n<td width=\"173\">Model<\/td>\n<td width=\"165\">AIS-2000<\/td>\n<\/tr>\n<tr>\n<td>Maksimum G\u00fc\u00e7 \u00c7\u0131k\u0131\u015f<\/td>\n<td>2000 W<\/td>\n<\/tr>\n<tr>\n<td>Giri\u015f Voltaj\u0131<\/td>\n<td>7A 230V Tek Faz<\/td>\n<\/tr>\n<tr>\n<td>\u00c7al\u0131\u015fma Frekans\u0131<\/td>\n<td>100 kHZ<\/td>\n<\/tr>\n<tr>\n<td>S\u00fcrekli \u00c7al\u0131\u015fma S\u00fcresi<\/td>\n<td>Yakla\u015f\u0131k 5 dk<\/td>\n<\/tr>\n<tr>\n<td>\u00c7al\u0131\u015fma Ortam\u0131 S\u0131cakl\u0131\u011f\u0131<\/td>\n<td>-5<b>\u00b0<\/b> <b>&#8211; <\/b>40\u00b0 C<\/td>\n<\/tr>\n<tr>\n<td>\u00c7\u0131k\u0131\u015f Voltaj\u0131 \/ Ak\u0131m<\/td>\n<td>16V \/ 185 A<\/td>\n<\/tr>\n<tr>\n<td>\u00c7\u0131k\u0131\u015f Kablosu Uzunlu\u011fu<\/td>\n<td>1.5 m<\/td>\n<\/tr>\n<tr>\n<td>Ebatlar<\/td>\n<td>W295xL165xH210 mm<\/td>\n<\/tr>\n<tr>\n<td>A\u011f\u0131rl\u0131k<\/td>\n<td>6.8 kg<\/td>\n<\/tr>\n<\/tbody>\n<\/table>\n<p><strong>A\u0130S-3000;<\/strong><\/p>\n<table width=\"338\">\n<tbody>\n<tr>\n<td width=\"173\">Model<\/td>\n<td width=\"165\">AIS-3000<\/td>\n<\/tr>\n<tr>\n<td>Maksimum G\u00fc\u00e7 \u00c7\u0131k\u0131\u015f<\/td>\n<td>3000 W<\/td>\n<\/tr>\n<tr>\n<td>Giri\u015f Voltaj\u0131<\/td>\n<td>7A 230V Tek Faz<\/td>\n<\/tr>\n<tr>\n<td>\u00c7al\u0131\u015fma Frekans\u0131<\/td>\n<td>100 kHZ<\/td>\n<\/tr>\n<tr>\n<td>S\u00fcrekli \u00c7al\u0131\u015fma S\u00fcresi<\/td>\n<td>Yakla\u015f\u0131k 8 dk<\/td>\n<\/tr>\n<tr>\n<td>\u00c7al\u0131\u015fma Ortam\u0131 S\u0131cakl\u0131\u011f\u0131<\/td>\n<td>\u00a0-5<b>\u00b0<\/b> <b>&#8211; <\/b>40\u00b0 C<\/td>\n<\/tr>\n<tr>\n<td>\u00c7\u0131k\u0131\u015f Voltaj\u0131 \/ Ak\u0131m<\/td>\n<td>16V \/ 120 A<\/td>\n<\/tr>\n<tr>\n<td>\u00c7\u0131k\u0131\u015f Kablosu Uzunlu\u011fu<\/td>\n<td>2.4 m<\/td>\n<\/tr>\n<tr>\n<td>Ebatlar<\/td>\n<td>\u00a0W295xL185xH210 mm<\/td>\n<\/tr>\n<tr>\n<td>A\u011f\u0131rl\u0131k<\/td>\n<td>7.3 kg<\/td>\n<\/tr>\n<\/tbody>\n<\/table>\n<p>&nbsp;<\/p>\n","protected":false},"excerpt":{"rendered":"<p class=\"\" data-start=\"153\" data-end=\"422\">El Tipi \u0130nd\u00fcksiyon Is\u0131t\u0131c\u0131lar, y\u00fcksek frekansl\u0131 elektromanyetik alanla metal par\u00e7alar\u0131 h\u0131zl\u0131 ve temass\u0131z bir \u015fekilde \u0131s\u0131tmak amac\u0131yla geli\u015ftirilmi\u015ftir. Mobil kullan\u0131ma uygun bu kompakt sistemler, bak\u0131m, onar\u0131m ve \u00fcretim s\u00fcre\u00e7lerinde geni\u015f bir uygulama alan\u0131na sahiptir.<\/p>\n<p class=\"\" data-start=\"424\" data-end=\"446\"><strong data-start=\"424\" data-end=\"446\">Kullan\u0131m Alanlar\u0131:<\/strong><\/p>\n<ul data-start=\"447\" data-end=\"1600\">\n<li class=\"\" data-start=\"447\" data-end=\"574\">\n<p class=\"\" data-start=\"449\" data-end=\"574\">Pasl\u0131 civata ve somunlar\u0131n s\u00f6k\u00fclmesi: Ara\u00e7 ve makinelerde korozyona u\u011fram\u0131\u015f ba\u011flant\u0131 elemanlar\u0131n\u0131n zahmetsiz s\u00f6k\u00fclmesi.<\/p>\n<\/li>\n<li class=\"\" data-start=\"575\" data-end=\"702\">\n<p class=\"\" data-start=\"577\" data-end=\"702\">El aletlerinin sertle\u015ftirilmesi: Mengene, pense, \u00e7eki\u00e7, anahtar gibi \u00e7elik el aletlerinin lokal sertle\u015ftirme i\u015flemleri.<\/p>\n<\/li>\n<li class=\"\" data-start=\"703\" data-end=\"836\">\n<p class=\"\" data-start=\"705\" data-end=\"836\">\u00dcretim ve montaj hatlar\u0131nda par\u00e7a \u0131s\u0131tma: Makine par\u00e7alar\u0131, hassas ekipmanlar ve metal enstr\u00fcmanlar\u0131n s\u00f6kme\/\u0131s\u0131tma i\u015flemleri.<\/p>\n<\/li>\n<li class=\"\" data-start=\"837\" data-end=\"904\">\n<p class=\"\" data-start=\"839\" data-end=\"904\">Di\u015fli, kasnak, rulman gibi par\u00e7alar\u0131n yerinden \u00e7\u0131kar\u0131lmas\u0131.<\/p>\n<\/li>\n<li class=\"\" data-start=\"905\" data-end=\"965\">\n<p class=\"\" data-start=\"907\" data-end=\"965\">Elektrikli el aletlerinde millerin sertle\u015ftirilmesi.<\/p>\n<\/li>\n<li class=\"\" data-start=\"966\" data-end=\"1036\">\n<p class=\"\" data-start=\"968\" data-end=\"1036\">Di\u015fli ve testere b\u0131\u00e7aklar\u0131n\u0131n kaynak ve menevi\u015fleme i\u015flemleri.<\/p>\n<\/li>\n<li class=\"\" data-start=\"1037\" data-end=\"1113\">\n<p class=\"\" data-start=\"1039\" data-end=\"1113\">Tak\u0131, saat, g\u00fcm\u00fc\u015f \u00e7er\u00e7eve ve hassas par\u00e7alar\u0131n kayna\u011f\u0131 ve tavlamas\u0131.<\/p>\n<\/li>\n<li class=\"\" data-start=\"1114\" data-end=\"1221\">\n<p class=\"\" data-start=\"1116\" data-end=\"1221\">Elektronik end\u00fcstrisinde lehimleme: \u0130nce teller, elektronik bile\u015fenler ve g\u00fcm\u00fc\u015f lehim uygulamalar\u0131.<\/p>\n<\/li>\n<li class=\"\" data-start=\"1222\" data-end=\"1292\">\n<p class=\"\" data-start=\"1224\" data-end=\"1292\">Elektromekanik par\u00e7alarda sert lehim ve temperleme (menevi\u015fleme) i\u015flemleri.<\/p>\n<\/li>\n<li class=\"\" data-start=\"1293\" data-end=\"1371\">\n<p class=\"\" data-start=\"1295\" data-end=\"1371\">Tel ve oyuncak end\u00fcstrisinde ince par\u00e7alar\u0131n tavlamas\u0131 ve temperlemesi (menevi\u015flemesi).<\/p>\n<\/li>\n<li class=\"\" data-start=\"1372\" data-end=\"1476\">\n<p class=\"\" data-start=\"1374\" data-end=\"1476\">Hidrolik sistem bile\u015fenlerinin sertle\u015ftirilmesi: Pompa pistonlar\u0131, valf milleri, di\u015fli par\u00e7alar.<\/p>\n<\/li>\n<li class=\"\" data-start=\"1477\" data-end=\"1600\">\n<p class=\"\" data-start=\"1479\" data-end=\"1600\">Otomotiv ve motosiklet par\u00e7alar\u0131n\u0131n lokal \u0131s\u0131l i\u015flemleri: Krank mili, biyel kolu, valf, di\u015fli, \u015fanz\u0131man par\u00e7alar\u0131 vb.<\/p>\n<\/li>\n<\/ul>\n<p class=\"\" data-start=\"1602\" data-end=\"1618\"><strong data-start=\"1602\" data-end=\"1618\">Avantajlar\u0131:<\/strong><\/p>\n<ul data-start=\"1619\" data-end=\"1778\">\n<li class=\"\" data-start=\"1619\" data-end=\"1651\">\n<p class=\"\" data-start=\"1621\" data-end=\"1651\">Noktasal ve kontroll\u00fc \u0131s\u0131tma<\/p>\n<\/li>\n<li class=\"\" data-start=\"1652\" data-end=\"1686\">\n<p class=\"\" data-start=\"1654\" data-end=\"1686\">Temass\u0131z ve h\u0131zl\u0131 i\u015flem s\u00fcresi<\/p>\n<\/li>\n<li class=\"\" data-start=\"1687\" data-end=\"1725\">\n<p class=\"\" data-start=\"1689\" data-end=\"1725\">Ta\u015f\u0131nabilir yap\u0131 ve kolay kullan\u0131m<\/p>\n<\/li>\n<li class=\"\" data-start=\"1726\" data-end=\"1778\">\n<p class=\"\" data-start=\"1728\" data-end=\"1778\">A\u015f\u0131r\u0131 \u0131s\u0131ya gerek kalmadan lokal m\u00fcdahale imkan\u0131<\/p>\n<\/li>\n<\/ul>\n<p class=\"\" data-start=\"1780\" data-end=\"1916\">El Tipi \u0130nd\u00fcksiyon Is\u0131t\u0131c\u0131lar, hem bak\u0131m-onar\u0131m s\u00fcre\u00e7lerini kolayla\u015ft\u0131r\u0131r hem de hassas \u00fcretim uygulamalar\u0131nda y\u00fcksek verimlilik sa\u011flar.<\/p>\n<p>https:\/\/www.youtube.com\/watch?v=hlEVFXQHRHQ&amp;list=PLJ6UXKU-J4nJT28zz9xfMtZD7Z6g-4fgu&amp;index=14&amp;ab_channel=AisM%C3%BChendislik<\/p>\n","protected":false},"featured_media":9869,"comment_status":"closed","ping_status":"closed","template":"","meta":[],"product_brand":[],"product_cat":[72],"product_tag":[],"class_list":{"0":"post-9741","1":"product","2":"type-product","3":"status-publish","4":"has-post-thumbnail","6":"product_cat-induksiyon-isitma-sistemleri","8":"first","9":"instock","10":"shipping-taxable","11":"product-type-simple"},"_links":{"self":[{"href":"https:\/\/aismuhendislik.com\/tr\/wp-json\/wp\/v2\/product\/9741","targetHints":{"allow":["GET"]}}],"collection":[{"href":"https:\/\/aismuhendislik.com\/tr\/wp-json\/wp\/v2\/product"}],"about":[{"href":"https:\/\/aismuhendislik.com\/tr\/wp-json\/wp\/v2\/types\/product"}],"replies":[{"embeddable":true,"href":"https:\/\/aismuhendislik.com\/tr\/wp-json\/wp\/v2\/comments?post=9741"}],"wp:featuredmedia":[{"embeddable":true,"href":"https:\/\/aismuhendislik.com\/tr\/wp-json\/wp\/v2\/media\/9869"}],"wp:attachment":[{"href":"https:\/\/aismuhendislik.com\/tr\/wp-json\/wp\/v2\/media?parent=9741"}],"wp:term":[{"taxonomy":"product_brand","embeddable":true,"href":"https:\/\/aismuhendislik.com\/tr\/wp-json\/wp\/v2\/product_brand?post=9741"},{"taxonomy":"product_cat","embeddable":true,"href":"https:\/\/aismuhendislik.com\/tr\/wp-json\/wp\/v2\/product_cat?post=9741"},{"taxonomy":"product_tag","embeddable":true,"href":"https:\/\/aismuhendislik.com\/tr\/wp-json\/wp\/v2\/product_tag?post=9741"}],"curies":[{"name":"wp","href":"https:\/\/api.w.org\/{rel}","templated":true}]}}