{"id":10472,"date":"2025-02-27T18:29:07","date_gmt":"2025-02-27T15:29:07","guid":{"rendered":"https:\/\/aismuhendislik.com\/?post_type=product&#038;p=10472"},"modified":"2025-02-28T14:09:11","modified_gmt":"2025-02-28T11:09:11","slug":"keylink-pl-b3150-online-plazma-yuzey-islem-sistemi-otomatik","status":"publish","type":"product","link":"https:\/\/aismuhendislik.com\/tr\/urun\/keylink-pl-b3150-online-plazma-yuzey-islem-sistemi-otomatik\/","title":{"rendered":"KeyLink PL-B3150 Online Plazma Y\u00fczey \u0130\u015flem Sistemi (Otomatik)"},"content":{"rendered":"<p><em><strong>Ais M\u00fchendislik,\u00a0<span style=\"color: #00ccff;\"><a style=\"color: #00ccff;\" href=\"https:\/\/www.keylinktech.com\/\">KeyLink Technology<\/a><\/span>\u2018nin T\u00fcrkiye Resmi Distrib\u00fct\u00f6r\u00fcd\u00fcr.<\/strong><\/em><\/p>\n<p data-start=\"0\" data-end=\"43\"><strong data-start=\"0\" data-end=\"41\">PL-B3150 Online Plazma \u0130\u015fleme Sistemi<\/strong><\/p>\n<p data-start=\"45\" data-end=\"306\">PL-B3150 Online Plazma \u0130\u015fleme Sistemi, <strong data-start=\"84\" data-end=\"173\">PLC+ dokunmatik ekran kontrol sistemiyle donat\u0131lm\u0131\u015f olup kolay kullan\u0131m imkan\u0131 sunar.<\/strong> M\u00fc\u015fteri gereksinimlerine ve ihtiya\u00e7lar\u0131na ba\u011fl\u0131 olarak <strong data-start=\"229\" data-end=\"277\">d\u00f6ner veya d\u00fcz \u00e7\u0131k\u0131\u015fl\u0131 tabanca ba\u015fl\u0131klar\u0131yla<\/strong> uyumlu hale getirilebilir.<\/p>\n<h3 data-start=\"308\" data-end=\"335\"><strong data-start=\"312\" data-end=\"333\">Kullan\u0131m Alanlar\u0131<\/strong><\/h3>\n<p data-start=\"336\" data-end=\"402\">Bu sistem, a\u015fa\u011f\u0131daki sekt\u00f6rlerde yayg\u0131n olarak kullan\u0131lmaktad\u0131r:<\/p>\n<ul data-start=\"403\" data-end=\"542\">\n<li data-start=\"403\" data-end=\"434\"><strong data-start=\"405\" data-end=\"432\">Fotoelektrik end\u00fcstrisi<\/strong><\/li>\n<li data-start=\"435\" data-end=\"457\"><strong data-start=\"437\" data-end=\"455\">Plastik i\u015fleme<\/strong><\/li>\n<li data-start=\"458\" data-end=\"486\"><strong data-start=\"460\" data-end=\"484\">T\u00fcketici elektroni\u011fi<\/strong><\/li>\n<li data-start=\"487\" data-end=\"511\"><strong data-start=\"489\" data-end=\"509\">Bask\u0131 end\u00fcstrisi<\/strong><\/li>\n<li data-start=\"512\" data-end=\"542\"><strong data-start=\"514\" data-end=\"540\">Di\u011fer ilgili sekt\u00f6rler<\/strong><\/li>\n<\/ul>\n<p data-start=\"544\" data-end=\"638\" data-is-last-node=\"\" data-is-only-node=\"\"><strong data-start=\"544\" data-end=\"556\">PL-B3150<\/strong>, y\u00fcksek hassasiyetli y\u00fczey i\u015fleme gerektiren uygulamalar i\u00e7in ideal bir \u00e7\u00f6z\u00fcmd\u00fcr.<\/p>\n","protected":false},"excerpt":{"rendered":"<p><em><strong>Ais M\u00fchendislik,\u00a0<span style=\"color: #00ccff;\"><a style=\"color: #00ccff;\" href=\"https:\/\/www.keylinktech.com\/\">KeyLink Technology<\/a><\/span>\u2018nin T\u00fcrkiye Resmi Distrib\u00fct\u00f6r\u00fcd\u00fcr.<\/strong><\/em><\/p>\n<table class=\"woocommerce-product-attributes shop_attributes\" aria-label=\"\u00dcr\u00fcn Detaylar\u0131\" data-no-translation-aria-label=\"\">\n<tbody>\n<tr class=\"woocommerce-product-attributes-item woocommerce-product-attributes-item--attribute_model\">\n<th class=\"woocommerce-product-attributes-item__label\" scope=\"row\">Model<\/th>\n<td class=\"woocommerce-product-attributes-item__value\">PL-B3150<\/td>\n<\/tr>\n<tr class=\"woocommerce-product-attributes-item woocommerce-product-attributes-item--attribute_input-voltage\">\n<th class=\"woocommerce-product-attributes-item__label\" scope=\"row\">Giri\u015f Voltaj\u0131<\/th>\n<td class=\"woocommerce-product-attributes-item__value\">AC220V (iste\u011fe ba\u011fl\u0131 AC120V)<\/td>\n<\/tr>\n<tr class=\"woocommerce-product-attributes-item woocommerce-product-attributes-item--attribute_output-power\">\n<th class=\"woocommerce-product-attributes-item__label\" scope=\"row\">\u00c7\u0131k\u0131\u015f G\u00fcc\u00fc<\/th>\n<td class=\"woocommerce-product-attributes-item__value\">2000VA<\/td>\n<\/tr>\n<tr class=\"woocommerce-product-attributes-item woocommerce-product-attributes-item--attribute_air-supply-pressure\">\n<th class=\"woocommerce-product-attributes-item__label\" scope=\"row\">Hava Besleme Bas\u0131nc\u0131<\/th>\n<td class=\"woocommerce-product-attributes-item__value\">0,05 MPa-0,22 MPa<\/td>\n<\/tr>\n<tr class=\"woocommerce-product-attributes-item woocommerce-product-attributes-item--attribute_gun-heads-optional\">\n<th class=\"woocommerce-product-attributes-item__label\" scope=\"row\">Nozul Ba\u015fl\u0131klar\u0131 (iste\u011fe ba\u011fl\u0131)<\/th>\n<td class=\"woocommerce-product-attributes-item__value\">1-3 adet<\/td>\n<\/tr>\n<tr class=\"woocommerce-product-attributes-item woocommerce-product-attributes-item--attribute_treatment-range-of-each-gun\">\n<th class=\"woocommerce-product-attributes-item__label\" scope=\"row\">Her Nozulun \u0130\u015flem Aral\u0131\u011f\u0131<\/th>\n<td class=\"woocommerce-product-attributes-item__value\">\u2264 100mm<\/td>\n<\/tr>\n<tr class=\"woocommerce-product-attributes-item woocommerce-product-attributes-item--attribute_conveyor-belt-speed\">\n<th class=\"woocommerce-product-attributes-item__label\" scope=\"row\">Konvey\u00f6r Bant H\u0131z\u0131<\/th>\n<td class=\"woocommerce-product-attributes-item__value\">0-30m\/dak<\/td>\n<\/tr>\n<tr class=\"woocommerce-product-attributes-item woocommerce-product-attributes-item--attribute_conveyor-belt-width\">\n<th class=\"woocommerce-product-attributes-item__label\" scope=\"row\">Konvey\u00f6r Bant Geni\u015fli\u011fi<\/th>\n<td class=\"woocommerce-product-attributes-item__value\">400 mm<\/td>\n<\/tr>\n<tr class=\"woocommerce-product-attributes-item woocommerce-product-attributes-item--attribute_dimension-lxwxh-mm\">\n<th class=\"woocommerce-product-attributes-item__label\" scope=\"row\">Boyutlar (UxGxD) mm<\/th>\n<td class=\"woocommerce-product-attributes-item__value\">2200x900x2000<\/td>\n<\/tr>\n<tr class=\"woocommerce-product-attributes-item woocommerce-product-attributes-item--attribute_weight\">\n<th class=\"woocommerce-product-attributes-item__label\" scope=\"row\">A\u011f\u0131rl\u0131k<\/th>\n<td class=\"woocommerce-product-attributes-item__value\">90 kilo<\/td>\n<\/tr>\n<\/tbody>\n<\/table>\n<p>&nbsp;<\/p>\n","protected":false},"featured_media":10470,"comment_status":"open","ping_status":"closed","template":"","meta":[],"product_brand":[],"product_cat":[128],"product_tag":[],"class_list":{"0":"post-10472","1":"product","2":"type-product","3":"status-publish","4":"has-post-thumbnail","6":"product_cat-keylink-online-plazma-yuzey-islemi","8":"first","9":"instock","10":"shipping-taxable","11":"product-type-simple"},"_links":{"self":[{"href":"https:\/\/aismuhendislik.com\/tr\/wp-json\/wp\/v2\/product\/10472","targetHints":{"allow":["GET"]}}],"collection":[{"href":"https:\/\/aismuhendislik.com\/tr\/wp-json\/wp\/v2\/product"}],"about":[{"href":"https:\/\/aismuhendislik.com\/tr\/wp-json\/wp\/v2\/types\/product"}],"replies":[{"embeddable":true,"href":"https:\/\/aismuhendislik.com\/tr\/wp-json\/wp\/v2\/comments?post=10472"}],"wp:featuredmedia":[{"embeddable":true,"href":"https:\/\/aismuhendislik.com\/tr\/wp-json\/wp\/v2\/media\/10470"}],"wp:attachment":[{"href":"https:\/\/aismuhendislik.com\/tr\/wp-json\/wp\/v2\/media?parent=10472"}],"wp:term":[{"taxonomy":"product_brand","embeddable":true,"href":"https:\/\/aismuhendislik.com\/tr\/wp-json\/wp\/v2\/product_brand?post=10472"},{"taxonomy":"product_cat","embeddable":true,"href":"https:\/\/aismuhendislik.com\/tr\/wp-json\/wp\/v2\/product_cat?post=10472"},{"taxonomy":"product_tag","embeddable":true,"href":"https:\/\/aismuhendislik.com\/tr\/wp-json\/wp\/v2\/product_tag?post=10472"}],"curies":[{"name":"wp","href":"https:\/\/api.w.org\/{rel}","templated":true}]}}