{"id":10468,"date":"2025-02-27T18:23:23","date_gmt":"2025-02-27T15:23:23","guid":{"rendered":"https:\/\/aismuhendislik.com\/?post_type=product&#038;p=10468"},"modified":"2025-03-03T09:00:16","modified_gmt":"2025-03-03T06:00:16","slug":"keylink-axis-plazma-yuzey-islem-sistemi-otomatik","status":"publish","type":"product","link":"https:\/\/aismuhendislik.com\/tr\/urun\/keylink-axis-plazma-yuzey-islem-sistemi-otomatik\/","title":{"rendered":"KeYLink AXIS Plazma Y\u00fczey \u0130\u015flem Sistemi (Otomatik)"},"content":{"rendered":"<p><em><strong>Ais M\u00fchendislik,\u00a0<span style=\"color: #00ccff;\"><a style=\"color: #00ccff;\" href=\"https:\/\/www.keylinktech.com\/\">KeyLink Technology<\/a><\/span>\u2018nin T\u00fcrkiye Resmi Distrib\u00fct\u00f6r\u00fcd\u00fcr.<\/strong><\/em><\/p>\n<p data-start=\"0\" data-end=\"50\"><strong data-start=\"0\" data-end=\"48\">Otomatik X\/Y\/Z Eksenli Plazma \u0130\u015fleme Sistemi<\/strong><\/p>\n<p data-start=\"52\" data-end=\"364\">Otomatik X\/Y\/Z Eksenli Plazma \u0130\u015fleme Sistemi, <strong data-start=\"98\" data-end=\"146\">profesyonel bir hareket kontrol platformudur<\/strong> ve kolayca kullan\u0131labilen bir kontrol sistemi ile donat\u0131lm\u0131\u015ft\u0131r. \u00c7e\u015fitli malzeme ve \u00fcr\u00fcnleri online olarak i\u015fler. <strong data-start=\"261\" data-end=\"362\">X\/Y\/Z ekseni hareket mesafesi, m\u00fc\u015fteri gereksinimlerine ve ihtiya\u00e7lar\u0131na g\u00f6re \u00f6zelle\u015ftirilebilir.<\/strong><\/p>\n<h3 data-start=\"366\" data-end=\"393\"><strong data-start=\"370\" data-end=\"391\">Kullan\u0131m Alanlar\u0131<\/strong><\/h3>\n<ul data-start=\"394\" data-end=\"617\">\n<li data-start=\"394\" data-end=\"488\"><strong data-start=\"396\" data-end=\"486\">Cam, karbon ve di\u011fer takviyeli malzemeler gibi \u00e7e\u015fitli kompozit malzemelerin \u00f6n i\u015flemi<\/strong><\/li>\n<li data-start=\"489\" data-end=\"617\"><strong data-start=\"491\" data-end=\"615\">PCB\u2019ler (Bask\u0131l\u0131 Devre Kartlar\u0131) ve FPC\u2019ler (Esnek Devre Kartlar\u0131) gibi y\u00fczey i\u015flem gerektiren \u00fcr\u00fcnlerin y\u00fczey \u00f6n i\u015flemi<\/strong><\/li>\n<\/ul>\n<p data-start=\"619\" data-end=\"736\" data-is-last-node=\"\" data-is-only-node=\"\">Bu sistem, <strong data-start=\"630\" data-end=\"729\">y\u00fcksek hassasiyet ve verimlilik gerektiren \u00fcretim s\u00fcre\u00e7lerinde g\u00fcvenilir bir y\u00fczey i\u015flem \u00e7\u00f6z\u00fcm\u00fc<\/strong> sunar.<\/p>\n","protected":false},"excerpt":{"rendered":"<p><em><strong>Ais M\u00fchendislik,\u00a0<span style=\"color: #00ccff;\"><a style=\"color: #00ccff;\" href=\"https:\/\/www.keylinktech.com\/\">KeyLink Technology<\/a><\/span>\u2018nin T\u00fcrkiye Resmi Distrib\u00fct\u00f6r\u00fcd\u00fcr.<\/strong><\/em><\/p>\n<table class=\"woocommerce-product-attributes shop_attributes\" aria-label=\"\u00dcr\u00fcn Detaylar\u0131\" data-no-translation-aria-label=\"\">\n<tbody>\n<tr class=\"woocommerce-product-attributes-item woocommerce-product-attributes-item--attribute_input-voltage\">\n<th class=\"woocommerce-product-attributes-item__label\" scope=\"row\">Giri\u015f Voltaj\u0131<\/th>\n<td class=\"woocommerce-product-attributes-item__value\">AC220V(\u00b110%)(iste\u011fe ba\u011fl\u0131 AC120V)<\/td>\n<\/tr>\n<tr class=\"woocommerce-product-attributes-item woocommerce-product-attributes-item--attribute_output-power\">\n<th class=\"woocommerce-product-attributes-item__label\" scope=\"row\">\u00c7\u0131k\u0131\u015f G\u00fcc\u00fc<\/th>\n<td class=\"woocommerce-product-attributes-item__value\">Maksimum 1600W(platform)+1000W(plazma)<\/td>\n<\/tr>\n<tr class=\"woocommerce-product-attributes-item woocommerce-product-attributes-item--attribute_input-air-pressure\">\n<th class=\"woocommerce-product-attributes-item__label\" scope=\"row\">Giri\u015f Hava Bas\u0131nc\u0131<\/th>\n<td class=\"woocommerce-product-attributes-item__value\">\u22650,6 MPa<\/td>\n<\/tr>\n<tr class=\"woocommerce-product-attributes-item woocommerce-product-attributes-item--attribute_treat-width\">\n<th class=\"woocommerce-product-attributes-item__label\" scope=\"row\">\u0130\u015flem Geni\u015fli\u011fi<\/th>\n<td class=\"woocommerce-product-attributes-item__value\">\u226475mm<\/td>\n<\/tr>\n<tr class=\"woocommerce-product-attributes-item woocommerce-product-attributes-item--attribute_travel-rangecustomizable\">\n<th class=\"woocommerce-product-attributes-item__label\" scope=\"row\">\u0130\u015flem Aral\u0131\u011f\u0131 (\u00f6zelle\u015ftirilebilir)<\/th>\n<td class=\"woocommerce-product-attributes-item__value\">X Ekseni: 980mm (Standart)<br \/>\nY Ekseni: 980mm (Standart)<br \/>\nZ Ekseni: 200mm (Standart)<\/td>\n<\/tr>\n<tr class=\"woocommerce-product-attributes-item woocommerce-product-attributes-item--attribute_body-volume\">\n<th class=\"woocommerce-product-attributes-item__label\" scope=\"row\">Cihaz Hacmi<\/th>\n<td class=\"woocommerce-product-attributes-item__value\">1600(U)x1350(G)x1600(Y)mm<\/td>\n<\/tr>\n<tr class=\"woocommerce-product-attributes-item woocommerce-product-attributes-item--attribute_weight\">\n<th class=\"woocommerce-product-attributes-item__label\" scope=\"row\">A\u011f\u0131rl\u0131k<\/th>\n<td class=\"woocommerce-product-attributes-item__value\">200 kilo<\/td>\n<\/tr>\n<tr class=\"woocommerce-product-attributes-item woocommerce-product-attributes-item--attribute_gun-head\">\n<th class=\"woocommerce-product-attributes-item__label\" scope=\"row\">Plazma Ba\u015fl\u0131\u011f\u0131<\/th>\n<td class=\"woocommerce-product-attributes-item__value\">V1(D\u00f6ner)<\/td>\n<\/tr>\n<tr class=\"woocommerce-product-attributes-item woocommerce-product-attributes-item--attribute_processing-height\">\n<th class=\"woocommerce-product-attributes-item__label\" scope=\"row\">\u0130\u015flem Y\u00fcksekli\u011fi<\/th>\n<td class=\"woocommerce-product-attributes-item__value\">5-15mm<\/td>\n<\/tr>\n<tr class=\"woocommerce-product-attributes-item woocommerce-product-attributes-item--attribute_speed\">\n<th class=\"woocommerce-product-attributes-item__label\" scope=\"row\">H\u0131z<\/th>\n<td class=\"woocommerce-product-attributes-item__value\">0-200mm\/s Ayar\u0131<\/td>\n<\/tr>\n<\/tbody>\n<\/table>\n<p>&nbsp;<\/p>\n<div id=\"gtx-trans\" style=\"position: absolute; left: 279px; top: 158.667px;\">\n<div class=\"gtx-trans-icon\"><\/div>\n<\/div>\n","protected":false},"featured_media":10515,"comment_status":"open","ping_status":"closed","template":"","meta":[],"product_brand":[],"product_cat":[127],"product_tag":[],"class_list":{"0":"post-10468","1":"product","2":"type-product","3":"status-publish","4":"has-post-thumbnail","6":"product_cat-keylink-plazma-yuzey-temizleme","8":"first","9":"instock","10":"shipping-taxable","11":"product-type-simple"},"_links":{"self":[{"href":"https:\/\/aismuhendislik.com\/tr\/wp-json\/wp\/v2\/product\/10468","targetHints":{"allow":["GET"]}}],"collection":[{"href":"https:\/\/aismuhendislik.com\/tr\/wp-json\/wp\/v2\/product"}],"about":[{"href":"https:\/\/aismuhendislik.com\/tr\/wp-json\/wp\/v2\/types\/product"}],"replies":[{"embeddable":true,"href":"https:\/\/aismuhendislik.com\/tr\/wp-json\/wp\/v2\/comments?post=10468"}],"wp:featuredmedia":[{"embeddable":true,"href":"https:\/\/aismuhendislik.com\/tr\/wp-json\/wp\/v2\/media\/10515"}],"wp:attachment":[{"href":"https:\/\/aismuhendislik.com\/tr\/wp-json\/wp\/v2\/media?parent=10468"}],"wp:term":[{"taxonomy":"product_brand","embeddable":true,"href":"https:\/\/aismuhendislik.com\/tr\/wp-json\/wp\/v2\/product_brand?post=10468"},{"taxonomy":"product_cat","embeddable":true,"href":"https:\/\/aismuhendislik.com\/tr\/wp-json\/wp\/v2\/product_cat?post=10468"},{"taxonomy":"product_tag","embeddable":true,"href":"https:\/\/aismuhendislik.com\/tr\/wp-json\/wp\/v2\/product_tag?post=10468"}],"curies":[{"name":"wp","href":"https:\/\/api.w.org\/{rel}","templated":true}]}}