{"id":10467,"date":"2025-02-27T18:21:31","date_gmt":"2025-02-27T15:21:31","guid":{"rendered":"https:\/\/aismuhendislik.com\/?post_type=product&#038;p=10467"},"modified":"2025-02-28T14:07:37","modified_gmt":"2025-02-28T11:07:37","slug":"keylink-pl-a6150-plazma-yuzey-temizleme-sistemi-otomatik","status":"publish","type":"product","link":"https:\/\/aismuhendislik.com\/tr\/urun\/keylink-pl-a6150-plazma-yuzey-temizleme-sistemi-otomatik\/","title":{"rendered":"KeyLink PL-A6150 Plazma Y\u00fczey Temizleme Sistemi (Otomatik)"},"content":{"rendered":"<p><em><strong>Ais M\u00fchendislik,\u00a0<span style=\"color: #00ccff;\"><a style=\"color: #00ccff;\" href=\"https:\/\/www.keylinktech.com\/\">KeyLink Technology<\/a><\/span>\u2018nin T\u00fcrkiye Resmi Distrib\u00fct\u00f6r\u00fcd\u00fcr.<\/strong><\/em><\/p>\n<p data-start=\"0\" data-end=\"52\"><strong data-start=\"0\" data-end=\"50\">PL-A6150 Ak\u0131ll\u0131 Otomatik Plazma \u0130\u015fleme Sistemi<\/strong><\/p>\n<p data-start=\"54\" data-end=\"335\">PL-A6150, PLC+ dokunmatik ekran kontrol sistemi ile donat\u0131lm\u0131\u015f ak\u0131ll\u0131 bir otomatik plazma i\u015fleme sistemidir. \u00c7e\u015fitli malzeme ve \u00fcr\u00fcnleri online olarak i\u015fler. X\/Y\/Z ekseni hareket mesafesi, m\u00fc\u015fterilerin gereksinimlerine ve ihtiya\u00e7lar\u0131na g\u00f6re de\u011fi\u015ftirilebilir (\u00f6zelle\u015ftirilebilir).<\/p>\n<p data-start=\"337\" data-end=\"607\" data-is-last-node=\"\" data-is-only-node=\"\">Bu sistem, <strong data-start=\"348\" data-end=\"378\">3C elektronik aksesuarlar\u0131<\/strong> alan\u0131nda yayg\u0131n olarak kullan\u0131lmaktad\u0131r. <strong data-start=\"420\" data-end=\"463\">Mobil telefon ekranlar\u0131n\u0131n \u00f6n i\u015fleminde<\/strong>, <strong data-start=\"465\" data-end=\"539\">telefon kapaklar\u0131n\u0131n ve kasalar\u0131n\u0131n temizlenmesi ve bask\u0131 i\u015flemlerinde<\/strong>, ayr\u0131ca <strong data-start=\"548\" data-end=\"586\">bir\u00e7ok ilgili \u00fcr\u00fcn ve malzeme i\u00e7in<\/strong> etkili bir \u00e7\u00f6z\u00fcmd\u00fcr.<\/p>\n","protected":false},"excerpt":{"rendered":"<p><em><strong>Ais M\u00fchendislik,\u00a0<span style=\"color: #00ccff;\"><a style=\"color: #00ccff;\" href=\"https:\/\/www.keylinktech.com\/\">KeyLink Technology<\/a><\/span>\u2018nin T\u00fcrkiye Resmi Distrib\u00fct\u00f6r\u00fcd\u00fcr.<\/strong><\/em><\/p>\n<table class=\"woocommerce-product-attributes shop_attributes\" aria-label=\"\u00dcr\u00fcn Detaylar\u0131\" data-no-translation-aria-label=\"\">\n<tbody>\n<tr class=\"woocommerce-product-attributes-item woocommerce-product-attributes-item--attribute_model\">\n<th class=\"woocommerce-product-attributes-item__label\" scope=\"row\">Model<\/th>\n<td class=\"woocommerce-product-attributes-item__value\">PL-A6150<\/td>\n<\/tr>\n<tr class=\"woocommerce-product-attributes-item woocommerce-product-attributes-item--attribute_input-voltage\">\n<th class=\"woocommerce-product-attributes-item__label\" scope=\"row\">Giri\u015f Voltaj\u0131<\/th>\n<td class=\"woocommerce-product-attributes-item__value\">AC220V (iste\u011fe ba\u011fl\u0131 AC120V)<\/td>\n<\/tr>\n<tr class=\"woocommerce-product-attributes-item woocommerce-product-attributes-item--attribute_output-power\">\n<th class=\"woocommerce-product-attributes-item__label\" scope=\"row\">\u00c7\u0131k\u0131\u015f G\u00fcc\u00fc<\/th>\n<td class=\"woocommerce-product-attributes-item__value\">2000VA<\/td>\n<\/tr>\n<tr class=\"woocommerce-product-attributes-item woocommerce-product-attributes-item--attribute_air-supply-pressure\">\n<th class=\"woocommerce-product-attributes-item__label\" scope=\"row\">Hava Besleme Bas\u0131nc\u0131<\/th>\n<td class=\"woocommerce-product-attributes-item__value\">0,05 MPa-0,22 MPa<\/td>\n<\/tr>\n<tr class=\"woocommerce-product-attributes-item woocommerce-product-attributes-item--attribute_treatment-range\">\n<th class=\"woocommerce-product-attributes-item__label\" scope=\"row\">\u0130\u015flem Aral\u0131\u011f\u0131<\/th>\n<td class=\"woocommerce-product-attributes-item__value\">\u2264 100mm<\/td>\n<\/tr>\n<tr class=\"woocommerce-product-attributes-item woocommerce-product-attributes-item--attribute_movements-optional-customization\">\n<th class=\"woocommerce-product-attributes-item__label\" scope=\"row\">\u0130\u015flem Aral\u0131\u011f\u0131 (ayarlanabilir)<\/th>\n<td class=\"woocommerce-product-attributes-item__value\">X (Eksen): 700 mm<br \/>\nY (Eksen): 400 mm<br \/>\nZ (Eksen): 200 mm<\/td>\n<\/tr>\n<tr class=\"woocommerce-product-attributes-item woocommerce-product-attributes-item--attribute_dimension-lxwxh-mm\">\n<th class=\"woocommerce-product-attributes-item__label\" scope=\"row\">Boyutlar (UxGxD) mm<\/th>\n<td class=\"woocommerce-product-attributes-item__value\">850x1000x1700<\/td>\n<\/tr>\n<tr class=\"woocommerce-product-attributes-item woocommerce-product-attributes-item--attribute_weight\">\n<th class=\"woocommerce-product-attributes-item__label\" scope=\"row\">A\u011f\u0131rl\u0131k<\/th>\n<td class=\"woocommerce-product-attributes-item__value\">100 kilo<\/td>\n<\/tr>\n<\/tbody>\n<\/table>\n<p>&nbsp;<\/p>\n","protected":false},"featured_media":10465,"comment_status":"open","ping_status":"closed","template":"","meta":[],"product_brand":[],"product_cat":[127],"product_tag":[],"class_list":{"0":"post-10467","1":"product","2":"type-product","3":"status-publish","4":"has-post-thumbnail","6":"product_cat-keylink-plazma-yuzey-temizleme","8":"first","9":"instock","10":"shipping-taxable","11":"product-type-simple"},"_links":{"self":[{"href":"https:\/\/aismuhendislik.com\/tr\/wp-json\/wp\/v2\/product\/10467","targetHints":{"allow":["GET"]}}],"collection":[{"href":"https:\/\/aismuhendislik.com\/tr\/wp-json\/wp\/v2\/product"}],"about":[{"href":"https:\/\/aismuhendislik.com\/tr\/wp-json\/wp\/v2\/types\/product"}],"replies":[{"embeddable":true,"href":"https:\/\/aismuhendislik.com\/tr\/wp-json\/wp\/v2\/comments?post=10467"}],"wp:featuredmedia":[{"embeddable":true,"href":"https:\/\/aismuhendislik.com\/tr\/wp-json\/wp\/v2\/media\/10465"}],"wp:attachment":[{"href":"https:\/\/aismuhendislik.com\/tr\/wp-json\/wp\/v2\/media?parent=10467"}],"wp:term":[{"taxonomy":"product_brand","embeddable":true,"href":"https:\/\/aismuhendislik.com\/tr\/wp-json\/wp\/v2\/product_brand?post=10467"},{"taxonomy":"product_cat","embeddable":true,"href":"https:\/\/aismuhendislik.com\/tr\/wp-json\/wp\/v2\/product_cat?post=10467"},{"taxonomy":"product_tag","embeddable":true,"href":"https:\/\/aismuhendislik.com\/tr\/wp-json\/wp\/v2\/product_tag?post=10467"}],"curies":[{"name":"wp","href":"https:\/\/api.w.org\/{rel}","templated":true}]}}