{"id":10442,"date":"2025-02-27T17:40:28","date_gmt":"2025-02-27T14:40:28","guid":{"rendered":"https:\/\/aismuhendislik.com\/?post_type=product&#038;p=10442"},"modified":"2025-02-28T12:18:53","modified_gmt":"2025-02-28T09:18:53","slug":"keylink-pl-5010p-plazma-yuzey-islem-sistemi","status":"publish","type":"product","link":"https:\/\/aismuhendislik.com\/tr\/urun\/keylink-pl-5010p-plazma-yuzey-islem-sistemi\/","title":{"rendered":"KeyLink PL-5010P Plazma Y\u00fczey \u0130\u015flem Sistemi"},"content":{"rendered":"<p><em><strong>Ais M\u00fchendislik,\u00a0<a href=\"https:\/\/www.keylinktech.com\/\"><span style=\"color: #00ccff;\">KeyLink Technology<\/span><\/a>\u2018nin T\u00fcrkiye Resmi Distrib\u00fct\u00f6r\u00fcd\u00fcr.<\/strong><\/em><\/p>\n<p data-start=\"0\" data-end=\"29\"><strong data-start=\"0\" data-end=\"27\">PL-5010P Plazma Sistemi<\/strong><\/p>\n<p data-start=\"31\" data-end=\"374\">PL-5010P Plazma Sistemi, yap\u0131\u015ft\u0131rma, bask\u0131, s\u0131zd\u0131rmazl\u0131k ve yap\u0131\u015ft\u0131r\u0131c\u0131 kullan\u0131m\u0131 \u00f6ncesinde y\u00fczey yap\u0131\u015fma \u00f6zelliklerini art\u0131rmak i\u00e7in iletken, yal\u0131tkan ve yar\u0131 iletken y\u00fczeylerde son derece etkili y\u00fczey i\u015flemleri sa\u011flar. Plazma i\u015fleme cihaz\u0131, y\u00fczeyleri temizler, a\u015f\u0131nd\u0131r\u0131r, fonksiyonelle\u015ftirir ve y\u00fczey yap\u0131\u015fmas\u0131n\u0131 \u00f6nemli \u00f6l\u00e7\u00fcde iyile\u015ftirir.<\/p>\n<p data-start=\"376\" data-end=\"623\">PL-5010P, tek-nozul sistemiyle donat\u0131lm\u0131\u015f bir plazma y\u00fczey i\u015fleme cihaz\u0131d\u0131r (standart). Bu sistemin nispeten dar \u00e7\u0131k\u0131\u015f a\u00e7\u0131s\u0131, dar ve k\u00fc\u00e7\u00fck alanlar\u0131n etkili bir \u015fekilde i\u015flenmesine olanak tan\u0131r. Bu model, 4 farkl\u0131 nozul se\u00e7ene\u011fiyle sunulmaktad\u0131r.<\/p>\n<h3 data-start=\"625\" data-end=\"645\"><strong data-start=\"629\" data-end=\"643\">\u00d6zellikler<\/strong><\/h3>\n<ol data-start=\"647\" data-end=\"1442\">\n<li data-start=\"647\" data-end=\"804\"><strong data-start=\"650\" data-end=\"676\">Kolay ve H\u0131zl\u0131 Kurulum<\/strong>: Sistem yaln\u0131zca g\u00fc\u00e7 ve bas\u0131n\u00e7l\u0131 hava kayna\u011f\u0131na ba\u011flanarak \u00e7al\u0131\u015ft\u0131r\u0131labilir, herhangi bir ek g\u00fc\u00e7 veya hava ayar\u0131 gerektirmez.<\/li>\n<li data-start=\"805\" data-end=\"898\"><strong data-start=\"808\" data-end=\"837\">Kontroll\u00fc \u00c7al\u0131\u015fma Sistemi<\/strong>: Manuel ve otomatik kontrol sistemleri entegre edilmi\u015ftir.<\/li>\n<li data-start=\"899\" data-end=\"1023\"><strong data-start=\"902\" data-end=\"927\">\u00c7\u0131k\u0131\u015f De\u015farj Kontrol\u00fc<\/strong>: G\u00fc\u00e7 \u00f6nceden ayarlanan seviyenin alt\u0131na d\u00fc\u015ft\u00fc\u011f\u00fcnde, sistem gerekli alarm sinyallerini sa\u011flar.<\/li>\n<li data-start=\"1024\" data-end=\"1122\"><strong data-start=\"1027\" data-end=\"1056\">\u00dcretim Hatt\u0131 Entegrasyonu<\/strong>: Sistem, neredeyse her t\u00fcrl\u00fc \u00fcretim hatt\u0131na entegre edilebilir.<\/li>\n<li data-start=\"1123\" data-end=\"1216\"><strong data-start=\"1126\" data-end=\"1141\">H\u0131zl\u0131 \u0130\u015flem<\/strong>: Y\u00fcksek g\u00fc\u00e7 etkisi sayesinde i\u015flem s\u00fcresi malzemeye ba\u011fl\u0131 olarak azal\u0131r.<\/li>\n<li data-start=\"1217\" data-end=\"1341\"><strong data-start=\"1220\" data-end=\"1238\">Kompakt Sistem<\/strong>: Hafif ve kompakt tasar\u0131m\u0131 sayesinde \u00fcretim hatlar\u0131na veya robot kollar\u0131na kolayca monte edilebilir.<\/li>\n<li data-start=\"1342\" data-end=\"1442\"><strong data-start=\"1345\" data-end=\"1373\">Ekonomik \u2013 Maliyet Etkin<\/strong>: Kusurlu \u00fcr\u00fcn ve at\u0131k oran\u0131n\u0131 azalt\u0131r, d\u00fc\u015f\u00fck bak\u0131m maliyeti sunar.<\/li>\n<\/ol>\n<p data-start=\"1444\" data-end=\"1558\">Plazma jenerat\u00f6r\u00fc Alman teknolojisini kullan\u0131r ve a\u011f\u0131rl\u0131kl\u0131 olarak ithal par\u00e7a ve bile\u015fenlerle monte edilmi\u015ftir.<\/p>\n<h3 data-start=\"1560\" data-end=\"1583\"><strong data-start=\"1564\" data-end=\"1581\">Konfig\u00fcrasyon<\/strong><\/h3>\n<ul data-start=\"1585\" data-end=\"2101\" data-is-last-node=\"\" data-is-only-node=\"\">\n<li data-start=\"1585\" data-end=\"1691\"><strong data-start=\"1587\" data-end=\"1616\">Plazma Sistem Bile\u015fenleri<\/strong>: Harici hava kayna\u011f\u0131, ana \u00fcnite, plazma jenerat\u00f6r\u00fc ve d\u00fcz \u00e7\u0131k\u0131\u015fl\u0131 nozul.<\/li>\n<li data-start=\"1692\" data-end=\"1731\"><strong data-start=\"1694\" data-end=\"1717\">Donat\u0131lm\u0131\u015f Nozullar<\/strong>: Tek nozul.<\/li>\n<li data-start=\"1732\" data-end=\"1764\"><strong data-start=\"1734\" data-end=\"1751\">Montaj Durumu<\/strong>: Montajl\u0131.<\/li>\n<li data-start=\"1765\" data-end=\"1802\"><strong data-start=\"1767\" data-end=\"1786\">Tabanca Ba\u015fl\u0131\u011f\u0131<\/strong>: Tek tabanca.<\/li>\n<li data-start=\"1803\" data-end=\"1879\"><strong data-start=\"1805\" data-end=\"1823\">Uygun Nozullar<\/strong>: NX-A, NX-B, NX-C, NX-XY (iste\u011fe ba\u011fl\u0131 \u00f6zelle\u015ftirme).<\/li>\n<li data-start=\"1880\" data-end=\"1955\"><strong data-start=\"1882\" data-end=\"1908\">Senkronizasyon Sistemi<\/strong>: Anahtar sistemi ve encoder senkronizasyonu.<\/li>\n<li data-start=\"1956\" data-end=\"2009\"><strong data-start=\"1958\" data-end=\"1980\">Montaj Se\u00e7enekleri<\/strong>: Evrensel tabanca ba\u015fl\u0131\u011f\u0131.<\/li>\n<li data-start=\"2010\" data-end=\"2101\" data-is-last-node=\"\"><strong data-start=\"2012\" data-end=\"2030\">Alarm Alg\u0131lama<\/strong>: Plazma g\u00fc\u00e7 kayna\u011f\u0131 ar\u0131zas\u0131, hava bas\u0131nc\u0131 dengesizli\u011fi ve g\u00fc\u00e7 ar\u0131zas\u0131.<\/li>\n<\/ul>\n","protected":false},"excerpt":{"rendered":"<p><em><strong>Ais M\u00fchendislik,\u00a0<a href=\"https:\/\/www.keylinktech.com\/\"><span style=\"color: #00ccff;\">KeyLink Technology<\/span><\/a>\u2018nin T\u00fcrkiye Resmi Distrib\u00fct\u00f6r\u00fcd\u00fcr.<\/strong><\/em><\/p>\n<table class=\"woocommerce-product-attributes shop_attributes\" aria-label=\"\u00dcr\u00fcn Detaylar\u0131\" data-no-translation-aria-label=\"\">\n<tbody>\n<tr class=\"woocommerce-product-attributes-item woocommerce-product-attributes-item--attribute_pa_model\">\n<th class=\"woocommerce-product-attributes-item__label\" scope=\"row\">Model<\/th>\n<td class=\"woocommerce-product-attributes-item__value\">PL-5010P<\/td>\n<\/tr>\n<tr class=\"woocommerce-product-attributes-item woocommerce-product-attributes-item--attribute_pa_input-voltage\">\n<th class=\"woocommerce-product-attributes-item__label\" scope=\"row\">Giri\u015f Voltaj\u0131<\/th>\n<td class=\"woocommerce-product-attributes-item__value\">AC220V (iste\u011fe ba\u011fl\u0131 AC120V)<\/td>\n<\/tr>\n<tr class=\"woocommerce-product-attributes-item woocommerce-product-attributes-item--attribute_pa_output-power\">\n<th class=\"woocommerce-product-attributes-item__label\" scope=\"row\">\u00c7\u0131k\u0131\u015f G\u00fcc\u00fc<\/th>\n<td class=\"woocommerce-product-attributes-item__value\">1500VA (ayarlanabilir 800-1500VA)<\/td>\n<\/tr>\n<tr class=\"woocommerce-product-attributes-item woocommerce-product-attributes-item--attribute_pa_pps-frequency\">\n<th class=\"woocommerce-product-attributes-item__label\" scope=\"row\">Plazma G\u00fc\u00e7 Kayna\u011f\u0131 Frekans\u0131<\/th>\n<td class=\"woocommerce-product-attributes-item__value\">20-30 kHz<\/td>\n<\/tr>\n<tr class=\"woocommerce-product-attributes-item woocommerce-product-attributes-item--attribute_pa_air-supply-pressure\">\n<th class=\"woocommerce-product-attributes-item__label\" scope=\"row\">Hava Besleme Bas\u0131nc\u0131<\/th>\n<td class=\"woocommerce-product-attributes-item__value\">0,05 MPa-0,22 MPa<\/td>\n<\/tr>\n<tr class=\"woocommerce-product-attributes-item woocommerce-product-attributes-item--attribute_pa_treatment-range\">\n<th class=\"woocommerce-product-attributes-item__label\" scope=\"row\">\u0130\u015flem Aral\u0131\u011f\u0131<\/th>\n<td class=\"woocommerce-product-attributes-item__value\">\u2264 13mm<\/td>\n<\/tr>\n<tr class=\"woocommerce-product-attributes-item woocommerce-product-attributes-item--attribute_pa_dimension-lxwxh-mm\">\n<th class=\"woocommerce-product-attributes-item__label\" scope=\"row\">Boyutlar (UxGxY) mm<\/th>\n<td class=\"woocommerce-product-attributes-item__value\">585x350x345<\/td>\n<\/tr>\n<tr class=\"woocommerce-product-attributes-item woocommerce-product-attributes-item--attribute_weight\">\n<th class=\"woocommerce-product-attributes-item__label\" scope=\"row\">A\u011f\u0131rl\u0131k<\/th>\n<td class=\"woocommerce-product-attributes-item__value\">25 kilo<\/td>\n<\/tr>\n<\/tbody>\n<\/table>\n<p>&nbsp;<\/p>\n<p>https:\/\/youtu.be\/bKN9iL_gOC4<\/p>\n","protected":false},"featured_media":10444,"comment_status":"open","ping_status":"closed","template":"","meta":[],"product_brand":[],"product_cat":[122],"product_tag":[],"class_list":{"0":"post-10442","1":"product","2":"type-product","3":"status-publish","4":"has-post-thumbnail","6":"product_cat-tek-nozullu-cihaz","8":"first","9":"instock","10":"shipping-taxable","11":"product-type-simple"},"_links":{"self":[{"href":"https:\/\/aismuhendislik.com\/tr\/wp-json\/wp\/v2\/product\/10442","targetHints":{"allow":["GET"]}}],"collection":[{"href":"https:\/\/aismuhendislik.com\/tr\/wp-json\/wp\/v2\/product"}],"about":[{"href":"https:\/\/aismuhendislik.com\/tr\/wp-json\/wp\/v2\/types\/product"}],"replies":[{"embeddable":true,"href":"https:\/\/aismuhendislik.com\/tr\/wp-json\/wp\/v2\/comments?post=10442"}],"wp:featuredmedia":[{"embeddable":true,"href":"https:\/\/aismuhendislik.com\/tr\/wp-json\/wp\/v2\/media\/10444"}],"wp:attachment":[{"href":"https:\/\/aismuhendislik.com\/tr\/wp-json\/wp\/v2\/media?parent=10442"}],"wp:term":[{"taxonomy":"product_brand","embeddable":true,"href":"https:\/\/aismuhendislik.com\/tr\/wp-json\/wp\/v2\/product_brand?post=10442"},{"taxonomy":"product_cat","embeddable":true,"href":"https:\/\/aismuhendislik.com\/tr\/wp-json\/wp\/v2\/product_cat?post=10442"},{"taxonomy":"product_tag","embeddable":true,"href":"https:\/\/aismuhendislik.com\/tr\/wp-json\/wp\/v2\/product_tag?post=10442"}],"curies":[{"name":"wp","href":"https:\/\/api.w.org\/{rel}","templated":true}]}}