{"id":10122,"date":"2024-10-23T13:42:31","date_gmt":"2024-10-23T10:42:31","guid":{"rendered":"https:\/\/aismuhendislik.com\/?post_type=product&#038;p=10122"},"modified":"2024-10-29T11:21:31","modified_gmt":"2024-10-29T08:21:31","slug":"pet-kesme-makinasi","status":"publish","type":"product","link":"https:\/\/aismuhendislik.com\/tr\/urun\/pet-kesme-makinasi\/","title":{"rendered":"Pad Kesme Makinas\u0131"},"content":{"rendered":"","protected":false},"excerpt":{"rendered":"<p>\u00d6zel Tasar\u0131m Pad Kesme Makinas\u0131<\/p>\n","protected":false},"featured_media":10121,"comment_status":"open","ping_status":"closed","template":"","meta":[],"product_brand":[],"product_cat":[116],"product_tag":[],"class_list":{"0":"post-10122","1":"product","2":"type-product","3":"status-publish","4":"has-post-thumbnail","6":"product_cat-ozel-tasarim-urunler","8":"first","9":"instock","10":"shipping-taxable","11":"product-type-simple"},"_links":{"self":[{"href":"https:\/\/aismuhendislik.com\/tr\/wp-json\/wp\/v2\/product\/10122","targetHints":{"allow":["GET"]}}],"collection":[{"href":"https:\/\/aismuhendislik.com\/tr\/wp-json\/wp\/v2\/product"}],"about":[{"href":"https:\/\/aismuhendislik.com\/tr\/wp-json\/wp\/v2\/types\/product"}],"replies":[{"embeddable":true,"href":"https:\/\/aismuhendislik.com\/tr\/wp-json\/wp\/v2\/comments?post=10122"}],"wp:featuredmedia":[{"embeddable":true,"href":"https:\/\/aismuhendislik.com\/tr\/wp-json\/wp\/v2\/media\/10121"}],"wp:attachment":[{"href":"https:\/\/aismuhendislik.com\/tr\/wp-json\/wp\/v2\/media?parent=10122"}],"wp:term":[{"taxonomy":"product_brand","embeddable":true,"href":"https:\/\/aismuhendislik.com\/tr\/wp-json\/wp\/v2\/product_brand?post=10122"},{"taxonomy":"product_cat","embeddable":true,"href":"https:\/\/aismuhendislik.com\/tr\/wp-json\/wp\/v2\/product_cat?post=10122"},{"taxonomy":"product_tag","embeddable":true,"href":"https:\/\/aismuhendislik.com\/tr\/wp-json\/wp\/v2\/product_tag?post=10122"}],"curies":[{"name":"wp","href":"https:\/\/api.w.org\/{rel}","templated":true}]}}