{"id":9707,"date":"2023-07-20T11:25:21","date_gmt":"2023-07-20T11:25:21","guid":{"rendered":"https:\/\/aismuhendislik.com\/?post_type=product&#038;p=9707"},"modified":"2025-03-03T09:05:20","modified_gmt":"2025-03-03T06:05:20","slug":"plazma-jet","status":"publish","type":"product","link":"http:\/\/aismuhendislik.com\/tr\/urun\/plazma-jet\/","title":{"rendered":"Ais Plazma Jet"},"content":{"rendered":"<p>&nbsp;<\/p>\n<table width=\"432\">\n<tbody>\n<tr>\n<td width=\"600\"><strong>Model<\/strong><\/td>\n<td style=\"text-align: center;\" width=\"600\"><b>Tek Kafa AisJet Plazma<\/b><\/td>\n<td style=\"text-align: center;\" width=\"600\"><strong><b>\u00c7ift Kafa AisJet Plazma<\/b><\/strong><\/td>\n<\/tr>\n<tr>\n<td><strong>Giri\u015f Voltaj\u0131<\/strong><\/td>\n<td style=\"text-align: center;\">AC220V (opsiyonel AC120V)<\/td>\n<td style=\"text-align: center;\">AC220V (opsiyonel AC120V)<\/td>\n<\/tr>\n<tr>\n<td><strong>\u00c7\u0131k\u0131\u015f Voltaj\u0131<\/strong><\/td>\n<td style=\"text-align: center;\">1 kW<\/td>\n<td style=\"text-align: center;\">2 kW<\/td>\n<\/tr>\n<tr>\n<td><strong>\u00c7al\u0131\u015fma Frekans\u0131<\/strong><\/td>\n<td style=\"text-align: center;\">20-30 kHz<\/td>\n<td style=\"text-align: center;\">20-30 kHz<\/td>\n<\/tr>\n<tr>\n<td><strong>Hava Bas\u0131nc\u0131<\/strong><\/td>\n<td style=\"text-align: center;\">0.05MPa-0.22MPa\uff08350L\/min\uff09<\/td>\n<td style=\"text-align: center;\">0.05MPa-0.22MPa\uff08350L\/min)<\/td>\n<\/tr>\n<tr>\n<td><strong>\u0130\u015flem Geni\u015fli\u011fi<\/strong><\/td>\n<td style=\"text-align: center;\">\u2264 10mm<\/td>\n<td style=\"text-align: center;\">\u2264 10mm<\/td>\n<\/tr>\n<tr>\n<td><strong>Cihaz \u00d6l\u00e7\u00fcleri<\/strong><\/td>\n<td style=\"text-align: center;\">550x400x680 mm<\/td>\n<td style=\"text-align: center;\">550x400x680 mm<\/td>\n<\/tr>\n<\/tbody>\n<\/table>\n<p><strong>\u00d6zellikler;<\/strong><\/p>\n<ul>\n<li>Ais M\u00fchendislik \u00fcretimi olarak yerli \u00fcr\u00fcnd\u00fcr.<\/li>\n<li>Mikroi\u015flemci kontroll\u00fc IGBT teknolojisi<\/li>\n<li>LCD dokunmatik ekranl\u0131 aray\u00fcz<\/li>\n<li>220V \u015febeke gerilimi ile \u00e7al\u0131\u015fma<\/li>\n<li>1-3 kafa entegre \u00fcretim imkan\u0131<\/li>\n<li>Enkoder ba\u011flant\u0131s\u0131 ile hatta kolay kurulum<\/li>\n<li>RS 485 ile otomasyon sistemlerine entegrasyon<\/li>\n<li>A\u015f\u0131r\u0131 ak\u0131m ve k\u0131sa devre korumas\u0131<\/li>\n<li>Ya\u011fl\u0131 tip y\u00fcksek gerilim trafosu<\/li>\n<li>0,06 &#8211; 0,1 mPa bas\u0131n\u00e7 kontrol\u00fc<\/li>\n<li>G\u00f6rsel ve sesli hata bildirimleri<\/li>\n<\/ul>\n","protected":false},"excerpt":{"rendered":"<p>Ais Plazma Jet cihazlar\u0131, \u00fc\u00e7 boyutlu ve karma\u015f\u0131k y\u00fczeylerde plazma i\u015flemi uygulayarak malzemelerin y\u00fczey \u00f6zelliklerini iyile\u015ftiren yenilik\u00e7i sistemlerdir. \u00d6zellikle korona i\u015fleminin zor oldu\u011fu b\u00f6lgelerde etkili olan bu cihazlar, farkl\u0131 uygulama alanlar\u0131na y\u00f6nelik \u00e7e\u015fitli modeller sunar ve tek bir \u00fcnite ile birden fazla kafa kullan\u0131larak plazma i\u015flemi ger\u00e7ekle\u015ftirilebilir.<\/p>\n<p><strong>Ais Plazma Jet Cihazlar\u0131n\u0131n Avantajlar\u0131<\/strong><br \/>\nY\u00fcksek Yap\u0131\u015fma Performans\u0131: Y\u00fczey enerjisini art\u0131rarak laminasyon, boya, kaplama ve yap\u0131\u015ft\u0131rma i\u015flemlerinde \u00fcst\u00fcn yap\u0131\u015fma sa\u011flar.<br \/>\nEtkili Y\u00fczey Temizli\u011fi: Organik ve inorganik kirleticileri ortadan kald\u0131rarak optimal y\u00fczey haz\u0131rl\u0131\u011f\u0131 sunar.<br \/>\nD\u00fc\u015f\u00fck Is\u0131 \u00dcretimi: D\u00fc\u015f\u00fck s\u0131cakl\u0131kta plazma de\u015farj\u0131 sayesinde hassas malzemeleri bozulma riski olmadan i\u015fleyebilir.<br \/>\nEsneklik ve \u00c7ok Y\u00f6nl\u00fcl\u00fck: Tek bir cihazla birden fazla plazma kafas\u0131 kullan\u0131larak farkl\u0131 uygulamalara uyum sa\u011flar.<\/p>\n<p><strong>Ais Plazma Jet Cihazlar\u0131n\u0131n Uygulama Alanlar\u0131<\/strong><br \/>\nProfil ve Kablo \u00dcretimi: Dar ve eksantrik par\u00e7alarda y\u00fczey i\u015flemleri i\u00e7in idealdir.<br \/>\nOtomotiv End\u00fcstrisi: Par\u00e7alar\u0131n boyama ve kaplama i\u015flemleri \u00f6ncesinde y\u00fczey aktivasyonu sa\u011flar.<br \/>\nConta: Contan\u0131n yal\u0131t\u0131m\u0131n\u0131 ve s\u0131zd\u0131rmazl\u0131\u011f\u0131n\u0131 art\u0131rmak amac\u0131yla kullan\u0131l\u0131r.<br \/>\nElektronik Sekt\u00f6r\u00fc: Bask\u0131l\u0131 devre kartlar\u0131 ve di\u011fer bile\u015fenlerde kaplama ve lehimleme \u00f6ncesi y\u00fczey haz\u0131rl\u0131\u011f\u0131 yapar.<br \/>\nT\u0131bbi Cihaz \u00dcretimi: Plastik ve metal t\u0131bbi cihaz bile\u015fenlerinde sterilizasyon ve kaplama \u00f6ncesi y\u00fczey iyile\u015ftirme ama\u00e7l\u0131 kullan\u0131l\u0131r.<br \/>\nDi\u011fer kullan\u0131m alanlar\u0131 i\u00e7in <strong><a href=\"https:\/\/aismuhendislik.com\/tr\/2024\/03\/05\/plazma-uygulama-alanlari\/\">t\u0131klay\u0131n\u0131z<\/a><\/strong>.<\/p>\n<p>Ais Plazma Jet cihazlar\u0131, end\u00fcstriyel \u00fcretim s\u00fcre\u00e7lerinde kaliteyi art\u0131ran ve verimlili\u011fi maksimize eden ileri teknoloji y\u00fczey i\u015fleme \u00e7\u00f6z\u00fcmleri sunar.<\/p>\n<p>https:\/\/www.youtube.com\/watch?v=xptANh2s4_M&amp;list=PLJ6UXKU-J4nI7Pc9ZlWjZo6t438fBlRvB&amp;ab_channel=AisM%C3%BChendislik<\/p>\n","protected":false},"featured_media":10516,"comment_status":"closed","ping_status":"closed","template":"","meta":[],"product_brand":[],"product_cat":[21],"product_tag":[],"class_list":{"0":"post-9707","1":"product","2":"type-product","3":"status-publish","4":"has-post-thumbnail","6":"product_cat-plazma-cihazlari","8":"first","9":"instock","10":"shipping-taxable","11":"product-type-simple"},"_links":{"self":[{"href":"http:\/\/aismuhendislik.com\/tr\/wp-json\/wp\/v2\/product\/9707","targetHints":{"allow":["GET"]}}],"collection":[{"href":"http:\/\/aismuhendislik.com\/tr\/wp-json\/wp\/v2\/product"}],"about":[{"href":"http:\/\/aismuhendislik.com\/tr\/wp-json\/wp\/v2\/types\/product"}],"replies":[{"embeddable":true,"href":"http:\/\/aismuhendislik.com\/tr\/wp-json\/wp\/v2\/comments?post=9707"}],"wp:featuredmedia":[{"embeddable":true,"href":"http:\/\/aismuhendislik.com\/tr\/wp-json\/wp\/v2\/media\/10516"}],"wp:attachment":[{"href":"http:\/\/aismuhendislik.com\/tr\/wp-json\/wp\/v2\/media?parent=9707"}],"wp:term":[{"taxonomy":"product_brand","embeddable":true,"href":"http:\/\/aismuhendislik.com\/tr\/wp-json\/wp\/v2\/product_brand?post=9707"},{"taxonomy":"product_cat","embeddable":true,"href":"http:\/\/aismuhendislik.com\/tr\/wp-json\/wp\/v2\/product_cat?post=9707"},{"taxonomy":"product_tag","embeddable":true,"href":"http:\/\/aismuhendislik.com\/tr\/wp-json\/wp\/v2\/product_tag?post=9707"}],"curies":[{"name":"wp","href":"https:\/\/api.w.org\/{rel}","templated":true}]}}