{"id":10500,"date":"2025-02-28T16:39:13","date_gmt":"2025-02-28T13:39:13","guid":{"rendered":"https:\/\/aismuhendislik.com\/?post_type=product&#038;p=10500"},"modified":"2025-02-28T16:39:13","modified_gmt":"2025-02-28T13:39:13","slug":"nozullar-plazma-basliklari","status":"publish","type":"product","link":"http:\/\/aismuhendislik.com\/tr\/urun\/nozullar-plazma-basliklari\/","title":{"rendered":"Nozullar (Plazma Ba\u015fl\u0131klar\u0131)"},"content":{"rendered":"<p>&nbsp;<\/p>\n<p>&nbsp;<\/p>\n<table class=\"woocommerce-product-attributes shop_attributes\" aria-label=\"\u00dcr\u00fcn Detaylar\u0131\" data-no-translation-aria-label=\"\">\n<tbody>\n<tr class=\"woocommerce-product-attributes-item woocommerce-product-attributes-item--attribute_input-voltage\">\n<th class=\"woocommerce-product-attributes-item__label\" style=\"width: 25%;\" scope=\"row\">Resim<\/th>\n<td class=\"woocommerce-product-attributes-item__value\" style=\"width: 25%;\">Model<\/td>\n<td class=\"woocommerce-product-attributes-item__value\" style=\"width: 25%;\">Tip<\/td>\n<td class=\"woocommerce-product-attributes-item__value\">\u0130\u015flem Geni\u015fli\u011fi<\/td>\n<\/tr>\n<tr class=\"woocommerce-product-attributes-item woocommerce-product-attributes-item--attribute_input-voltage\">\n<th class=\"woocommerce-product-attributes-item__label\" scope=\"row\"><img loading=\"lazy\" decoding=\"async\" class=\"alignnone size-full wp-image-10502\" src=\"https:\/\/aismuhendislik.com\/wp-content\/uploads\/2025\/02\/1-PL-JX-106-1.png\" alt=\"\" width=\"55\" height=\"54\" srcset=\"https:\/\/aismuhendislik.com\/wp-content\/uploads\/2025\/02\/1-PL-JX-106-1.png 55w, https:\/\/aismuhendislik.com\/wp-content\/uploads\/2025\/02\/1-PL-JX-106-1-12x12.png 12w\" sizes=\"auto, (max-width: 55px) 100vw, 55px\" \/><\/th>\n<td class=\"woocommerce-product-attributes-item__value\">PL-JX-106-1(Sessiz Tip)\u00a0 (Nozul X)<\/td>\n<td class=\"woocommerce-product-attributes-item__value\">Jet<\/td>\n<td class=\"woocommerce-product-attributes-item__value\">\u22648mm<\/td>\n<\/tr>\n<tr class=\"woocommerce-product-attributes-item woocommerce-product-attributes-item--attribute_input-voltage\">\n<th class=\"woocommerce-product-attributes-item__label\" style=\"width: 25%;\" scope=\"row\"><img loading=\"lazy\" decoding=\"async\" class=\"alignnone size-full wp-image-10503\" src=\"https:\/\/aismuhendislik.com\/wp-content\/uploads\/2025\/02\/2-PL-JX-102-1\uff08Nozzle-B.png\" alt=\"\" width=\"60\" height=\"50\" srcset=\"https:\/\/aismuhendislik.com\/wp-content\/uploads\/2025\/02\/2-PL-JX-102-1\uff08Nozzle-B.png 60w, https:\/\/aismuhendislik.com\/wp-content\/uploads\/2025\/02\/2-PL-JX-102-1\uff08Nozzle-B-14x12.png 14w\" sizes=\"auto, (max-width: 60px) 100vw, 60px\" \/><\/th>\n<td class=\"woocommerce-product-attributes-item__value\" style=\"width: 25%;\">PL-JX-102-1<\/p>\n<p>(Nozul B)<\/td>\n<td class=\"woocommerce-product-attributes-item__value\">Jet<\/td>\n<td class=\"woocommerce-product-attributes-item__value\">\u00a0\u22648mm<\/td>\n<\/tr>\n<tr class=\"woocommerce-product-attributes-item woocommerce-product-attributes-item--attribute_input-voltage\">\n<th class=\"woocommerce-product-attributes-item__label\" style=\"width: 25%;\" scope=\"row\"><img loading=\"lazy\" decoding=\"async\" class=\"alignnone size-full wp-image-10504\" src=\"https:\/\/aismuhendislik.com\/wp-content\/uploads\/2025\/02\/3.png\" alt=\"\" width=\"58\" height=\"51\" srcset=\"https:\/\/aismuhendislik.com\/wp-content\/uploads\/2025\/02\/3.png 58w, https:\/\/aismuhendislik.com\/wp-content\/uploads\/2025\/02\/3-14x12.png 14w\" sizes=\"auto, (max-width: 58px) 100vw, 58px\" \/><\/th>\n<td class=\"woocommerce-product-attributes-item__value\" style=\"width: 25%;\">PL-JX-101-1<\/p>\n<p>(Nozul A)<\/td>\n<td class=\"woocommerce-product-attributes-item__value\">Jet<\/td>\n<td class=\"woocommerce-product-attributes-item__value\">\u00a0\u22648mm<\/td>\n<\/tr>\n<tr class=\"woocommerce-product-attributes-item woocommerce-product-attributes-item--attribute_input-voltage\">\n<th class=\"woocommerce-product-attributes-item__label\" style=\"width: 25%;\" scope=\"row\"><img loading=\"lazy\" decoding=\"async\" class=\"alignnone size-full wp-image-10505\" src=\"https:\/\/aismuhendislik.com\/wp-content\/uploads\/2025\/02\/4.png\" alt=\"\" width=\"56\" height=\"52\" srcset=\"https:\/\/aismuhendislik.com\/wp-content\/uploads\/2025\/02\/4.png 56w, https:\/\/aismuhendislik.com\/wp-content\/uploads\/2025\/02\/4-13x12.png 13w\" sizes=\"auto, (max-width: 56px) 100vw, 56px\" \/><\/th>\n<td class=\"woocommerce-product-attributes-item__value\" style=\"width: 25%;\">PL-JX-104-1<\/p>\n<p>(Nozul C)<\/td>\n<td class=\"woocommerce-product-attributes-item__value\">Jet<\/td>\n<td class=\"woocommerce-product-attributes-item__value\">\u00a0\u226413mm<\/td>\n<\/tr>\n<tr class=\"woocommerce-product-attributes-item woocommerce-product-attributes-item--attribute_input-voltage\">\n<th class=\"woocommerce-product-attributes-item__label\" style=\"width: 25%;\" scope=\"row\"><img loading=\"lazy\" decoding=\"async\" class=\"alignnone size-full wp-image-10506\" src=\"https:\/\/aismuhendislik.com\/wp-content\/uploads\/2025\/02\/5.png\" alt=\"\" width=\"61\" height=\"57\" srcset=\"https:\/\/aismuhendislik.com\/wp-content\/uploads\/2025\/02\/5.png 61w, https:\/\/aismuhendislik.com\/wp-content\/uploads\/2025\/02\/5-13x12.png 13w\" sizes=\"auto, (max-width: 61px) 100vw, 61px\" \/><\/th>\n<td class=\"woocommerce-product-attributes-item__value\" style=\"width: 25%;\">PL-JX-002-1<\/p>\n<p><span style=\"font-family: inherit; font-size: inherit;\">(Nozul 16)<\/span><\/td>\n<td class=\"woocommerce-product-attributes-item__value\">D\u00f6ner<\/td>\n<td class=\"woocommerce-product-attributes-item__value\">\u00a0\u226416mm<\/td>\n<\/tr>\n<tr class=\"woocommerce-product-attributes-item woocommerce-product-attributes-item--attribute_input-voltage\">\n<th class=\"woocommerce-product-attributes-item__label\" style=\"width: 25%;\" scope=\"row\"><img loading=\"lazy\" decoding=\"async\" class=\"alignnone size-full wp-image-10507\" src=\"https:\/\/aismuhendislik.com\/wp-content\/uploads\/2025\/02\/6.png\" alt=\"\" width=\"56\" height=\"55\" srcset=\"https:\/\/aismuhendislik.com\/wp-content\/uploads\/2025\/02\/6.png 56w, https:\/\/aismuhendislik.com\/wp-content\/uploads\/2025\/02\/6-12x12.png 12w\" sizes=\"auto, (max-width: 56px) 100vw, 56px\" \/><\/th>\n<td class=\"woocommerce-product-attributes-item__value\" style=\"width: 25%;\">PL-JX-004-1<\/p>\n<p>(Nozul 20)<\/td>\n<td class=\"woocommerce-product-attributes-item__value\">D\u00f6ner<\/td>\n<td class=\"woocommerce-product-attributes-item__value\">\u00a0\u226420mm<\/td>\n<\/tr>\n<tr class=\"woocommerce-product-attributes-item woocommerce-product-attributes-item--attribute_input-voltage\">\n<th class=\"woocommerce-product-attributes-item__label\" style=\"width: 25%;\" scope=\"row\"><img loading=\"lazy\" decoding=\"async\" class=\"alignnone size-full wp-image-10508\" src=\"https:\/\/aismuhendislik.com\/wp-content\/uploads\/2025\/02\/7.png\" alt=\"\" width=\"57\" height=\"58\" srcset=\"https:\/\/aismuhendislik.com\/wp-content\/uploads\/2025\/02\/7.png 57w, https:\/\/aismuhendislik.com\/wp-content\/uploads\/2025\/02\/7-12x12.png 12w\" sizes=\"auto, (max-width: 57px) 100vw, 57px\" \/><\/th>\n<td class=\"woocommerce-product-attributes-item__value\" style=\"width: 25%;\">PL-JX-006-1<\/p>\n<p>\uff08Nozul 30)<\/td>\n<td class=\"woocommerce-product-attributes-item__value\">D\u00f6ner<\/td>\n<td class=\"woocommerce-product-attributes-item__value\">\u00a0\u226430mm<\/td>\n<\/tr>\n<tr class=\"woocommerce-product-attributes-item woocommerce-product-attributes-item--attribute_input-voltage\">\n<th class=\"woocommerce-product-attributes-item__label\" style=\"width: 25%;\" scope=\"row\"><img loading=\"lazy\" decoding=\"async\" class=\"alignnone size-full wp-image-10509\" src=\"https:\/\/aismuhendislik.com\/wp-content\/uploads\/2025\/02\/8.png\" alt=\"\" width=\"56\" height=\"55\" srcset=\"https:\/\/aismuhendislik.com\/wp-content\/uploads\/2025\/02\/8.png 56w, https:\/\/aismuhendislik.com\/wp-content\/uploads\/2025\/02\/8-12x12.png 12w\" sizes=\"auto, (max-width: 56px) 100vw, 56px\" \/><\/th>\n<td class=\"woocommerce-product-attributes-item__value\" style=\"width: 25%;\">PL-JX-010-1<\/p>\n<p>\uff08Nozul 50)<\/td>\n<td class=\"woocommerce-product-attributes-item__value\">D\u00f6ner<\/td>\n<td class=\"woocommerce-product-attributes-item__value\">\u00a0\u226450mm<\/td>\n<\/tr>\n<tr class=\"woocommerce-product-attributes-item woocommerce-product-attributes-item--attribute_input-voltage\">\n<th class=\"woocommerce-product-attributes-item__label\" style=\"width: 25%;\" scope=\"row\"><img loading=\"lazy\" decoding=\"async\" class=\"alignnone size-full wp-image-10510\" src=\"https:\/\/aismuhendislik.com\/wp-content\/uploads\/2025\/02\/9.png\" alt=\"\" width=\"53\" height=\"53\" srcset=\"https:\/\/aismuhendislik.com\/wp-content\/uploads\/2025\/02\/9.png 53w, https:\/\/aismuhendislik.com\/wp-content\/uploads\/2025\/02\/9-12x12.png 12w\" sizes=\"auto, (max-width: 53px) 100vw, 53px\" \/><\/th>\n<td class=\"woocommerce-product-attributes-item__value\" style=\"width: 25%;\">PL-JX-012-1<\/p>\n<p>\uff08Nozul 75)<\/td>\n<td class=\"woocommerce-product-attributes-item__value\">D\u00f6ner<\/td>\n<td class=\"woocommerce-product-attributes-item__value\">\u00a0\u226475mm<\/td>\n<\/tr>\n<tr class=\"woocommerce-product-attributes-item woocommerce-product-attributes-item--attribute_input-voltage\">\n<th class=\"woocommerce-product-attributes-item__label\" style=\"width: 25%;\" scope=\"row\"><img loading=\"lazy\" decoding=\"async\" class=\"alignnone size-full wp-image-10511\" src=\"https:\/\/aismuhendislik.com\/wp-content\/uploads\/2025\/02\/10.png\" alt=\"\" width=\"62\" height=\"56\" srcset=\"https:\/\/aismuhendislik.com\/wp-content\/uploads\/2025\/02\/10.png 62w, https:\/\/aismuhendislik.com\/wp-content\/uploads\/2025\/02\/10-13x12.png 13w\" sizes=\"auto, (max-width: 62px) 100vw, 62px\" \/><\/th>\n<td class=\"woocommerce-product-attributes-item__value\" style=\"width: 25%;\">PL-JX-016-1<\/p>\n<p>\uff08Nozul 85)<\/td>\n<td class=\"woocommerce-product-attributes-item__value\">D\u00f6ner<\/td>\n<td class=\"woocommerce-product-attributes-item__value\">\u00a0\u226485mm<\/td>\n<\/tr>\n<tr class=\"woocommerce-product-attributes-item woocommerce-product-attributes-item--attribute_input-voltage\">\n<th class=\"woocommerce-product-attributes-item__label\" style=\"width: 25%;\" scope=\"row\"><img loading=\"lazy\" decoding=\"async\" class=\"alignnone wp-image-10512\" src=\"https:\/\/aismuhendislik.com\/wp-content\/uploads\/2025\/02\/11.png\" alt=\"\" width=\"79\" height=\"79\" srcset=\"https:\/\/aismuhendislik.com\/wp-content\/uploads\/2025\/02\/11.png 100w, https:\/\/aismuhendislik.com\/wp-content\/uploads\/2025\/02\/11-12x12.png 12w\" sizes=\"auto, (max-width: 79px) 100vw, 79px\" \/><\/th>\n<td class=\"woocommerce-product-attributes-item__value\" style=\"width: 25%;\">PL-JX-018-1<\/p>\n<p>\uff08Nozul 100)<\/td>\n<td class=\"woocommerce-product-attributes-item__value\">D\u00f6ner<\/td>\n<td class=\"woocommerce-product-attributes-item__value\">\u00a0\u2264110mm<\/td>\n<\/tr>\n<\/tbody>\n<\/table>\n<p>&nbsp;<\/p>\n","protected":false},"excerpt":{"rendered":"<div class=\"elementor-element elementor-element-64da35a elementor-widget elementor-widget-text-editor\" data-id=\"64da35a\" data-element_type=\"widget\" data-widget_type=\"text-editor.default\">\n<div class=\"elementor-widget-container\">\n<p>Tek nozul sistemli cihazlardan d\u00f6ner nozul sistemli cihazlara kadar geni\u015f bir yelpazede profesyonel plazma y\u00fczey i\u015fleme cihazlar\u0131 sunmaktay\u0131z. Her modelin kendine \u00f6zg\u00fc kullan\u0131m alanlar\u0131 vard\u0131r. \u0130htiyaca g\u00f6re nozul se\u00e7ilmelidir. B\u00f6ylece plazma y\u00fczey i\u015fleminde verim kayb\u0131 olmayacakt\u0131r.<\/p>\n<\/div>\n<\/div>\n","protected":false},"featured_media":10513,"comment_status":"open","ping_status":"closed","template":"","meta":[],"product_brand":[],"product_cat":[130],"product_tag":[],"class_list":{"0":"post-10500","1":"product","2":"type-product","3":"status-publish","4":"has-post-thumbnail","6":"product_cat-plazma-yedek-parca-ve-tamiri","8":"first","9":"instock","10":"shipping-taxable","11":"product-type-simple"},"_links":{"self":[{"href":"http:\/\/aismuhendislik.com\/tr\/wp-json\/wp\/v2\/product\/10500","targetHints":{"allow":["GET"]}}],"collection":[{"href":"http:\/\/aismuhendislik.com\/tr\/wp-json\/wp\/v2\/product"}],"about":[{"href":"http:\/\/aismuhendislik.com\/tr\/wp-json\/wp\/v2\/types\/product"}],"replies":[{"embeddable":true,"href":"http:\/\/aismuhendislik.com\/tr\/wp-json\/wp\/v2\/comments?post=10500"}],"wp:featuredmedia":[{"embeddable":true,"href":"http:\/\/aismuhendislik.com\/tr\/wp-json\/wp\/v2\/media\/10513"}],"wp:attachment":[{"href":"http:\/\/aismuhendislik.com\/tr\/wp-json\/wp\/v2\/media?parent=10500"}],"wp:term":[{"taxonomy":"product_brand","embeddable":true,"href":"http:\/\/aismuhendislik.com\/tr\/wp-json\/wp\/v2\/product_brand?post=10500"},{"taxonomy":"product_cat","embeddable":true,"href":"http:\/\/aismuhendislik.com\/tr\/wp-json\/wp\/v2\/product_cat?post=10500"},{"taxonomy":"product_tag","embeddable":true,"href":"http:\/\/aismuhendislik.com\/tr\/wp-json\/wp\/v2\/product_tag?post=10500"}],"curies":[{"name":"wp","href":"https:\/\/api.w.org\/{rel}","templated":true}]}}