{"id":10498,"date":"2025-02-28T15:06:53","date_gmt":"2025-02-28T12:06:53","guid":{"rendered":"https:\/\/aismuhendislik.com\/?post_type=product&#038;p=10498"},"modified":"2025-02-28T15:11:55","modified_gmt":"2025-02-28T12:11:55","slug":"plazma-bakim-ve-tamiri","status":"publish","type":"product","link":"http:\/\/aismuhendislik.com\/tr\/urun\/plazma-bakim-ve-tamiri\/","title":{"rendered":"Plazma Bak\u0131m ve Tamiri"},"content":{"rendered":"","protected":false},"excerpt":{"rendered":"<h3 data-pm-slice=\"1 1 []\"><strong>Plazma Y\u00fczey \u0130\u015flem Cihaz\u0131 Bak\u0131m\u0131 &amp; Tamiri<\/strong><\/h3>\n<p data-pm-slice=\"1 1 []\">Plazma y\u00fczey i\u015flem cihazlar\u0131n\u0131n uzun \u00f6m\u00fcrl\u00fc ve y\u00fcksek verimle \u00e7al\u0131\u015fabilmesi i\u00e7in\u00a0profesyonel tamir hizmeti gereklidir. Her marka plazma y\u00fczey i\u015flem cihaz\u0131 i\u00e7in bak\u0131m, onar\u0131m ve yedek par\u00e7a de\u011fi\u015fim hizmetleri sunuyoruz!<\/p>\n<p>Plazma y\u00fczey aktivasyon cihazlar\u0131 bak\u0131m\u0131<br \/>\nKorona ve plazma sistemleri tamiri<br \/>\nAr\u0131za tespiti ve onar\u0131m hizmeti<br \/>\nYedek par\u00e7a de\u011fi\u015fimi ve teknik servis<\/p>\n<p>Plazma y\u00fczey i\u015flem cihaz\u0131n\u0131z\u0131n y\u00fczey aktivasyonu zay\u0131flad\u0131 m\u0131? \u0130\u015flem s\u0131ras\u0131nda tutunma problemleri veya d\u00fczensiz plazma ak\u0131\u015f\u0131 m\u0131 ya\u015f\u0131yorsunuz? Hemen bizimle ileti\u015fime ge\u00e7in!<\/p>\n<p>Uzman ekibimizle, plazma y\u00fczey i\u015flem cihazlar\u0131n\u0131z\u0131 en y\u00fcksek verimle \u00e7al\u0131\u015facak \u015fekilde bak\u0131ma al\u0131yoruz.<br \/>\nH\u0131zl\u0131 ve garantili servis hizmetimizle \u00fcretim s\u00fcre\u00e7lerinizi aksatmadan \u00e7\u00f6z\u00fcmler sunuyoruz.<\/p>\n<p>Teklif almak ve servis talebi olu\u015fturmak i\u00e7in hemen bizimle ileti\u015fime ge\u00e7in!<\/p>\n","protected":false},"featured_media":0,"comment_status":"open","ping_status":"closed","template":"","meta":[],"product_brand":[],"product_cat":[130],"product_tag":[],"class_list":{"0":"post-10498","1":"product","2":"type-product","3":"status-publish","5":"product_cat-plazma-yedek-parca-ve-tamiri","7":"first","8":"instock","9":"shipping-taxable","10":"product-type-simple"},"_links":{"self":[{"href":"http:\/\/aismuhendislik.com\/tr\/wp-json\/wp\/v2\/product\/10498","targetHints":{"allow":["GET"]}}],"collection":[{"href":"http:\/\/aismuhendislik.com\/tr\/wp-json\/wp\/v2\/product"}],"about":[{"href":"http:\/\/aismuhendislik.com\/tr\/wp-json\/wp\/v2\/types\/product"}],"replies":[{"embeddable":true,"href":"http:\/\/aismuhendislik.com\/tr\/wp-json\/wp\/v2\/comments?post=10498"}],"wp:attachment":[{"href":"http:\/\/aismuhendislik.com\/tr\/wp-json\/wp\/v2\/media?parent=10498"}],"wp:term":[{"taxonomy":"product_brand","embeddable":true,"href":"http:\/\/aismuhendislik.com\/tr\/wp-json\/wp\/v2\/product_brand?post=10498"},{"taxonomy":"product_cat","embeddable":true,"href":"http:\/\/aismuhendislik.com\/tr\/wp-json\/wp\/v2\/product_cat?post=10498"},{"taxonomy":"product_tag","embeddable":true,"href":"http:\/\/aismuhendislik.com\/tr\/wp-json\/wp\/v2\/product_tag?post=10498"}],"curies":[{"name":"wp","href":"https:\/\/api.w.org\/{rel}","templated":true}]}}