{"id":10476,"date":"2025-02-27T18:39:00","date_gmt":"2025-02-27T15:39:00","guid":{"rendered":"https:\/\/aismuhendislik.com\/?post_type=product&#038;p=10476"},"modified":"2025-07-04T11:43:25","modified_gmt":"2025-07-04T08:43:25","slug":"keylink-vl-10-a-vakum-plazma-yuzey-islem-sistemi","status":"publish","type":"product","link":"http:\/\/aismuhendislik.com\/tr\/urun\/keylink-vl-10-a-vakum-plazma-yuzey-islem-sistemi\/","title":{"rendered":"KeyLink VL-10-A Vakum Plazma Y\u00fczey \u0130\u015flem Sistemi"},"content":{"rendered":"<p><em><strong>Ais M\u00fchendislik,\u00a0<a href=\"https:\/\/www.keylinktech.com\/\"><span style=\"color: #00ccff;\">KeyLink Technology<\/span><\/a>\u2018nin T\u00fcrkiye Resmi Distrib\u00fct\u00f6r\u00fcd\u00fcr.<\/strong><\/em><\/p>\n<p data-start=\"0\" data-end=\"71\"><strong data-start=\"0\" data-end=\"69\">Keylink Technology \u2013 Orta Boy Paneller i\u00e7in Plazma \u0130\u015fleme Sistemi<\/strong><\/p>\n<p data-start=\"73\" data-end=\"240\">Keylink Technology, <strong data-start=\"93\" data-end=\"225\">Bask\u0131l\u0131 Devre Kart\u0131 (PCB) \u00fcretimi ve di\u011fer ilgili uygulamalar i\u00e7in orta boy panellerin i\u015flenmesine y\u00f6nelik Plazma \u0130\u015fleme Sistemi<\/strong> sunmaktad\u0131r.<\/p>\n<h3 data-start=\"242\" data-end=\"276\"><strong data-start=\"246\" data-end=\"274\">Vakum Plazma Teknolojisi<\/strong><\/h3>\n<p data-start=\"277\" data-end=\"390\">Vakum plazma, \u00fcr\u00fcn veya par\u00e7an\u0131n <strong data-start=\"310\" data-end=\"388\">t\u00fcm y\u00fczeylerinin i\u015fleme tabi tutulmas\u0131 gerekti\u011finde en uygun teknolojidir.<\/strong><\/p>\n<ul data-start=\"391\" data-end=\"746\">\n<li data-start=\"391\" data-end=\"482\"><strong data-start=\"393\" data-end=\"480\">3D par\u00e7alar ve eri\u015filmesi zor alanlar bile e\u015fit ve homojen bir \u015fekilde i\u015flenebilir.<\/strong><\/li>\n<li data-start=\"483\" data-end=\"610\">\u0130\u015flem, <strong data-start=\"492\" data-end=\"608\">orta vakum seviyesinde (genellikle 0.1-1.0 mbar) kapal\u0131 bir hazne i\u00e7inde kontroll\u00fc bir ortamda ger\u00e7ekle\u015ftirilir.<\/strong><\/li>\n<li data-start=\"611\" data-end=\"746\">Gaz, y\u00fcksek frekansl\u0131 elektrik alan\u0131 ile enerji kazan\u0131r ve <strong data-start=\"672\" data-end=\"744\">hazne plazma ile doldurularak t\u00fcm y\u00fczeylerin i\u015flem g\u00f6rmesi sa\u011flan\u0131r.<\/strong><\/li>\n<\/ul>\n<h3 data-start=\"748\" data-end=\"797\"><strong data-start=\"752\" data-end=\"795\">Vakum Plazma Teknolojisinin Avantajlar\u0131<\/strong><\/h3>\n<ul data-start=\"798\" data-end=\"977\">\n<li data-start=\"798\" data-end=\"849\"><strong data-start=\"800\" data-end=\"847\">Organik ve inorganik maddelerin giderilmesi<\/strong><\/li>\n<li data-start=\"850\" data-end=\"875\"><strong data-start=\"852\" data-end=\"873\">Y\u00fczey aktivasyonu<\/strong><\/li>\n<li data-start=\"876\" data-end=\"909\"><strong data-start=\"878\" data-end=\"907\">Y\u00fczey a\u015f\u0131nd\u0131rma (etching)<\/strong><\/li>\n<li data-start=\"910\" data-end=\"977\"><strong data-start=\"912\" data-end=\"975\">Islanabilirlik ve yap\u0131\u015fma \u00f6zelliklerinde \u00f6nemli iyile\u015ftirme<\/strong><\/li>\n<\/ul>\n<p data-start=\"979\" data-end=\"1112\" data-is-last-node=\"\" data-is-only-node=\"\"><strong data-start=\"979\" data-end=\"1007\">Vakum Plazma Teknolojisi<\/strong>, y\u00fcksek hassasiyet ve g\u00fcvenilirlik gerektiren \u00fcretim s\u00fcre\u00e7lerinde <strong data-start=\"1074\" data-end=\"1105\">\u00fcst\u00fcn y\u00fczey i\u015flem \u00e7\u00f6z\u00fcmleri<\/strong> sunar.<\/p>\n","protected":false},"excerpt":{"rendered":"<p><em><strong>Ais M\u00fchendislik,\u00a0<a href=\"https:\/\/www.keylinktech.com\/\"><span style=\"color: #00ccff;\">KeyLink Technology<\/span><\/a>\u2018nin T\u00fcrkiye Resmi Distrib\u00fct\u00f6r\u00fcd\u00fcr.<\/strong><\/em><\/p>\n<table class=\"woocommerce-product-attributes shop_attributes\" aria-label=\"\u00dcr\u00fcn Detaylar\u0131\" data-no-translation-aria-label=\"\">\n<tbody>\n<tr class=\"woocommerce-product-attributes-item woocommerce-product-attributes-item--attribute_input-voltage\">\n<th class=\"woocommerce-product-attributes-item__label\" scope=\"row\">Giri\u015f Voltaj\u0131<\/th>\n<td class=\"woocommerce-product-attributes-item__value\">AC220V\uff08\u00b110%\uff09<\/td>\n<\/tr>\n<tr class=\"woocommerce-product-attributes-item woocommerce-product-attributes-item--attribute_process-gases\">\n<th class=\"woocommerce-product-attributes-item__label\" scope=\"row\">Proses Gazlar\u0131<\/th>\n<td class=\"woocommerce-product-attributes-item__value\">0,3~0,4Mpa<\/td>\n<\/tr>\n<tr class=\"woocommerce-product-attributes-item woocommerce-product-attributes-item--attribute_size\">\n<th class=\"woocommerce-product-attributes-item__label\" scope=\"row\">Boyut<\/th>\n<td class=\"woocommerce-product-attributes-item__value\">U550\u00d7G550\u00d7D830mm (ger\u00e7ek \u00fcr\u00fcne ba\u011fl\u0131 olarak)<\/td>\n<\/tr>\n<tr class=\"woocommerce-product-attributes-item woocommerce-product-attributes-item--attribute_weight\">\n<th class=\"woocommerce-product-attributes-item__label\" scope=\"row\">A\u011f\u0131rl\u0131k<\/th>\n<td class=\"woocommerce-product-attributes-item__value\">Yakla\u015f\u0131k 200Kg<\/td>\n<\/tr>\n<tr class=\"woocommerce-product-attributes-item woocommerce-product-attributes-item--attribute_appearance\">\n<th class=\"woocommerce-product-attributes-item__label\" scope=\"row\">D\u0131\u015f g\u00f6r\u00fcn\u00fc\u015f<\/th>\n<td class=\"woocommerce-product-attributes-item__value\">Koyu mavi boya<\/td>\n<\/tr>\n<tr class=\"woocommerce-product-attributes-item woocommerce-product-attributes-item--attribute_total-power\">\n<th class=\"woocommerce-product-attributes-item__label\" scope=\"row\">Toplam G\u00fc\u00e7<\/th>\n<td class=\"woocommerce-product-attributes-item__value\">1,8 kW<\/td>\n<\/tr>\n<tr class=\"woocommerce-product-attributes-item woocommerce-product-attributes-item--attribute_power-supply\">\n<th class=\"woocommerce-product-attributes-item__label\" scope=\"row\">G\u00fc\u00e7 kayna\u011f\u0131<\/th>\n<td class=\"woocommerce-product-attributes-item__value\">300W<\/td>\n<\/tr>\n<tr class=\"woocommerce-product-attributes-item woocommerce-product-attributes-item--attribute_power\">\n<th class=\"woocommerce-product-attributes-item__label\" scope=\"row\">G\u00fc\u00e7<\/th>\n<td class=\"woocommerce-product-attributes-item__value\">13.56MHz\/40KHz<\/td>\n<\/tr>\n<tr class=\"woocommerce-product-attributes-item woocommerce-product-attributes-item--attribute_time-from-vacuuming-to-cleaning-preparation\">\n<th class=\"woocommerce-product-attributes-item__label\" scope=\"row\">Vakumlamadan temizlik haz\u0131rl\u0131\u011f\u0131na kadar ge\u00e7en s\u00fcre<\/th>\n<td class=\"woocommerce-product-attributes-item__value\">20 saniye i\u00e7inde<\/td>\n<\/tr>\n<tr class=\"woocommerce-product-attributes-item woocommerce-product-attributes-item--attribute_vacuum-line\">\n<th class=\"woocommerce-product-attributes-item__label\" scope=\"row\">Vakum hatt\u0131<\/th>\n<td class=\"woocommerce-product-attributes-item__value\">Tamamen paslanmaz \u00e7elik borular ve y\u00fcksek mukavemetli vakum k\u00f6r\u00fckleri<\/td>\n<\/tr>\n<tr class=\"woocommerce-product-attributes-item woocommerce-product-attributes-item--attribute_chamber-material\">\n<th class=\"woocommerce-product-attributes-item__label\" scope=\"row\">Oda Malzemesi<\/th>\n<td class=\"woocommerce-product-attributes-item__value\">Paslanmaz \u00e7elik<\/td>\n<\/tr>\n<tr class=\"woocommerce-product-attributes-item woocommerce-product-attributes-item--attribute_chamber-thickness\">\n<th class=\"woocommerce-product-attributes-item__label\" scope=\"row\">Oda Kal\u0131nl\u0131\u011f\u0131<\/th>\n<td class=\"woocommerce-product-attributes-item__value\">10 mm<\/td>\n<\/tr>\n<tr class=\"woocommerce-product-attributes-item woocommerce-product-attributes-item--attribute_sealing\">\n<th class=\"woocommerce-product-attributes-item__label\" scope=\"row\">S\u0131zd\u0131rmazl\u0131k<\/th>\n<td class=\"woocommerce-product-attributes-item__value\">Son vakum derecesi &lt;5Pa, s\u0131z\u0131nt\u0131 oran\u0131 &gt;15Pa\/s<\/td>\n<\/tr>\n<tr class=\"woocommerce-product-attributes-item woocommerce-product-attributes-item--attribute_chamber-internal-dimensions-customizable\">\n<th class=\"woocommerce-product-attributes-item__label\" scope=\"row\">Oda \u0130\u00e7 \u00d6l\u00e7\u00fcleri (\u00d6zelle\u015ftirilebilir)<\/th>\n<td class=\"woocommerce-product-attributes-item__value\">280\u00d7180\u00d7270 mm (geni\u015flik\u00d7y\u00fckseklik\u00d7derinlik)<\/td>\n<\/tr>\n<tr class=\"woocommerce-product-attributes-item woocommerce-product-attributes-item--attribute_effective-size-of-electrode-plate-customizable\">\n<th class=\"woocommerce-product-attributes-item__label\" scope=\"row\">Elektrot Plakas\u0131n\u0131n Etkin Boyutu (\u00d6zelle\u015ftirilebilir)<\/th>\n<td class=\"woocommerce-product-attributes-item__value\">220\u00d7210mm (geni\u015flik\u00d7derinlik)<\/td>\n<\/tr>\n<tr class=\"woocommerce-product-attributes-item woocommerce-product-attributes-item--attribute_available-space-spacing-customizable\">\n<th class=\"woocommerce-product-attributes-item__label\" scope=\"row\">Mevcut Alan Aral\u0131\u011f\u0131 (\u00d6zelle\u015ftirilebilir)<\/th>\n<td class=\"woocommerce-product-attributes-item__value\">32mm<\/td>\n<\/tr>\n<tr class=\"woocommerce-product-attributes-item woocommerce-product-attributes-item--attribute_electrode-plate-arrangement-customizable\">\n<th class=\"woocommerce-product-attributes-item__label\" scope=\"row\">Elektrot Plaka D\u00fczenlemesi (\u00d6zelle\u015ftirilebilir)<\/th>\n<td class=\"woocommerce-product-attributes-item__value\">Yatay elektrot plakalar\u0131, plaka aral\u0131\u011f\u0131 48mm<\/td>\n<\/tr>\n<tr class=\"woocommerce-product-attributes-item woocommerce-product-attributes-item--attribute_work-tray-customizable\">\n<th class=\"woocommerce-product-attributes-item__label\" scope=\"row\">\u00c7al\u0131\u015fma Tepsisi (\u00d6zelle\u015ftirilebilir)<\/th>\n<td class=\"woocommerce-product-attributes-item__value\">3 katl\u0131 tel \u00f6rg\u00fc palet<\/td>\n<\/tr>\n<tr class=\"woocommerce-product-attributes-item woocommerce-product-attributes-item--attribute_workspace-customizable\">\n<th class=\"woocommerce-product-attributes-item__label\" scope=\"row\">\u00c7al\u0131\u015fma Alan\u0131 (\u00d6zelle\u015ftirilebilir)<\/th>\n<td class=\"woocommerce-product-attributes-item__value\">3 katman<\/td>\n<\/tr>\n<tr class=\"woocommerce-product-attributes-item woocommerce-product-attributes-item--attribute_process-gas-flow-range\">\n<th class=\"woocommerce-product-attributes-item__label\" scope=\"row\">Proses Gaz Ak\u0131\u015f Aral\u0131\u011f\u0131<\/th>\n<td class=\"woocommerce-product-attributes-item__value\">0~300SCCM<\/td>\n<\/tr>\n<tr class=\"woocommerce-product-attributes-item woocommerce-product-attributes-item--attribute_process-gas-circuit-customizable\">\n<th class=\"woocommerce-product-attributes-item__label\" scope=\"row\">Proses Gaz Devresi (\u00d6zelle\u015ftirilebilir)<\/th>\n<td class=\"woocommerce-product-attributes-item__value\">Standart konfig\u00fcrasyon: Argon ve oksijen iki y\u00f6nl\u00fc i\u015flem gaz\u0131 (1 MFC)<\/td>\n<\/tr>\n<tr class=\"woocommerce-product-attributes-item woocommerce-product-attributes-item--attribute_gas-pipeline\">\n<th class=\"woocommerce-product-attributes-item__label\" scope=\"row\">Gaz Boru Hatt\u0131<\/th>\n<td class=\"woocommerce-product-attributes-item__value\">teflon malzeme<\/td>\n<\/tr>\n<tr class=\"woocommerce-product-attributes-item woocommerce-product-attributes-item--attribute_control-system\">\n<th class=\"woocommerce-product-attributes-item__label\" scope=\"row\">Kontrol Sistemi<\/th>\n<td class=\"woocommerce-product-attributes-item__value\">PLC (Siemens)<\/td>\n<\/tr>\n<tr class=\"woocommerce-product-attributes-item woocommerce-product-attributes-item--attribute_hmi\">\n<th class=\"woocommerce-product-attributes-item__label\" scope=\"row\">\u0130nsan-makine aray\u00fcz\u00fc<\/th>\n<td class=\"woocommerce-product-attributes-item__value\">Dokunmatik etkile\u015fim: 7 in\u00e7 dokunmatik ekran (Siemens)<\/td>\n<\/tr>\n<tr class=\"woocommerce-product-attributes-item woocommerce-product-attributes-item--attribute_control-mode\">\n<th class=\"woocommerce-product-attributes-item__label\" scope=\"row\">Kontrol Modu<\/th>\n<td class=\"woocommerce-product-attributes-item__value\">Otomatik ve manuel mod kontrol\u00fc (de\u011fi\u015ftirilebilir)<\/td>\n<\/tr>\n<\/tbody>\n<\/table>\n<p>&nbsp;<\/p>\n","protected":false},"featured_media":10477,"comment_status":"open","ping_status":"closed","template":"","meta":[],"product_brand":[],"product_cat":[129],"product_tag":[],"class_list":{"0":"post-10476","1":"product","2":"type-product","3":"status-publish","4":"has-post-thumbnail","6":"product_cat-keylink-vakum-plazma-yuzey-islemi","8":"first","9":"instock","10":"shipping-taxable","11":"product-type-simple"},"_links":{"self":[{"href":"http:\/\/aismuhendislik.com\/tr\/wp-json\/wp\/v2\/product\/10476","targetHints":{"allow":["GET"]}}],"collection":[{"href":"http:\/\/aismuhendislik.com\/tr\/wp-json\/wp\/v2\/product"}],"about":[{"href":"http:\/\/aismuhendislik.com\/tr\/wp-json\/wp\/v2\/types\/product"}],"replies":[{"embeddable":true,"href":"http:\/\/aismuhendislik.com\/tr\/wp-json\/wp\/v2\/comments?post=10476"}],"wp:featuredmedia":[{"embeddable":true,"href":"http:\/\/aismuhendislik.com\/tr\/wp-json\/wp\/v2\/media\/10477"}],"wp:attachment":[{"href":"http:\/\/aismuhendislik.com\/tr\/wp-json\/wp\/v2\/media?parent=10476"}],"wp:term":[{"taxonomy":"product_brand","embeddable":true,"href":"http:\/\/aismuhendislik.com\/tr\/wp-json\/wp\/v2\/product_brand?post=10476"},{"taxonomy":"product_cat","embeddable":true,"href":"http:\/\/aismuhendislik.com\/tr\/wp-json\/wp\/v2\/product_cat?post=10476"},{"taxonomy":"product_tag","embeddable":true,"href":"http:\/\/aismuhendislik.com\/tr\/wp-json\/wp\/v2\/product_tag?post=10476"}],"curies":[{"name":"wp","href":"https:\/\/api.w.org\/{rel}","templated":true}]}}