{"id":10188,"date":"2024-10-29T13:35:33","date_gmt":"2024-10-29T10:35:33","guid":{"rendered":"https:\/\/aismuhendislik.com\/?post_type=product&#038;p=10188"},"modified":"2025-02-06T08:39:53","modified_gmt":"2025-02-06T05:39:53","slug":"pipe-korona","status":"publish","type":"product","link":"http:\/\/aismuhendislik.com\/tr\/urun\/pipe-korona\/","title":{"rendered":"Pipe (Boru) Korona"},"content":{"rendered":"<table width=\"1333\">\n<tbody>\n<tr>\n<td width=\"1333\">Boru \u00c7aplar\u0131: 750 mm-2000mm<\/td>\n<\/tr>\n<tr>\n<td>Hat H\u0131z\u0131 : 1- 10 mt\/dk<\/td>\n<\/tr>\n<tr>\n<td>Elektrot: : \u00d6zel Tasar\u0131m Al\u00fcminyum<\/td>\n<\/tr>\n<tr>\n<td>Uygulama Y\u00fczeyi : Tek<\/td>\n<\/tr>\n<tr>\n<td>Mikroi\u015flemci kontroll\u00fc IGBT teknolojisi<\/td>\n<\/tr>\n<tr>\n<td>LCD dokunmatik ekranl\u0131 aray\u00fcz<\/td>\n<\/tr>\n<tr>\n<td>220V &#8211; 380V \u015febeke gerilimi ile \u00e7al\u0131\u015fma<\/td>\n<\/tr>\n<tr>\n<td>1-10 kW aras\u0131 \u00fcretim imkan\u0131<\/td>\n<\/tr>\n<tr>\n<td>10-30 khz \u00e7al\u0131\u015fma frekans\u0131<\/td>\n<\/tr>\n<tr>\n<td>Maksimum minimum g\u00fc\u00e7 ayarlama \u00f6zelli\u011fi,<\/td>\n<\/tr>\n<tr>\n<td>A\u015f\u0131r\u0131 ak\u0131m ve k\u0131sa devre korumas\u0131<\/td>\n<\/tr>\n<tr>\n<td>Ya\u011fl\u0131 tip y\u00fcksek gerilim trafosu<\/td>\n<\/tr>\n<tr>\n<td>\u00dcr\u00fcn hareket kontrol\u00fc<\/td>\n<\/tr>\n<tr>\n<td>\u00dcr\u00fcn metraj takibi<\/td>\n<\/tr>\n<tr>\n<td>G\u00f6rsel ve sesli hata bildirimleri.<\/td>\n<\/tr>\n<tr>\n<td>CE, TS EN ISO 9001, TS ISO 10002 belgeleri<\/td>\n<\/tr>\n<\/tbody>\n<\/table>\n","protected":false},"excerpt":{"rendered":"<p>Pipe (Boru) Korona, boru \u00fcretim hatt\u0131nda y\u00fczey aktivasyonunu sa\u011flayarak yap\u0131\u015fma, kaplama, bask\u0131 ve di\u011fer y\u00fczey i\u015flemlerinin kalitesini art\u0131r\u0131r. Boru \u00fcretim hatlar\u0131nda Korona \u0130\u015flemi, plastik ve polimer esasl\u0131 borular\u0131n y\u00fczey enerjisini art\u0131rmak ve y\u00fczey \u00f6zelliklerini iyile\u015ftirmek i\u00e7in uygulan\u0131r. Pipe (Boru) Korona sistemleri, \u00f6zellikle a\u015fa\u011f\u0131daki nedenlerle boru y\u00fczeyine korona i\u015flemi yapar:<\/p>\n<p><strong>1) Yap\u0131\u015fma G\u00fcc\u00fcn\u00fc Art\u0131rma:<\/strong><br \/>\nBoru y\u00fczeyine bask\u0131, etiketleme veya kaplama i\u015flemleri uygulanacaksa, y\u00fczeyin m\u00fcrekkep, boya veya yap\u0131\u015ft\u0131r\u0131c\u0131y\u0131 iyi tutmas\u0131 gerekir.<br \/>\nKorona i\u015flemi, borunun y\u00fczey enerjisini y\u00fckselterek kaplamalar\u0131n, boyalar\u0131n ve etiketlerin daha iyi yap\u0131\u015fmas\u0131n\u0131 sa\u011flar.<br \/>\n<strong>2) Laminasyon ve Kaplama \u0130\u015flemleri \u0130\u00e7in Y\u00fczey Haz\u0131rlama:<\/strong><br \/>\nBorulara koruyucu kaplama (coating), metal kaplama veya laminasyon uygulanacaksa, y\u00fczeyin bu i\u015flemlere uygun hale gelmesi gerekir.<br \/>\nKorona i\u015flemi, y\u00fczeyin daha p\u00fcr\u00fczl\u00fc ve al\u0131c\u0131 hale gelmesini sa\u011flayarak kaplaman\u0131n soyulmas\u0131n\u0131 veya \u00e7atlamas\u0131n\u0131 \u00f6nler.<br \/>\n<strong>3) Boru Y\u00fczeyinin Temizlenmesi ve Aktivasyonu:<\/strong><br \/>\n\u00dcretim s\u00fcrecinde boru y\u00fczeyinde ya\u011f, toz ve \u00fcretim kal\u0131nt\u0131lar\u0131 olu\u015fabilir.<br \/>\nKorona i\u015flemi, y\u00fczeyi mikroskobik seviyede temizleyerek daha reaktif hale getirir ve sonraki i\u015flemler i\u00e7in ideal y\u00fczey ko\u015fullar\u0131 olu\u015fturur.<\/p>\n<div class=\"summary-inner set-mb-l reset-last-child is_stuck\">\n<div class=\"woocommerce-product-details__short-description\">\n<p>https:\/\/www.youtube.com\/watch?v=i_U0IbbtfRs&amp;list=PLJ6UXKU-J4nJ1ZeM4lhThPZJ7VEzMOQWI&amp;index=1&amp;ab_channel=AisM%C3%BChendislik<\/p>\n<\/div>\n<\/div>\n","protected":false},"featured_media":10198,"comment_status":"open","ping_status":"closed","template":"","meta":[],"product_brand":[],"product_cat":[71],"product_tag":[],"class_list":{"0":"post-10188","1":"product","2":"type-product","3":"status-publish","4":"has-post-thumbnail","6":"product_cat-korona-makinalari","8":"first","9":"instock","10":"shipping-taxable","11":"product-type-simple"},"_links":{"self":[{"href":"http:\/\/aismuhendislik.com\/tr\/wp-json\/wp\/v2\/product\/10188","targetHints":{"allow":["GET"]}}],"collection":[{"href":"http:\/\/aismuhendislik.com\/tr\/wp-json\/wp\/v2\/product"}],"about":[{"href":"http:\/\/aismuhendislik.com\/tr\/wp-json\/wp\/v2\/types\/product"}],"replies":[{"embeddable":true,"href":"http:\/\/aismuhendislik.com\/tr\/wp-json\/wp\/v2\/comments?post=10188"}],"wp:featuredmedia":[{"embeddable":true,"href":"http:\/\/aismuhendislik.com\/tr\/wp-json\/wp\/v2\/media\/10198"}],"wp:attachment":[{"href":"http:\/\/aismuhendislik.com\/tr\/wp-json\/wp\/v2\/media?parent=10188"}],"wp:term":[{"taxonomy":"product_brand","embeddable":true,"href":"http:\/\/aismuhendislik.com\/tr\/wp-json\/wp\/v2\/product_brand?post=10188"},{"taxonomy":"product_cat","embeddable":true,"href":"http:\/\/aismuhendislik.com\/tr\/wp-json\/wp\/v2\/product_cat?post=10188"},{"taxonomy":"product_tag","embeddable":true,"href":"http:\/\/aismuhendislik.com\/tr\/wp-json\/wp\/v2\/product_tag?post=10188"}],"curies":[{"name":"wp","href":"https:\/\/api.w.org\/{rel}","templated":true}]}}