{"id":9563,"date":"2023-07-15T10:00:07","date_gmt":"2023-07-15T10:00:07","guid":{"rendered":"https:\/\/aismuhendislik.com\/?page_id=9563"},"modified":"2024-11-18T17:55:34","modified_gmt":"2024-11-18T14:55:34","slug":"korona-ve-plazma-teknolojisi","status":"publish","type":"page","link":"http:\/\/aismuhendislik.com\/tr\/bilgi-bankasi\/korona-ve-plazma-teknolojisi\/","title":{"rendered":"Korona ve Plazma Teknolojisi"},"content":{"rendered":"<section class=\"wpb-content-wrapper\"><div data-vc-full-width=\"true\" data-vc-full-width-init=\"false\" class=\"vc_row wpb_row vc_row-fluid vc_custom_1638369615041 vc_row-has-fill vc_row-o-content-middle vc_row-flex wd-rs-61a7894b83b6e\"><div class=\"wpb_column wpb_animate_when_almost_visible wpb_wd-slide-from-bottom wd-slide-from-bottom vc_column_container vc_col-sm-12 wd-rs-611241cebb679\"><div class=\"vc_column-inner vc_custom_1628586456733\"><div class=\"wpb_wrapper\">\n\t\t<div id=\"wd-64b45262379b6\" class=\"title-wrapper wd-wpb set-mb-s reset-last-child  wd-rs-64b45262379b6 wd-title-color-default wd-title-style-default text-center vc_custom_1689539209394 wd-width-custom wd-underline-colored\">\n\t\t\t\n\t\t\t<div class=\"liner-continer\">\n\t\t\t\t<h4 class=\"woodmart-title-container title  wd-font-weight- wd-fontsize-l\" ><u>KORONA VE PLAZMA<\/u> TEKNOLOJ\u0130S\u0130<\/h4>\n\t\t\t\t\t\t\t<\/div>\n\t\t\t\n\t\t\t\n\t\t\t\n\t\t<\/div>\n\t\t\n\t\t\t\t<div id=\"wd-64b452be65154\" class=\"wd-text-block wd-wpb reset-last-child wd-rs-64b452be65154 text-center wd-fontsize-s vc_custom_1689539283728\">\n\t\t\t<p>Korona cihaz\u0131 ve plazma cihazlar\u0131 y\u00fczeylerin haz\u0131rlanmas\u0131 i\u015flemleri i\u00e7in kullan\u0131lan \u00e7evre dostu elektriksel cihazlard\u0131r.<\/p>\n<p>Bu y\u00f6ntem ile herhangi bir kimyasal kullanmadan ayn\u0131 zamanda malzemenin esas \u00f6zellikleri de\u011fi\u015ftirilmeden y\u00fczey \u00f6zellikleri geli\u015ftirilmekte, b\u00f6ylece i\u015flem yap\u0131lan malzemenin yap\u0131\u015ft\u0131rma, boyama, tutunma ve antiseptik \u00f6zellikleri artt\u0131r\u0131lmaktad\u0131r.<\/p>\n\t\t<\/div>\n\t\t\n\t\t<div id=\"wd-64b4550b7f778\" class=\"title-wrapper wd-wpb set-mb-s reset-last-child  wd-rs-64b4550b7f778 wd-title-color-default wd-title-style-default text-center  wd-underline-colored\">\n\t\t\t\n\t\t\t<div class=\"liner-continer\">\n\t\t\t\t<h4 class=\"woodmart-title-container title  wd-font-weight- wd-fontsize-l\" >Korona Elektron Bombard\u0131man\u0131 Neden Gereklidir?<\/h4>\n\t\t\t\t\t\t\t<\/div>\n\t\t\t\n\t\t\t\n\t\t\t\n\t\t<\/div>\n\t\t\n\t\t\t\t<div id=\"wd-64b454ef0bb63\" class=\"wd-image wd-wpb wd-animation-right-flip-y wd-animation-normal wd-rs-64b454ef0bb63 text-center \">\n\t\t\t\n\t\t\t<img loading=\"lazy\" decoding=\"async\" width=\"750\" height=\"392\" src=\"https:\/\/aismuhendislik.com\/wp-content\/uploads\/2023\/07\/teknoloji-korono-plazma-2.jpg\" class=\"attachment-full\" alt=\"\" title=\"teknoloji-korono-plazma-2\" srcset=\"https:\/\/aismuhendislik.com\/wp-content\/uploads\/2023\/07\/teknoloji-korono-plazma-2.jpg 750w, https:\/\/aismuhendislik.com\/wp-content\/uploads\/2023\/07\/teknoloji-korono-plazma-2-400x209.jpg 400w, https:\/\/aismuhendislik.com\/wp-content\/uploads\/2023\/07\/teknoloji-korono-plazma-2-430x225.jpg 430w, https:\/\/aismuhendislik.com\/wp-content\/uploads\/2023\/07\/teknoloji-korono-plazma-2-700x366.jpg 700w, https:\/\/aismuhendislik.com\/wp-content\/uploads\/2023\/07\/teknoloji-korono-plazma-2-150x78.jpg 150w\" sizes=\"auto, (max-width: 750px) 100vw, 750px\" \/>\n\t\t\t\t\t<\/div>\n\t\t<\/div><\/div><\/div><\/div><div class=\"vc_row-full-width vc_clearfix\"><\/div><div class=\"vc_row wpb_row vc_row-fluid vc_custom_1628181470337 vc_row-o-content-middle vc_row-flex wd-rs-610c13d9d4470\"><div class=\"wpb_column vc_column_container vc_col-sm-12\"><div class=\"vc_column-inner\"><div class=\"wpb_wrapper\"><div class=\"vc_row wpb_row vc_inner vc_row-fluid\"><div class=\"wpb_column vc_column_container vc_col-sm-6\"><div class=\"vc_column-inner\"><div class=\"wpb_wrapper\">\t\t<div id=\"wd-64b457b424822\" class=\"wd-image wd-wpb wd-rs-64b457b424822 text-center \">\n\t\t\t\n\t\t\t<img loading=\"lazy\" decoding=\"async\" width=\"599\" height=\"567\" src=\"https:\/\/aismuhendislik.com\/wp-content\/uploads\/2023\/07\/teknoloji-korono-plazma-3.jpg\" class=\"attachment-full\" alt=\"\" title=\"teknoloji-korono-plazma-3\" srcset=\"https:\/\/aismuhendislik.com\/wp-content\/uploads\/2023\/07\/teknoloji-korono-plazma-3.jpg 599w, https:\/\/aismuhendislik.com\/wp-content\/uploads\/2023\/07\/teknoloji-korono-plazma-3-317x300.jpg 317w, https:\/\/aismuhendislik.com\/wp-content\/uploads\/2023\/07\/teknoloji-korono-plazma-3-430x407.jpg 430w, https:\/\/aismuhendislik.com\/wp-content\/uploads\/2023\/07\/teknoloji-korono-plazma-3-150x142.jpg 150w\" sizes=\"auto, (max-width: 599px) 100vw, 599px\" \/>\n\t\t\t\t\t<\/div>\n\t\t<\/div><\/div><\/div><div class=\"wpb_column vc_column_container vc_col-sm-6\"><div class=\"vc_column-inner\"><div class=\"wpb_wrapper\">\n\t\t<div id=\"wd-64b457d8d2b52\" class=\"title-wrapper wd-wpb set-mb-s reset-last-child  wd-rs-64b457d8d2b52 wd-title-color-default wd-title-style-default text-center vc_custom_1689540573216 wd-underline-colored\">\n\t\t\t\n\t\t\t<div class=\"liner-continer\">\n\t\t\t\t<h4 class=\"woodmart-title-container title  wd-font-weight- wd-fontsize-m\" >Malzemelerin Y\u00fczey Enerjisi<\/h4>\n\t\t\t\t\t\t\t<\/div>\n\t\t\t\n\t\t\t\n\t\t\t\n\t\t<\/div>\n\t\t\n\t\t\t\t<div id=\"wd-64c0f97ed0709\" class=\"wd-text-block wd-wpb reset-last-child wd-rs-64c0f97ed0709 text-center wd-width-enabled vc_custom_1690368393261\" style=\"--wd-max-width: 80%;\">\n\t\t\t<p>Korona i\u015fleminin en \u00f6nemli etkisi, plastik veya film malzemenin y\u00fczey \u00f6zelliklerini de\u011fi\u015ftirmektir.<\/p>\n<p>\u00d6zellikle i\u015flem yap\u0131lacak malzemenin dyne\/cm olarak \u00f6l\u00e7\u00fclen y\u00fczey enerjisini artt\u0131rmakt\u0131r. Korona sistemleri, bu de\u011fi\u015fimi belirli bir s\u00fcre boyunca belirli bir malzeme y\u00fczeyine y\u00fcksek gerilim uygulamas\u0131yla yapar.<\/p>\n\t\t<\/div>\n\t\t<\/div><\/div><\/div><\/div><\/div><\/div><\/div><\/div><div class=\"vc_row wpb_row vc_row-fluid vc_custom_1689541084592 vc_row-o-content-middle vc_row-flex row-reverse-mobile wd-rs-64b459d67af75\"><div data-parallax='{\"x\":\"80\",\"y\":\"-1\",\"smoothness\":\"30\"}' class=\"wpb_column vc_column_container vc_col-sm-12 vc_col-lg-5 vc_col-md-6 vc_col-xs-12 wd-rs-6192879080942\"><div class=\"vc_column-inner vc_custom_1636992923925\"><div class=\"wpb_wrapper\">\t\t<div id=\"wd-64c0f9aa94522\" class=\"wd-text-block wd-wpb reset-last-child wd-rs-64c0f9aa94522 text-left wd-width-custom wd-fontsize-custom vc_custom_1690368455041\">\n\t\t\t<p>Malzemelerin bask\u0131, yap\u0131\u015ft\u0131rma ve laminasyon gibi \u00f6zelliklerini \u00f6l\u00e7menin di\u011fer bir yolu ise malzemelerin temas a\u00e7\u0131s\u0131n\u0131 kontrol etmektir. Temas a\u00e7\u0131s\u0131, bir s\u0131v\u0131 damlas\u0131 ile bir kat\u0131 aras\u0131ndaki yap\u0131\u015fma y\u00fczeyini tan\u0131mlayan \u00e7izgi \u00fczerinde olu\u015fturulur.<\/p>\n\t\t<\/div>\n\t\t<\/div><\/div><\/div><div class=\"wpb_column vc_column_container vc_col-sm-12 vc_col-lg-7 vc_col-md-6 vc_col-xs-12 wd-rs-619256d95baa1\"><div class=\"vc_column-inner vc_custom_1636980448414\"><div class=\"wpb_wrapper\">\t\t<div id=\"wd-64b458e95684b\" data-parallax='{\"x\":\"-80\",\"y\":\"-1\",\"smoothness\":\"30\"}' class=\"wd-image wd-wpb wd-rs-64b458e95684b text-center vc_custom_1689540851378\">\n\t\t\t\n\t\t\t<img loading=\"lazy\" decoding=\"async\" width=\"286\" height=\"216\" src=\"https:\/\/aismuhendislik.com\/wp-content\/uploads\/2023\/07\/teknoloji-korono-plazma-4.jpg\" class=\"attachment-full\" alt=\"\" title=\"teknoloji-korono-plazma-4\" srcset=\"https:\/\/aismuhendislik.com\/wp-content\/uploads\/2023\/07\/teknoloji-korono-plazma-4.jpg 286w, https:\/\/aismuhendislik.com\/wp-content\/uploads\/2023\/07\/teknoloji-korono-plazma-4-150x113.jpg 150w\" sizes=\"auto, (max-width: 286px) 100vw, 286px\" \/>\n\t\t\t\t\t<\/div>\n\t\t<\/div><\/div><\/div><\/div><div class=\"vc_row wpb_row vc_row-fluid\"><div class=\"wpb_column vc_column_container vc_col-sm-12\"><div class=\"vc_column-inner\"><div class=\"wpb_wrapper\">\n\t<div class=\"wpb_text_column wpb_content_element\" >\n\t\t<div class=\"wpb_wrapper\">\n\t\t\t<p>Temas a\u00e7\u0131s\u0131 0\u00b0 \u2018ye yakla\u015ft\u0131\u011f\u0131nda ve s\u0131v\u0131 tamamen \u201cyay\u0131ld\u0131\u011f\u0131nda\u201d tam \u0131slanabilirlik elde edilir.<\/p>\n<p>Temas a\u00e7\u0131s\u0131 180\u00b0 \u2018ye yakla\u015ft\u0131\u011f\u0131nda ve s\u0131v\u0131 formlar d\u00fc\u015ft\u00fc\u011f\u00fcnde zay\u0131f \u0131slanabilirlik elde edilir.<\/p>\n\n\t\t<\/div>\n\t<\/div>\n\t\t\t<div id=\"carousel-511\" class=\"wd-carousel-container info-box-carousel-wrapper  wd-carousel-spacing-30\" data-owl-carousel data-hide_pagination_control=\"no\" data-hide_prev_next_buttons=\"no\" data-dragEndSpeed=\"600\" data-desktop=\"4\" data-tablet_landscape=\"4\" data-tablet=\"3\" data-mobile=\"1\">\n\t\t\t\t<div class=\"owl-carousel wd-owl info-box-carousel  wd-rs-64b90b8138a77  owl-items-lg-4 owl-items-md-4 owl-items-sm-3 owl-items-xs-1\" >\n\t\t\t\t\t\t\t\t\t<\/div>\n\t\t\t<\/div>\n\t\t<\/div><\/div><\/div><\/div><div data-vc-full-width=\"true\" data-vc-full-width-init=\"false\" class=\"vc_row wpb_row vc_row-fluid vc_custom_1638374520038 vc_row-has-fill wd-rs-61a79c71cd85f\"><div class=\"wpb_column vc_column_container vc_col-sm-12\"><div class=\"vc_column-inner vc_custom_1538060486358\"><div class=\"wpb_wrapper\">\n\t\t<div id=\"wd-64b90fd1d5487\" class=\"title-wrapper wd-wpb set-mb-s reset-last-child  wd-animation-slide-from-bottom wd-animation-normal wd-rs-64b90fd1d5487 wd-title-color-default wd-title-style-default text-center  wd-underline-colored\">\n\t\t\t\n\t\t\t<div class=\"liner-continer\">\n\t\t\t\t<h4 class=\"woodmart-title-container title  wd-font-weight- wd-fontsize-xxl\" >Plazma Uygulama Alanlar\u0131<\/h4>\n\t\t\t\t\t\t\t<\/div>\n\t\t\t\n\t\t\t\n\t\t\t\n\t\t<\/div>\n\t\t\n\t\t<div class=\"vc_row wpb_row vc_inner vc_row-fluid vc_row-o-content-top vc_row-flex wd-rs-61a79c7e70f0a\"><div class=\"wpb_column vc_column_container vc_col-sm-3 wd-rs-61a79c7af1527\"><div class=\"vc_column-inner vc_custom_1638374524165\"><div class=\"wpb_wrapper\">\t\t\t<div class=\"info-box-wrapper\">\n\t\t\t\t<div id=\"wd-64b910051d838\" class=\" wd-rs-64b910051d838 wd-info-box wd-wpb text-center box-icon-align-top box-style-bg-hover color-scheme-dark wd-bg-none color-scheme-hover-light vc_custom_1689849864863\"  >\n\t\t\t\t\t\t\t\t\t\t\t<div class=\"box-icon-wrapper  box-with-icon box-icon-simple\">\n\t\t\t\t\t\t\t<div class=\"info-box-icon\">\n\n\t\t\t\t\t\t\t\n\t\t\t\t\t\t\t\t\t\t\t\t\t\t\t\t\t<img loading=\"lazy\" decoding=\"async\" width=\"380\" height=\"300\" src=\"https:\/\/aismuhendislik.com\/wp-content\/uploads\/2023\/07\/ais-1-380x300.jpg\" class=\"info-icon image-1 attachment-medium\" alt=\"\" title=\"ais-1\" srcset=\"https:\/\/aismuhendislik.com\/wp-content\/uploads\/2023\/07\/ais-1-380x300.jpg 380w, https:\/\/aismuhendislik.com\/wp-content\/uploads\/2023\/07\/ais-1-1014x800.jpg 1014w, https:\/\/aismuhendislik.com\/wp-content\/uploads\/2023\/07\/ais-1-768x606.jpg 768w, https:\/\/aismuhendislik.com\/wp-content\/uploads\/2023\/07\/ais-1-860x679.jpg 860w, https:\/\/aismuhendislik.com\/wp-content\/uploads\/2023\/07\/ais-1-430x339.jpg 430w, https:\/\/aismuhendislik.com\/wp-content\/uploads\/2023\/07\/ais-1-700x552.jpg 700w, https:\/\/aismuhendislik.com\/wp-content\/uploads\/2023\/07\/ais-1-150x118.jpg 150w, https:\/\/aismuhendislik.com\/wp-content\/uploads\/2023\/07\/ais-1.jpg 1077w\" sizes=\"auto, (max-width: 380px) 100vw, 380px\" \/>\t\t\t\t\t\t\t\t\t\t\t\t\t\t\t\n\t\t\t\t\t\t\t<\/div>\n\t\t\t\t\t\t<\/div>\n\t\t\t\t\t\t\t\t\t\t<div class=\"info-box-content\">\n\t\t\t\t\t\t<h4 class=\"info-box-title title box-title-style-default wd-fontsize-m\">Ambalajlama<\/h4>\t\t\t\t\t\t<div class=\"info-box-inner set-cont-mb-s reset-last-child\">\n\t\t\t\t\t\t\t\t\t\t\t\t\t<\/div>\n\n\t\t\t\t\t\t\t\t\t\t\t<\/div>\n\n\t\t\t\t\t<style><\/style>\t\t\t\t<\/div>\n\t\t\t<\/div>\n\t\t<\/div><\/div><\/div><div class=\"wpb_column vc_column_container vc_col-sm-3\"><div class=\"vc_column-inner vc_custom_1538146421415\"><div class=\"wpb_wrapper\">\t\t\t<div class=\"info-box-wrapper\">\n\t\t\t\t<div id=\"wd-64b9100b97a21\" class=\" wd-rs-64b9100b97a21 wd-info-box wd-wpb text-center box-icon-align-top box-style-bg-hover color-scheme-dark wd-bg-none color-scheme-hover-light vc_custom_1689849870733\"  >\n\t\t\t\t\t\t\t\t\t\t\t<div class=\"box-icon-wrapper  box-with-icon box-icon-simple\">\n\t\t\t\t\t\t\t<div class=\"info-box-icon\">\n\n\t\t\t\t\t\t\t\n\t\t\t\t\t\t\t\t\t\t\t\t\t\t\t\t\t<img loading=\"lazy\" decoding=\"async\" width=\"382\" height=\"300\" src=\"https:\/\/aismuhendislik.com\/wp-content\/uploads\/2023\/07\/ais-2-382x300.jpg\" class=\"info-icon image-1 attachment-medium\" alt=\"\" title=\"ais-2\" srcset=\"https:\/\/aismuhendislik.com\/wp-content\/uploads\/2023\/07\/ais-2-382x300.jpg 382w, https:\/\/aismuhendislik.com\/wp-content\/uploads\/2023\/07\/ais-2-768x603.jpg 768w, https:\/\/aismuhendislik.com\/wp-content\/uploads\/2023\/07\/ais-2-430x338.jpg 430w, https:\/\/aismuhendislik.com\/wp-content\/uploads\/2023\/07\/ais-2-700x550.jpg 700w, https:\/\/aismuhendislik.com\/wp-content\/uploads\/2023\/07\/ais-2-150x118.jpg 150w, https:\/\/aismuhendislik.com\/wp-content\/uploads\/2023\/07\/ais-2.jpg 778w\" sizes=\"auto, (max-width: 382px) 100vw, 382px\" \/>\t\t\t\t\t\t\t\t\t\t\t\t\t\t\t\n\t\t\t\t\t\t\t<\/div>\n\t\t\t\t\t\t<\/div>\n\t\t\t\t\t\t\t\t\t\t<div class=\"info-box-content\">\n\t\t\t\t\t\t<h4 class=\"info-box-title title box-title-style-default wd-fontsize-m\">Bask\u0131<\/h4>\t\t\t\t\t\t<div class=\"info-box-inner set-cont-mb-s reset-last-child\">\n\t\t\t\t\t\t\t\t\t\t\t\t\t<\/div>\n\n\t\t\t\t\t\t\t\t\t\t\t<\/div>\n\n\t\t\t\t\t<style><\/style>\t\t\t\t<\/div>\n\t\t\t<\/div>\n\t\t<\/div><\/div><\/div><div class=\"wpb_column vc_column_container vc_col-sm-3\"><div class=\"vc_column-inner vc_custom_1538146426211\"><div class=\"wpb_wrapper\">\t\t\t<div class=\"info-box-wrapper\">\n\t\t\t\t<div id=\"wd-64b910114b9a7\" class=\" wd-rs-64b910114b9a7 wd-info-box wd-wpb text-center box-icon-align-top box-style-bg-hover color-scheme-dark wd-bg-none color-scheme-hover-light vc_custom_1689849876218\"  >\n\t\t\t\t\t\t\t\t\t\t\t<div class=\"box-icon-wrapper  box-with-icon box-icon-simple\">\n\t\t\t\t\t\t\t<div class=\"info-box-icon\">\n\n\t\t\t\t\t\t\t\n\t\t\t\t\t\t\t\t\t\t\t\t\t\t\t\t\t<img loading=\"lazy\" decoding=\"async\" width=\"280\" height=\"220\" src=\"https:\/\/aismuhendislik.com\/wp-content\/uploads\/2023\/07\/ais-3.jpg\" class=\"info-icon image-1 attachment-medium\" alt=\"\" title=\"ais-3\" srcset=\"https:\/\/aismuhendislik.com\/wp-content\/uploads\/2023\/07\/ais-3.jpg 280w, https:\/\/aismuhendislik.com\/wp-content\/uploads\/2023\/07\/ais-3-150x118.jpg 150w\" sizes=\"auto, (max-width: 280px) 100vw, 280px\" \/>\t\t\t\t\t\t\t\t\t\t\t\t\t\t\t\n\t\t\t\t\t\t\t<\/div>\n\t\t\t\t\t\t<\/div>\n\t\t\t\t\t\t\t\t\t\t<div class=\"info-box-content\">\n\t\t\t\t\t\t<h4 class=\"info-box-title title box-title-style-default wd-fontsize-m\">Otomotiv<\/h4>\t\t\t\t\t\t<div class=\"info-box-inner set-cont-mb-s reset-last-child\">\n\t\t\t\t\t\t\t\t\t\t\t\t\t<\/div>\n\n\t\t\t\t\t\t\t\t\t\t\t<\/div>\n\n\t\t\t\t\t<style><\/style>\t\t\t\t<\/div>\n\t\t\t<\/div>\n\t\t<\/div><\/div><\/div><div class=\"wpb_column vc_column_container vc_col-sm-3\"><div class=\"vc_column-inner vc_custom_1538146390672\"><div class=\"wpb_wrapper\">\t\t\t<div class=\"info-box-wrapper\">\n\t\t\t\t<div id=\"wd-64b91016a796b\" class=\" wd-rs-64b91016a796b wd-info-box wd-wpb text-center box-icon-align-top box-style-bg-hover color-scheme-dark wd-bg-none color-scheme-hover-light vc_custom_1689849881907\"  >\n\t\t\t\t\t\t\t\t\t\t\t<div class=\"box-icon-wrapper  box-with-icon box-icon-simple\">\n\t\t\t\t\t\t\t<div class=\"info-box-icon\">\n\n\t\t\t\t\t\t\t\n\t\t\t\t\t\t\t\t\t\t\t\t\t\t\t\t\t<img loading=\"lazy\" decoding=\"async\" width=\"280\" height=\"219\" src=\"https:\/\/aismuhendislik.com\/wp-content\/uploads\/2023\/07\/ais-4.jpg\" class=\"info-icon image-1 attachment-medium\" alt=\"\" title=\"ais-4\" srcset=\"https:\/\/aismuhendislik.com\/wp-content\/uploads\/2023\/07\/ais-4.jpg 280w, https:\/\/aismuhendislik.com\/wp-content\/uploads\/2023\/07\/ais-4-150x117.jpg 150w\" sizes=\"auto, (max-width: 280px) 100vw, 280px\" \/>\t\t\t\t\t\t\t\t\t\t\t\t\t\t\t\n\t\t\t\t\t\t\t<\/div>\n\t\t\t\t\t\t<\/div>\n\t\t\t\t\t\t\t\t\t\t<div class=\"info-box-content\">\n\t\t\t\t\t\t<h4 class=\"info-box-title title box-title-style-default wd-fontsize-m\">Tel & Kablo<\/h4>\t\t\t\t\t\t<div class=\"info-box-inner set-cont-mb-s reset-last-child\">\n\t\t\t\t\t\t\t\t\t\t\t\t\t<\/div>\n\n\t\t\t\t\t\t\t\t\t\t\t<\/div>\n\n\t\t\t\t\t<style><\/style>\t\t\t\t<\/div>\n\t\t\t<\/div>\n\t\t<\/div><\/div><\/div><\/div><div class=\"vc_row wpb_row vc_inner vc_row-fluid vc_row-o-content-top vc_row-flex wd-rs-61a79c7e70f0a\"><div class=\"wpb_column vc_column_container vc_col-sm-3 wd-rs-61a79c7af1527\"><div class=\"vc_column-inner vc_custom_1638374524165\"><div class=\"wpb_wrapper\">\t\t\t<div class=\"info-box-wrapper\">\n\t\t\t\t<div id=\"wd-64b90e62e01b1\" class=\" wd-rs-64b90e62e01b1 wd-info-box wd-wpb text-center box-icon-align-top box-style-bg-hover color-scheme-dark wd-bg-none color-scheme-hover-light vc_custom_1689849472930\"  >\n\t\t\t\t\t\t\t\t\t\t\t<div class=\"box-icon-wrapper  box-with-icon box-icon-simple\">\n\t\t\t\t\t\t\t<div class=\"info-box-icon\">\n\n\t\t\t\t\t\t\t\n\t\t\t\t\t\t\t\t\t\t\t\t\t\t\t\t\t<img loading=\"lazy\" decoding=\"async\" width=\"280\" height=\"220\" src=\"https:\/\/aismuhendislik.com\/wp-content\/uploads\/2023\/07\/ais-5.jpg\" class=\"info-icon image-1 attachment-medium\" alt=\"\" title=\"ais-5\" srcset=\"https:\/\/aismuhendislik.com\/wp-content\/uploads\/2023\/07\/ais-5.jpg 280w, https:\/\/aismuhendislik.com\/wp-content\/uploads\/2023\/07\/ais-5-150x118.jpg 150w\" sizes=\"auto, (max-width: 280px) 100vw, 280px\" \/>\t\t\t\t\t\t\t\t\t\t\t\t\t\t\t\n\t\t\t\t\t\t\t<\/div>\n\t\t\t\t\t\t<\/div>\n\t\t\t\t\t\t\t\t\t\t<div class=\"info-box-content\">\n\t\t\t\t\t\t<h4 class=\"info-box-title title box-title-style-default wd-fontsize-m\">Elektronik<\/h4>\t\t\t\t\t\t<div class=\"info-box-inner set-cont-mb-s reset-last-child\">\n\t\t\t\t\t\t\t\t\t\t\t\t\t<\/div>\n\n\t\t\t\t\t\t\t\t\t\t\t<\/div>\n\n\t\t\t\t\t<style><\/style>\t\t\t\t<\/div>\n\t\t\t<\/div>\n\t\t<\/div><\/div><\/div><div class=\"wpb_column vc_column_container vc_col-sm-3\"><div class=\"vc_column-inner vc_custom_1538146421415\"><div class=\"wpb_wrapper\">\t\t\t<div class=\"info-box-wrapper\">\n\t\t\t\t<div id=\"wd-64b90e8db826b\" class=\" wd-rs-64b90e8db826b wd-info-box wd-wpb text-center box-icon-align-top box-style-bg-hover color-scheme-dark wd-bg-none color-scheme-hover-light vc_custom_1689849513754\"  >\n\t\t\t\t\t\t\t\t\t\t\t<div class=\"box-icon-wrapper  box-with-icon box-icon-simple\">\n\t\t\t\t\t\t\t<div class=\"info-box-icon\">\n\n\t\t\t\t\t\t\t\n\t\t\t\t\t\t\t\t\t\t\t\t\t\t\t\t\t<img loading=\"lazy\" decoding=\"async\" width=\"280\" height=\"220\" src=\"https:\/\/aismuhendislik.com\/wp-content\/uploads\/2023\/07\/ais-6.jpg\" class=\"info-icon image-1 attachment-medium\" alt=\"\" title=\"ais-6\" srcset=\"https:\/\/aismuhendislik.com\/wp-content\/uploads\/2023\/07\/ais-6.jpg 280w, https:\/\/aismuhendislik.com\/wp-content\/uploads\/2023\/07\/ais-6-150x118.jpg 150w\" sizes=\"auto, (max-width: 280px) 100vw, 280px\" \/>\t\t\t\t\t\t\t\t\t\t\t\t\t\t\t\n\t\t\t\t\t\t\t<\/div>\n\t\t\t\t\t\t<\/div>\n\t\t\t\t\t\t\t\t\t\t<div class=\"info-box-content\">\n\t\t\t\t\t\t<h4 class=\"info-box-title title box-title-style-default wd-fontsize-m\">T\u0131bbi<\/h4>\t\t\t\t\t\t<div class=\"info-box-inner set-cont-mb-s reset-last-child\">\n\t\t\t\t\t\t\t\t\t\t\t\t\t<\/div>\n\n\t\t\t\t\t\t\t\t\t\t\t<\/div>\n\n\t\t\t\t\t<style><\/style>\t\t\t\t<\/div>\n\t\t\t<\/div>\n\t\t<\/div><\/div><\/div><div class=\"wpb_column vc_column_container vc_col-sm-3\"><div class=\"vc_column-inner vc_custom_1538146426211\"><div class=\"wpb_wrapper\">\t\t\t<div class=\"info-box-wrapper\">\n\t\t\t\t<div id=\"wd-64b90f856517f\" class=\" wd-rs-64b90f856517f wd-info-box wd-wpb text-center box-icon-align-top box-style-bg-hover color-scheme-dark wd-bg-none color-scheme-hover-light vc_custom_1689849770588\"  >\n\t\t\t\t\t\t\t\t\t\t\t<div class=\"box-icon-wrapper  box-with-icon box-icon-simple\">\n\t\t\t\t\t\t\t<div class=\"info-box-icon\">\n\n\t\t\t\t\t\t\t\n\t\t\t\t\t\t\t\t\t\t\t\t\t\t\t\t\t<img loading=\"lazy\" decoding=\"async\" width=\"381\" height=\"300\" src=\"https:\/\/aismuhendislik.com\/wp-content\/uploads\/2023\/07\/ais-7.jpg\" class=\"info-icon image-1 attachment-medium\" alt=\"\" title=\"ais-7\" srcset=\"https:\/\/aismuhendislik.com\/wp-content\/uploads\/2023\/07\/ais-7.jpg 381w, https:\/\/aismuhendislik.com\/wp-content\/uploads\/2023\/07\/ais-7-150x118.jpg 150w\" sizes=\"auto, (max-width: 381px) 100vw, 381px\" \/>\t\t\t\t\t\t\t\t\t\t\t\t\t\t\t\n\t\t\t\t\t\t\t<\/div>\n\t\t\t\t\t\t<\/div>\n\t\t\t\t\t\t\t\t\t\t<div class=\"info-box-content\">\n\t\t\t\t\t\t<h4 class=\"info-box-title title box-title-style-default wd-fontsize-m\">Bataryalar & Elektrik<\/h4>\t\t\t\t\t\t<div class=\"info-box-inner set-cont-mb-s reset-last-child\">\n\t\t\t\t\t\t\t\t\t\t\t\t\t<\/div>\n\n\t\t\t\t\t\t\t\t\t\t\t<\/div>\n\n\t\t\t\t\t<style><\/style>\t\t\t\t<\/div>\n\t\t\t<\/div>\n\t\t<\/div><\/div><\/div><div class=\"wpb_column vc_column_container vc_col-sm-3\"><div class=\"vc_column-inner vc_custom_1538146390672\"><div class=\"wpb_wrapper\">\t\t\t<div class=\"info-box-wrapper\">\n\t\t\t\t<div id=\"wd-64b90fb2b80be\" class=\" wd-rs-64b90fb2b80be wd-info-box wd-wpb text-center box-icon-align-top box-style-bg-hover color-scheme-dark wd-bg-none color-scheme-hover-light vc_custom_1689849801508\"  >\n\t\t\t\t\t\t\t\t\t\t\t<div class=\"box-icon-wrapper  box-with-icon box-icon-simple\">\n\t\t\t\t\t\t\t<div class=\"info-box-icon\">\n\n\t\t\t\t\t\t\t\n\t\t\t\t\t\t\t\t\t\t\t\t\t\t\t\t\t<img loading=\"lazy\" decoding=\"async\" width=\"280\" height=\"220\" src=\"https:\/\/aismuhendislik.com\/wp-content\/uploads\/2023\/07\/ais-8.jpg\" class=\"info-icon image-1 attachment-medium\" alt=\"\" title=\"ais-8\" srcset=\"https:\/\/aismuhendislik.com\/wp-content\/uploads\/2023\/07\/ais-8.jpg 280w, https:\/\/aismuhendislik.com\/wp-content\/uploads\/2023\/07\/ais-8-150x118.jpg 150w\" sizes=\"auto, (max-width: 280px) 100vw, 280px\" \/>\t\t\t\t\t\t\t\t\t\t\t\t\t\t\t\n\t\t\t\t\t\t\t<\/div>\n\t\t\t\t\t\t<\/div>\n\t\t\t\t\t\t\t\t\t\t<div class=\"info-box-content\">\n\t\t\t\t\t\t<h4 class=\"info-box-title title box-title-style-default wd-fontsize-m\">Cam & Seramik<\/h4>\t\t\t\t\t\t<div class=\"info-box-inner set-cont-mb-s reset-last-child\">\n\t\t\t\t\t\t\t\t\t\t\t\t\t<\/div>\n\n\t\t\t\t\t\t\t\t\t\t\t<\/div>\n\n\t\t\t\t\t<style><\/style>\t\t\t\t<\/div>\n\t\t\t<\/div>\n\t\t<\/div><\/div><\/div><\/div><\/div><\/div><\/div><\/div><div class=\"vc_row-full-width vc_clearfix\"><\/div>\n<\/section>","protected":false},"excerpt":{"rendered":"KORONA VE PLAZMA TEKNOLOJ\u0130S\u0130 Korona cihaz\u0131 ve plazma cihazlar\u0131 y\u00fczeylerin haz\u0131rlanmas\u0131 i\u015flemleri i\u00e7in kullan\u0131lan \u00e7evre dostu elektriksel cihazlard\u0131r. Bu y\u00f6ntem","protected":false},"author":1,"featured_media":0,"parent":2,"menu_order":0,"comment_status":"closed","ping_status":"closed","template":"","meta":{"footnotes":""},"class_list":["post-9563","page","type-page","status-publish","hentry"],"_links":{"self":[{"href":"http:\/\/aismuhendislik.com\/tr\/wp-json\/wp\/v2\/pages\/9563","targetHints":{"allow":["GET"]}}],"collection":[{"href":"http:\/\/aismuhendislik.com\/tr\/wp-json\/wp\/v2\/pages"}],"about":[{"href":"http:\/\/aismuhendislik.com\/tr\/wp-json\/wp\/v2\/types\/page"}],"author":[{"embeddable":true,"href":"http:\/\/aismuhendislik.com\/tr\/wp-json\/wp\/v2\/users\/1"}],"replies":[{"embeddable":true,"href":"http:\/\/aismuhendislik.com\/tr\/wp-json\/wp\/v2\/comments?post=9563"}],"version-history":[{"count":31,"href":"http:\/\/aismuhendislik.com\/tr\/wp-json\/wp\/v2\/pages\/9563\/revisions"}],"predecessor-version":[{"id":10262,"href":"http:\/\/aismuhendislik.com\/tr\/wp-json\/wp\/v2\/pages\/9563\/revisions\/10262"}],"up":[{"embeddable":true,"href":"http:\/\/aismuhendislik.com\/tr\/wp-json\/wp\/v2\/pages\/2"}],"wp:attachment":[{"href":"http:\/\/aismuhendislik.com\/tr\/wp-json\/wp\/v2\/media?parent=9563"}],"curies":[{"name":"wp","href":"https:\/\/api.w.org\/{rel}","templated":true}]}}