{"id":9449,"date":"2023-06-21T15:13:39","date_gmt":"2023-06-21T15:13:39","guid":{"rendered":"https:\/\/aismuhendislik.com\/?page_id=9449"},"modified":"2023-10-29T14:25:58","modified_gmt":"2023-10-29T14:25:58","slug":"sik-sorulan-sorular","status":"publish","type":"page","link":"http:\/\/aismuhendislik.com\/tr\/sik-sorulan-sorular\/","title":{"rendered":"S\u0131k Sorulan Sorular"},"content":{"rendered":"<section class=\"wpb-content-wrapper\"><div class=\"vc_row wpb_row vc_row-fluid wpb_animate_when_almost_visible wpb_fadeIn fadeIn vc_custom_1494510617612 vc_row-o-equal-height vc_row-flex\"><div class=\"wpb_column vc_column_container vc_col-sm-12 vc_col-xs-11 wd-rs-653e6b66b8fd8\"><div class=\"vc_column-inner vc_custom_1698589556228\"><div class=\"wpb_wrapper\">\n\t\t<div id=\"wd-649324488ffea\" class=\"title-wrapper wd-wpb set-mb-s reset-last-child  wd-rs-649324488ffea wd-title-color-default wd-title-style-default text-left  wd-underline-colored\">\n\t\t\t\t\t\t\t<div class=\"title-subtitle  subtitle-color-default font-default subtitle-style-default wd-font-weight- wd-fontsize-xs\">B\u0130LG\u0130LEND\u0130RME SORULARI<\/div>\n\t\t\t\n\t\t\t<div class=\"liner-continer\">\n\t\t\t\t<h4 class=\"woodmart-title-container title  wd-font-weight- wd-fontsize-l\" >SIK SORULAN SORULAR<\/h4>\n\t\t\t\t\t\t\t<\/div>\n\t\t\t\n\t\t\t\n\t\t\t\n\t\t<\/div>\n\t\t\n\t\t\n\t\t<div id=\"wd-618257e807c2a\" class=\"wd-accordion wd-wpb wd-rs-618257e807c2a  wd-style-default\" data-state=\"first\">\n\t\t\t\t\t\t\t\n\t\t\t\t\n\t\t\t\t<div class=\"wd-accordion-item\">\n\t\t\t\t\t<div class=\"wd-accordion-title wd-active font-text wd-fontsize-s text-left wd-opener-pos-right wd-font-weight-600\" data-accordion-index=\"0\">\n\t\t\t\t\t\t<div class=\"wd-accordion-title-text\">\n\t\t\t\t\t\t\t\t\t\t\t\t\t\t<span>\n\t\t\t\t\t\t\t\t1- Korona ve plazma nedir? Farklar\u0131 nelerdir?\t\t\t\t\t\t\t<\/span>\n\t\t\t\t\t\t<\/div>\n\t\t\t\t\t\t<span class=\"wd-accordion-opener wd-opener-style-arrow\"><\/span>\n\t\t\t\t\t<\/div>\n\n\t\t\t\t\t<div class=\"wd-accordion-content reset-last-child wd-active\" data-accordion-index=\"0\">\n\t\t\t\t\t\t\t\t\t\t\t\t\t\n<ul>\n<li>Korona ve plazma cihazlar\u0131 malzemenin y\u00fczey enerjilerinin artt\u0131r\u0131lmas\u0131 amac\u0131yla kullan\u0131lan cihazlard\u0131r.<br \/>\nTerim olarak korona ve plazma Jet , maddenin plazma halinin 2 farkl\u0131 \u00e7e\u015fididir.<\/li>\n<li>Korona cihaz\u0131 : 10 mm &#8211; 3500 mm aral\u0131\u011f\u0131ndaki geni\u015fliklere sahip film \u015feklinde malzemelerde 100 micron kal\u0131nl\u0131\u011fa kadar kullan\u0131lan cihazlard\u0131r.<\/li>\n<li>Plazma cihaz\u0131 : Sahip oldu\u011funa nozul adedine ba\u011fl\u0131 olarak nozul ba\u015f\u0131 max 50 mm geni\u015fli\u011fe sahip ve 3 boyutlu malzemelerde kullan\u0131lmaktad\u0131r.<\/li>\n<\/ul>\n<p>&nbsp;<\/p>\n\t\t\t\t\t\t\t\t\t\t\t<\/div>\n\t\t\t\t<\/div>\n\t\t\t\t\t\t\t\n\t\t\t\t\n\t\t\t\t<div class=\"wd-accordion-item\">\n\t\t\t\t\t<div class=\"wd-accordion-title font-text wd-fontsize-s text-left wd-opener-pos-right wd-font-weight-600\" data-accordion-index=\"1\">\n\t\t\t\t\t\t<div class=\"wd-accordion-title-text\">\n\t\t\t\t\t\t\t\t\t\t\t\t\t\t<span>\n\t\t\t\t\t\t\t\t2-Neden korona ve plazmaya ihtiya\u00e7 duyulmaktad\u0131r?\t\t\t\t\t\t\t<\/span>\n\t\t\t\t\t\t<\/div>\n\t\t\t\t\t\t<span class=\"wd-accordion-opener wd-opener-style-arrow\"><\/span>\n\t\t\t\t\t<\/div>\n\n\t\t\t\t\t<div class=\"wd-accordion-content reset-last-child\" data-accordion-index=\"1\">\n\t\t\t\t\t\t\t\t\t\t\t\t\t\n<ul>\n<li>Geli\u015fen teknoloji ile birlikte kimyasal maddelerin kullan\u0131m\u0131n azalt\u0131lmas\u0131 ve maliyetin d\u00fc\u015f\u00fcr\u00fclmesi i\u00e7in korona ve plazma cihazlar\u0131 kullan\u0131lmaya ihtiya\u00e7 duyulmaktad\u0131r.<\/li>\n<li>Yap\u0131\u015ft\u0131rma &#8211; boya ve bask\u0131 \u00f6ncesi: Korona ve plazma cihazlar\u0131 malzeme y\u00fczey enerjisini artt\u0131rarak boya, yap\u0131\u015ft\u0131r\u0131c\u0131 ya da bask\u0131n\u0131n malzeme \u00fczerinde daha iyi tutunmas\u0131n\u0131 sa\u011flamaktad\u0131r.<\/li>\n<\/ul>\n<p>&nbsp;<\/p>\n\t\t\t\t\t\t\t\t\t\t\t<\/div>\n\t\t\t\t<\/div>\n\t\t\t\t\t\t\t\n\t\t\t\t\n\t\t\t\t<div class=\"wd-accordion-item\">\n\t\t\t\t\t<div class=\"wd-accordion-title font-text wd-fontsize-s text-left wd-opener-pos-right wd-font-weight-600\" data-accordion-index=\"2\">\n\t\t\t\t\t\t<div class=\"wd-accordion-title-text\">\n\t\t\t\t\t\t\t\t\t\t\t\t\t\t<span>\n\t\t\t\t\t\t\t\t3-Sekt\u00f6rde hangi alanlarda ne ama\u00e7la kullan\u0131lmaktad\u0131r?\t\t\t\t\t\t\t<\/span>\n\t\t\t\t\t\t<\/div>\n\t\t\t\t\t\t<span class=\"wd-accordion-opener wd-opener-style-arrow\"><\/span>\n\t\t\t\t\t<\/div>\n\n\t\t\t\t\t<div class=\"wd-accordion-content reset-last-child\" data-accordion-index=\"2\">\n\t\t\t\t\t\t\t\t\t\t\t\t\t\n<ul>\n<li>Sekt\u00f6rde bodinoz makinalar\u0131nda, flexo makinalar\u0131nda , sandv\u0131ch panel hatlar\u0131nda, kablo \u00e7ekim hatlar\u0131nda, tekstil sekt\u00f6r\u00fcnde aktif olarak kullan\u0131lmaktad\u0131r.<\/li>\n<li>Bodinoz makinalar\u0131nda; Korona cihazlar\u0131 plastik malzemelerin (PP,PE, t\u00fcm polimer malzemeleri) y\u00fczey enerjisini artt\u0131rarak bask\u0131 \u00f6ncesi haz\u0131rl\u0131k i\u00e7in kullan\u0131l\u0131r.<\/li>\n<li>Flexo Makinalar\u0131nda; primer, tutkal gibi yap\u0131\u015ft\u0131r\u0131c\u0131lar\u0131n ya da bask\u0131n\u0131n malzeme y\u00fczeyine tutunmas\u0131n\u0131 artt\u0131rmak amac\u0131yla kullan\u0131l\u0131r.<\/li>\n<li>Sandv\u0131ch panel hatlar\u0131nda; Korona cihazlar\u0131 sac ile k\u00f6p\u00fck\u00fcn birbirine tutunmas\u0131n\u0131 artt\u0131rmak i\u00e7in kullan\u0131lmaktad\u0131r.<\/li>\n<li>Kablo Hatlar\u0131nda; genellikle plazma cihazlar\u0131 kullan\u0131lmaktad\u0131r. Kablo \u00fczerine yaz\u0131lan yaz\u0131lar\u0131n kal\u0131c\u0131\u011f\u0131n\u0131 sa\u011flamak amac\u0131yla kullan\u0131lmaktad\u0131r.<\/li>\n<li>Tekstil sekt\u00f6r\u00fcnde; boya \u00f6ncesi uygulanan korona i\u015flemi sayesinde hem daha homojen bir renk hem de daha az boya kullan\u0131m\u0131 sa\u011flamaktad\u0131r.<br \/>\nBoyal\u0131 ya da boyas\u0131z kuma\u015f\u0131n su itici \u00f6zelli\u011fi kazanmas\u0131 i\u00e7in de Korona cihazlar\u0131 aktif olarak kullan\u0131lmaktad\u0131r.<\/li>\n<\/ul>\n<p>&nbsp;<\/p>\n\t\t\t\t\t\t\t\t\t\t\t<\/div>\n\t\t\t\t<\/div>\n\t\t\t\t\t\t\t\n\t\t\t\t\n\t\t\t\t<div class=\"wd-accordion-item\">\n\t\t\t\t\t<div class=\"wd-accordion-title font-text wd-fontsize-s text-left wd-opener-pos-right wd-font-weight-600\" data-accordion-index=\"3\">\n\t\t\t\t\t\t<div class=\"wd-accordion-title-text\">\n\t\t\t\t\t\t\t\t\t\t\t\t\t\t<span>\n\t\t\t\t\t\t\t\t4- Cihaz se\u00e7imi yap\u0131l\u0131rken nelere dikkat edilmelidir?\t\t\t\t\t\t\t<\/span>\n\t\t\t\t\t\t<\/div>\n\t\t\t\t\t\t<span class=\"wd-accordion-opener wd-opener-style-arrow\"><\/span>\n\t\t\t\t\t<\/div>\n\n\t\t\t\t\t<div class=\"wd-accordion-content reset-last-child\" data-accordion-index=\"3\">\n\t\t\t\t\t\t\t\t\t\t\t\t\t<p>Cihaz se\u00e7imi yap\u0131l\u0131rken ilgili proses ve kullan\u0131lan malzemenin \u00f6zelli\u011fi referans al\u0131nmaktad\u0131r.<\/p>\n<p>\u00d6rne\u011fin; bodinoz makinalar\u0131nda alum\u0131nyum elektrot kullan\u0131labilirken sandvich panel hatlar\u0131nda seramik elektrot kullan\u0131lmaktad\u0131r.<\/p>\n<p>Do\u011fru cihaz se\u00e7imi hem maliyet hem de uygulama a\u00e7\u0131s\u0131nda olduk\u00e7a \u00f6nemlidir. Bu konuda firmam\u0131z\u0131n uzman kadrosuna dan\u0131\u015fabilirsiniz.<\/p>\n\t\t\t\t\t\t\t\t\t\t\t<\/div>\n\t\t\t\t<\/div>\n\t\t\t\t\t\t\t\n\t\t\t\t\n\t\t\t\t<div class=\"wd-accordion-item\">\n\t\t\t\t\t<div class=\"wd-accordion-title font-text wd-fontsize-s text-left wd-opener-pos-right wd-font-weight-600\" data-accordion-index=\"4\">\n\t\t\t\t\t\t<div class=\"wd-accordion-title-text\">\n\t\t\t\t\t\t\t\t\t\t\t\t\t\t<span>\n\t\t\t\t\t\t\t\t5- Korona ve plazman\u0131n etkisini malzeme y\u00fczeyinde nas\u0131l \u00f6l\u00e7ebiliriz?\t\t\t\t\t\t\t<\/span>\n\t\t\t\t\t\t<\/div>\n\t\t\t\t\t\t<span class=\"wd-accordion-opener wd-opener-style-arrow\"><\/span>\n\t\t\t\t\t<\/div>\n\n\t\t\t\t\t<div class=\"wd-accordion-content reset-last-child\" data-accordion-index=\"4\">\n\t\t\t\t\t\t\t\t\t\t\t\t\t<p>Her malzemenin kendine \u00f6zg\u00fc bir y\u00fczey enerjisi bulunmaktad\u0131r. En d\u00fc\u015f\u00fck malzeme y\u00fczey enerjisi 20 Dyne seviyelerindedir.<\/p>\n<p>Korona ve plazma i\u015flemi sonras\u0131 malzemenin y\u00fczey enerjisini \u00f6l\u00e7mek istersek piyasada Korona Kalemi olarak bilenen ASTM standartlar\u0131na sahip solusyon yada kalemler kullan\u0131lmaktad\u0131r.<\/p>\n<p>\u00d6rne\u011fin; i\u015flem \u00f6ncesi 29 Dyne seviyesindeki polimer malzemenin y\u00fczey enerjisini plazma ya da korona i\u015flemi sonras\u0131 \u00f6l\u00e7mek istersek ihtiyac\u0131m\u0131z olan korona ve plazma seviyesi ka\u00e7 Dyne ise ona uygun bir korona kalemi kullanmal\u0131d\u0131r. Bu seviye 30 dan ba\u015flay\u0131p 72 Dyne seviyesine kadar \u00f6l\u00e7\u00fclebilmektedir.<\/p>\n\t\t\t\t\t\t\t\t\t\t\t<\/div>\n\t\t\t\t<\/div>\n\t\t\t\t\t\t\t\n\t\t\t\t\n\t\t\t\t<div class=\"wd-accordion-item\">\n\t\t\t\t\t<div class=\"wd-accordion-title font-text wd-fontsize-s text-left wd-opener-pos-right wd-font-weight-600\" data-accordion-index=\"5\">\n\t\t\t\t\t\t<div class=\"wd-accordion-title-text\">\n\t\t\t\t\t\t\t\t\t\t\t\t\t\t<span>\n\t\t\t\t\t\t\t\t6-Korona ve plazma cihazlar\u0131n\u0131n bak\u0131mlar\u0131 nas\u0131l yap\u0131lmal\u0131d\u0131r?\t\t\t\t\t\t\t<\/span>\n\t\t\t\t\t\t<\/div>\n\t\t\t\t\t\t<span class=\"wd-accordion-opener wd-opener-style-arrow\"><\/span>\n\t\t\t\t\t<\/div>\n\n\t\t\t\t\t<div class=\"wd-accordion-content reset-last-child\" data-accordion-index=\"5\">\n\t\t\t\t\t\t\t\t\t\t\t\t\t<p>Korona Cihaz\u0131 Bak\u0131m\u0131:<\/p>\n<ul>\n<li>Korona bak\u0131m k\u0131lavuzumuza ana sayfadaki bilgi bankas\u0131ndan ula\u015fabilirsiniz.<\/li>\n<\/ul>\n<p>Plazma Cihaz\u0131 Bak\u0131m\u0131:<\/p>\n<ul>\n<li>Nozulun temiz olmas\u0131 ve temiz havan\u0131n yeterli miktarda cihaza ula\u015fabilir olas\u0131 gerekmektedir.<\/li>\n<li>6 ayl\u0131k periyotlarda nozul de\u011fi\u015fmesi gerekmektedir.<\/li>\n<\/ul>\n<p>&nbsp;<\/p>\n\t\t\t\t\t\t\t\t\t\t\t<\/div>\n\t\t\t\t<\/div>\n\t\t\t\t\t\t\t\n\t\t\t\t\n\t\t\t\t<div class=\"wd-accordion-item\">\n\t\t\t\t\t<div class=\"wd-accordion-title font-text wd-fontsize-s text-left wd-opener-pos-right wd-font-weight-600\" data-accordion-index=\"6\">\n\t\t\t\t\t\t<div class=\"wd-accordion-title-text\">\n\t\t\t\t\t\t\t\t\t\t\t\t\t\t<span>\n\t\t\t\t\t\t\t\t7-Korona ve plazma cihazlar\u0131n\u0131n i\u015fletme maliyetleri y\u00fcksek midir?\t\t\t\t\t\t\t<\/span>\n\t\t\t\t\t\t<\/div>\n\t\t\t\t\t\t<span class=\"wd-accordion-opener wd-opener-style-arrow\"><\/span>\n\t\t\t\t\t<\/div>\n\n\t\t\t\t\t<div class=\"wd-accordion-content reset-last-child\" data-accordion-index=\"6\">\n\t\t\t\t\t\t\t\t\t\t\t\t\t<p>Uzman m\u00fchendis kadromuz taraf\u0131ndan tasarlanan Korona ve plazma cihazlar\u0131m\u0131z piyasadaki di\u011fer cihazlara oranla daha az enerji t\u00fcketmektedir.<\/p>\n<p>Igbt teknolojise sahip cihaz\u0131m\u0131z\u0131n kart tasar\u0131m\u0131 ve imalat\u0131 yine uzman kadrolar\u0131m\u0131z taraf\u0131ndan yap\u0131lmaktad\u0131r.<\/p>\n\t\t\t\t\t\t\t\t\t\t\t<\/div>\n\t\t\t\t<\/div>\n\t\t\t\t\t\t\t\n\t\t\t\t\n\t\t\t\t<div class=\"wd-accordion-item\">\n\t\t\t\t\t<div class=\"wd-accordion-title font-text wd-fontsize-s text-left wd-opener-pos-right wd-font-weight-600\" data-accordion-index=\"7\">\n\t\t\t\t\t\t<div class=\"wd-accordion-title-text\">\n\t\t\t\t\t\t\t\t\t\t\t\t\t\t<span>\n\t\t\t\t\t\t\t\t8- Nas\u0131l teknik destek alabiliriz?\t\t\t\t\t\t\t<\/span>\n\t\t\t\t\t\t<\/div>\n\t\t\t\t\t\t<span class=\"wd-accordion-opener wd-opener-style-arrow\"><\/span>\n\t\t\t\t\t<\/div>\n\n\t\t\t\t\t<div class=\"wd-accordion-content reset-last-child\" data-accordion-index=\"7\">\n\t\t\t\t\t\t\t\t\t\t\t\t\t\n<ul>\n<li>Web sitemizdeki numaralardan bizlere her t\u00fcrl\u00fc sorununuz i\u00e7in ula\u015fabilirsiniz. Teknik ekibimiz 7\/24 sizlere destek olacakt\u0131r.<\/li>\n<li>Mevcutta kulland\u0131\u011f\u0131n\u0131z farkl\u0131 markalara ait korona cihazlar\u0131n\u0131 i\u00e7in yerinizde ya da fabrikam\u0131zda tamir ve bak\u0131m hizmeti vermekteyiz.<\/li>\n<li>Talepleriniz do\u011frultusunda bize y\u00f6nlendirdi\u011finiz numunelerle labaratuar\u0131m\u0131zda yapt\u0131\u011f\u0131m\u0131z korona testleri sonu\u00e7lar\u0131 sizlerle payla\u015f\u0131lmaktad\u0131r.<\/li>\n<\/ul>\n<p>&nbsp;<\/p>\n\t\t\t\t\t\t\t\t\t\t\t<\/div>\n\t\t\t\t<\/div>\n\t\t\t\t\t\t\t\t\t\t\t\t\t\t<\/div>\n\n\t\t<\/div><\/div><\/div><\/div>\n<\/section>","protected":false},"excerpt":{"rendered":"B\u0130LG\u0130LEND\u0130RME SORULARI SIK SORULAN SORULAR 1- Korona ve plazma nedir? Farklar\u0131 nelerdir? Korona ve plazma cihazlar\u0131 malzemenin y\u00fczey enerjilerinin artt\u0131r\u0131lmas\u0131","protected":false},"author":1,"featured_media":0,"parent":0,"menu_order":0,"comment_status":"closed","ping_status":"closed","template":"","meta":{"footnotes":""},"class_list":["post-9449","page","type-page","status-publish","hentry"],"_links":{"self":[{"href":"http:\/\/aismuhendislik.com\/tr\/wp-json\/wp\/v2\/pages\/9449","targetHints":{"allow":["GET"]}}],"collection":[{"href":"http:\/\/aismuhendislik.com\/tr\/wp-json\/wp\/v2\/pages"}],"about":[{"href":"http:\/\/aismuhendislik.com\/tr\/wp-json\/wp\/v2\/types\/page"}],"author":[{"embeddable":true,"href":"http:\/\/aismuhendislik.com\/tr\/wp-json\/wp\/v2\/users\/1"}],"replies":[{"embeddable":true,"href":"http:\/\/aismuhendislik.com\/tr\/wp-json\/wp\/v2\/comments?post=9449"}],"version-history":[{"count":31,"href":"http:\/\/aismuhendislik.com\/tr\/wp-json\/wp\/v2\/pages\/9449\/revisions"}],"predecessor-version":[{"id":9967,"href":"http:\/\/aismuhendislik.com\/tr\/wp-json\/wp\/v2\/pages\/9449\/revisions\/9967"}],"wp:attachment":[{"href":"http:\/\/aismuhendislik.com\/tr\/wp-json\/wp\/v2\/media?parent=9449"}],"curies":[{"name":"wp","href":"https:\/\/api.w.org\/{rel}","templated":true}]}}