{"id":9922,"date":"2023-08-17T13:52:58","date_gmt":"2023-08-17T13:52:58","guid":{"rendered":"https:\/\/aismuhendislik.com\/?page_id=9922"},"modified":"2025-04-18T16:24:02","modified_gmt":"2025-04-18T13:24:02","slug":"kataloglar","status":"publish","type":"page","link":"http:\/\/aismuhendislik.com\/en\/kataloglar\/","title":{"rendered":"Catalogs"},"content":{"rendered":"<section class=\"wpb-content-wrapper\"><div class=\"vc_row wpb_row vc_row-fluid\"><div class=\"wpb_column vc_column_container vc_col-sm-12\"><div class=\"vc_column-inner\"><div class=\"wpb_wrapper\">\n\t\t<div id=\"wd-64de2648b626b\" class=\"title-wrapper wd-wpb set-mb-s reset-last-child  wd-rs-64de2648b626b wd-title-color-default wd-title-style-default text-center  wd-underline-colored\">\n\t\t\t\n\t\t\t<div class=\"liner-continer\">\n\t\t\t\t<h4 class=\"woodmart-title-container title  wd-font-weight- wd-fontsize-l\" >CATALOGS<\/h4>\n\t\t\t\t\t\t\t<\/div>\n\t\t\t\n\t\t\t\n\t\t\t\n\t\t<\/div>\n\t\t\n\t\t<\/div><\/div><\/div><\/div><div class=\"vc_row wpb_row vc_row-fluid\"><div class=\"wpb_column vc_column_container vc_col-sm-4\"><div class=\"vc_column-inner\"><div class=\"wpb_wrapper\">\t\t\t<div class=\"info-box-wrapper\">\n\t\t\t\t<div id=\"wd-674dc53f800d4\" class=\"wd-rs-674dc53f800d4 cursor-pointer wd-info-box wd-wpb text-center box-icon-align-top box-style- color-scheme- wd-bg-none\"  onclick=\"window.open(&quot;https:\/\/aismuhendislik.com\/wp-content\/uploads\/2024\/12\/AIS-MONO-FILM-KORONA.pdf&quot;,&quot;_blank&quot;)\"  >\n\t\t\t\t\t\t\t\t\t\t\t<div class=\"box-icon-wrapper  box-with-icon box-icon-with-border\">\n\t\t\t\t\t\t\t<div class=\"info-box-icon\">\n\n\t\t\t\t\t\t\t\n\t\t\t\t\t\t\t\t\t\t\t\t\t\t\t\t\t<img loading=\"lazy\" decoding=\"async\" width=\"150\" height=\"150\" src=\"https:\/\/aismuhendislik.com\/wp-content\/uploads\/2023\/10\/ais1-3-150x150.webp\" class=\"info-icon image-1 attachment-thumbnail\" alt=\"\" title=\"ais1 3\" srcset=\"https:\/\/aismuhendislik.com\/wp-content\/uploads\/2023\/10\/ais1-3-150x150.webp 150w, https:\/\/aismuhendislik.com\/wp-content\/uploads\/2023\/10\/ais1-3-300x300.webp 300w, https:\/\/aismuhendislik.com\/wp-content\/uploads\/2023\/10\/ais1-3-800x800.webp 800w, https:\/\/aismuhendislik.com\/wp-content\/uploads\/2023\/10\/ais1-3-768x768.webp 768w, https:\/\/aismuhendislik.com\/wp-content\/uploads\/2023\/10\/ais1-3-860x860.webp 860w, https:\/\/aismuhendislik.com\/wp-content\/uploads\/2023\/10\/ais1-3-430x430.webp 430w, https:\/\/aismuhendislik.com\/wp-content\/uploads\/2023\/10\/ais1-3-700x700.webp 700w, https:\/\/aismuhendislik.com\/wp-content\/uploads\/2023\/10\/ais1-3.webp 1000w\" sizes=\"auto, (max-width: 150px) 100vw, 150px\" \/>\t\t\t\t\t\t\t\t\t\t\t\t\t\t\t\n\t\t\t\t\t\t\t<\/div>\n\t\t\t\t\t\t<\/div>\n\t\t\t\t\t\t\t\t\t\t<div class=\"info-box-content\">\n\t\t\t\t\t\t<h4 class=\"info-box-title title box-title-style-underlined wd-fontsize-m\">A\u0130S MONO FILM CORONA<\/h4>\t\t\t\t\t\t<div class=\"info-box-inner set-cont-mb-s reset-last-child\">\n\t\t\t\t\t\t\t\t\t\t\t\t\t<\/div>\n\n\t\t\t\t\t\t\t\t\t\t\t<\/div>\n\n\t\t\t\t\t\t\t\t\t<\/div>\n\t\t\t<\/div>\n\t\t<\/div><\/div><\/div><div class=\"wpb_column vc_column_container vc_col-sm-4\"><div class=\"vc_column-inner\"><div class=\"wpb_wrapper\">\t\t\t<div class=\"info-box-wrapper\">\n\t\t\t\t<div id=\"wd-674dc56fa1e8d\" class=\"wd-rs-674dc56fa1e8d cursor-pointer wd-info-box wd-wpb text-center box-icon-align-top box-style- color-scheme- wd-bg-none\"  onclick=\"window.open(&quot;https:\/\/aismuhendislik.com\/wp-content\/uploads\/2024\/12\/AIS-MULTI-FILM-KORONA.pdf&quot;,&quot;_blank&quot;)\"  >\n\t\t\t\t\t\t\t\t\t\t\t<div class=\"box-icon-wrapper  box-with-icon box-icon-with-border\">\n\t\t\t\t\t\t\t<div class=\"info-box-icon\">\n\n\t\t\t\t\t\t\t\n\t\t\t\t\t\t\t\t\t\t\t\t\t\t\t\t\t<img loading=\"lazy\" decoding=\"async\" width=\"150\" height=\"150\" src=\"https:\/\/aismuhendislik.com\/wp-content\/uploads\/2024\/11\/Ekran-goruntusu-2024-11-14-171547-150x150.png\" class=\"info-icon image-1 attachment-thumbnail\" alt=\"\" title=\"Ekran g\u00f6r\u00fcnt\u00fcs\u00fc 2024-11-14 171547\" \/>\t\t\t\t\t\t\t\t\t\t\t\t\t\t\t\n\t\t\t\t\t\t\t<\/div>\n\t\t\t\t\t\t<\/div>\n\t\t\t\t\t\t\t\t\t\t<div class=\"info-box-content\">\n\t\t\t\t\t\t<h4 class=\"info-box-title title box-title-style-default wd-fontsize-m\">A\u0130S MULTI FILM CORONA<\/h4>\t\t\t\t\t\t<div class=\"info-box-inner set-cont-mb-s reset-last-child\">\n\t\t\t\t\t\t\t\t\t\t\t\t\t<\/div>\n\n\t\t\t\t\t\t\t\t\t\t\t<\/div>\n\n\t\t\t\t\t\t\t\t\t<\/div>\n\t\t\t<\/div>\n\t\t<\/div><\/div><\/div><div class=\"wpb_column vc_column_container vc_col-sm-4\"><div class=\"vc_column-inner\"><div class=\"wpb_wrapper\">\t\t\t<div class=\"info-box-wrapper\">\n\t\t\t\t<div id=\"wd-674dc595dd7d2\" class=\"wd-rs-674dc595dd7d2 cursor-pointer wd-info-box wd-wpb text-center box-icon-align-top box-style- color-scheme- wd-bg-none\"  onclick=\"window.open(&quot;https:\/\/aismuhendislik.com\/wp-content\/uploads\/2024\/12\/AIS-MONO-BLOK-KORONA.pdf&quot;,&quot;_blank&quot;)\"  >\n\t\t\t\t\t\t\t\t\t\t\t<div class=\"box-icon-wrapper  box-with-icon box-icon-with-border\">\n\t\t\t\t\t\t\t<div class=\"info-box-icon\">\n\n\t\t\t\t\t\t\t\n\t\t\t\t\t\t\t\t\t\t\t\t\t\t\t\t\t<img loading=\"lazy\" decoding=\"async\" width=\"150\" height=\"150\" src=\"https:\/\/aismuhendislik.com\/wp-content\/uploads\/2023\/10\/ais3-150x150.webp\" class=\"info-icon image-1 attachment-thumbnail\" alt=\"\" title=\"ais3\" srcset=\"https:\/\/aismuhendislik.com\/wp-content\/uploads\/2023\/10\/ais3-150x150.webp 150w, https:\/\/aismuhendislik.com\/wp-content\/uploads\/2023\/10\/ais3-300x300.webp 300w, https:\/\/aismuhendislik.com\/wp-content\/uploads\/2023\/10\/ais3-800x800.webp 800w, https:\/\/aismuhendislik.com\/wp-content\/uploads\/2023\/10\/ais3-768x768.webp 768w, https:\/\/aismuhendislik.com\/wp-content\/uploads\/2023\/10\/ais3-860x860.webp 860w, https:\/\/aismuhendislik.com\/wp-content\/uploads\/2023\/10\/ais3-430x430.webp 430w, https:\/\/aismuhendislik.com\/wp-content\/uploads\/2023\/10\/ais3-700x700.webp 700w, https:\/\/aismuhendislik.com\/wp-content\/uploads\/2023\/10\/ais3.webp 1000w\" sizes=\"auto, (max-width: 150px) 100vw, 150px\" \/>\t\t\t\t\t\t\t\t\t\t\t\t\t\t\t\n\t\t\t\t\t\t\t<\/div>\n\t\t\t\t\t\t<\/div>\n\t\t\t\t\t\t\t\t\t\t<div class=\"info-box-content\">\n\t\t\t\t\t\t<h4 class=\"info-box-title title box-title-style-default wd-fontsize-m\">A\u0130S MONO BLOCK CORONA<\/h4>\t\t\t\t\t\t<div class=\"info-box-inner set-cont-mb-s reset-last-child\">\n\t\t\t\t\t\t\t\t\t\t\t\t\t<\/div>\n\n\t\t\t\t\t\t\t\t\t\t\t<\/div>\n\n\t\t\t\t\t\t\t\t\t<\/div>\n\t\t\t<\/div>\n\t\t<\/div><\/div><\/div><\/div><div class=\"vc_row wpb_row vc_row-fluid\"><div class=\"wpb_column vc_column_container vc_col-sm-6\"><div class=\"vc_column-inner\"><div class=\"wpb_wrapper\">\t\t\t<div class=\"info-box-wrapper\">\n\t\t\t\t<div id=\"wd-674dc5de3d5b3\" class=\"wd-rs-674dc5de3d5b3 cursor-pointer wd-info-box wd-wpb text-center box-icon-align-top box-style- color-scheme- wd-bg-none\"  onclick=\"window.open(&quot;https:\/\/aismuhendislik.com\/wp-content\/uploads\/2024\/12\/AIS-PLAZMA-SISTEMLERI.pdf&quot;,&quot;_blank&quot;)\"  >\n\t\t\t\t\t\t\t\t\t\t\t<div class=\"box-icon-wrapper  box-with-icon box-icon-with-border\">\n\t\t\t\t\t\t\t<div class=\"info-box-icon\">\n\n\t\t\t\t\t\t\t\n\t\t\t\t\t\t\t\t\t\t\t\t\t\t\t\t\t<img loading=\"lazy\" decoding=\"async\" width=\"150\" height=\"150\" src=\"https:\/\/aismuhendislik.com\/wp-content\/uploads\/2024\/11\/Ekran-goruntusu-2024-11-14-170618-150x150.png\" class=\"info-icon image-1 attachment-thumbnail\" alt=\"\" title=\"Ekran g\u00f6r\u00fcnt\u00fcs\u00fc 2024-11-14 170618\" srcset=\"https:\/\/aismuhendislik.com\/wp-content\/uploads\/2024\/11\/Ekran-goruntusu-2024-11-14-170618-150x150.png 150w, https:\/\/aismuhendislik.com\/wp-content\/uploads\/2024\/11\/Ekran-goruntusu-2024-11-14-170618-12x12.png 12w\" sizes=\"auto, (max-width: 150px) 100vw, 150px\" \/>\t\t\t\t\t\t\t\t\t\t\t\t\t\t\t\n\t\t\t\t\t\t\t<\/div>\n\t\t\t\t\t\t<\/div>\n\t\t\t\t\t\t\t\t\t\t<div class=\"info-box-content\">\n\t\t\t\t\t\t<h4 class=\"info-box-title title box-title-style-default wd-fontsize-m\">A\u0130S PLASMA SYSTEMS<\/h4>\t\t\t\t\t\t<div class=\"info-box-inner set-cont-mb-s reset-last-child\">\n\t\t\t\t\t\t\t\t\t\t\t\t\t<\/div>\n\n\t\t\t\t\t\t\t\t\t\t\t<\/div>\n\n\t\t\t\t\t\t\t\t\t<\/div>\n\t\t\t<\/div>\n\t\t<\/div><\/div><\/div><div class=\"wpb_column vc_column_container vc_col-sm-6\"><div class=\"vc_column-inner\"><div class=\"wpb_wrapper\">\t\t\t<div class=\"info-box-wrapper\">\n\t\t\t\t<div id=\"wd-6802525abeafe\" class=\"wd-rs-6802525abeafe cursor-pointer wd-info-box wd-wpb text-center box-icon-align-top box-style- color-scheme- wd-bg-none\"  onclick=\"window.open(&quot;https:\/\/aismuhendislik.com\/wp-content\/uploads\/2025\/04\/AIS-MUHENDISLIK-BROSUR-2025-2.pdf&quot;,&quot;_blank&quot;)\"  >\n\t\t\t\t\t\t\t\t\t\t\t<div class=\"box-icon-wrapper  box-with-icon box-icon-with-border\">\n\t\t\t\t\t\t\t<div class=\"info-box-icon\">\n\n\t\t\t\t\t\t\t\n\t\t\t\t\t\t\t\t\t\t\t\t\t\t\t\t\t<img loading=\"lazy\" decoding=\"async\" width=\"150\" height=\"150\" src=\"https:\/\/aismuhendislik.com\/wp-content\/uploads\/2025\/04\/Induksiyon-Katalog-150x150.png\" class=\"info-icon image-1 attachment-thumbnail\" alt=\"\" title=\"\u0130nd\u00fcksiyon Katalog\" \/>\t\t\t\t\t\t\t\t\t\t\t\t\t\t\t\n\t\t\t\t\t\t\t<\/div>\n\t\t\t\t\t\t<\/div>\n\t\t\t\t\t\t\t\t\t\t<div class=\"info-box-content\">\n\t\t\t\t\t\t<h4 class=\"info-box-title title box-title-style-default wd-fontsize-m\">AIS INDUCTION HEATING SYSTEMS<\/h4>\t\t\t\t\t\t<div class=\"info-box-inner set-cont-mb-s reset-last-child\">\n\t\t\t\t\t\t\t\t\t\t\t\t\t<\/div>\n\n\t\t\t\t\t\t\t\t\t\t\t<\/div>\n\n\t\t\t\t\t\t\t\t\t<\/div>\n\t\t\t<\/div>\n\t\t<\/div><\/div><\/div><\/div><div class=\"vc_row wpb_row vc_row-fluid\"><div class=\"wpb_column vc_column_container vc_col-sm-12\"><div class=\"vc_column-inner\"><div class=\"wpb_wrapper\">\n\t<div  class=\"wpb_single_image wpb_content_element vc_align_left\">\n\t\t\n\t\t<figure class=\"wpb_wrapper vc_figure\">\n\t\t\t<div class=\"vc_single_image-wrapper   vc_box_border_grey\"><\/div>\n\t\t<\/figure>\n\t<\/div>\n<\/div><\/div><\/div><\/div>\n<\/section>","protected":false},"excerpt":{"rendered":"KATALOGLAR A\u0130S MONO F\u0130LM KORONA A\u0130S MULT\u0130 F\u0130LM KORONA A\u0130S MONO BLOK KORONA A\u0130S PLAZMA S\u0130STEMLER\u0130 A\u0130S \u0130ND\u00dcKS\u0130YON ISITMA S\u0130STEMLER\u0130","protected":false},"author":1,"featured_media":0,"parent":0,"menu_order":0,"comment_status":"closed","ping_status":"closed","template":"","meta":{"footnotes":""},"class_list":["post-9922","page","type-page","status-publish","hentry"],"_links":{"self":[{"href":"http:\/\/aismuhendislik.com\/en\/wp-json\/wp\/v2\/pages\/9922","targetHints":{"allow":["GET"]}}],"collection":[{"href":"http:\/\/aismuhendislik.com\/en\/wp-json\/wp\/v2\/pages"}],"about":[{"href":"http:\/\/aismuhendislik.com\/en\/wp-json\/wp\/v2\/types\/page"}],"author":[{"embeddable":true,"href":"http:\/\/aismuhendislik.com\/en\/wp-json\/wp\/v2\/users\/1"}],"replies":[{"embeddable":true,"href":"http:\/\/aismuhendislik.com\/en\/wp-json\/wp\/v2\/comments?post=9922"}],"version-history":[{"count":44,"href":"http:\/\/aismuhendislik.com\/en\/wp-json\/wp\/v2\/pages\/9922\/revisions"}],"predecessor-version":[{"id":10570,"href":"http:\/\/aismuhendislik.com\/en\/wp-json\/wp\/v2\/pages\/9922\/revisions\/10570"}],"wp:attachment":[{"href":"http:\/\/aismuhendislik.com\/en\/wp-json\/wp\/v2\/media?parent=9922"}],"curies":[{"name":"wp","href":"https:\/\/api.w.org\/{rel}","templated":true}]}}